{"id":743,"date":"2023-09-27T02:28:54","date_gmt":"2023-09-27T02:28:54","guid":{"rendered":"https:\/\/hotel-grand-saigon.ms2.decms.asia\/about-us\/"},"modified":"2025-08-08T04:14:36","modified_gmt":"2025-08-08T04:14:36","slug":"about-us","status":"publish","type":"page","link":"https:\/\/www.hotelgrandsaigon.com\/vi\/about-us\/","title":{"rendered":"V\u1ec1 Ch\u00fang T\u00f4i"},"content":{"rendered":"<p>L\u00e0 m\u1ed9t trong 3 kh\u00e1ch s\u1ea1n c\u1ed5 t\u1ea1i th\u00e0nh ph\u1ed1 H\u1ed3 Ch\u00ed Minh, v\u1edbi gi\u00e1 tr\u1ecb l\u1ecbch s\u1eed h\u01a1n 90 n\u0103m. Tr\u1ea3i qua th\u1eed th\u00e1ch c\u1ee7a th\u1eddi gian, kh\u00e1ch s\u1ea1n \u0111\u00e3 \u0111\u01b0\u1ee3c tr\u00f9ng tu ho\u00e0n to\u00e0n v\u00e0o n\u0103m 2012 nh\u01b0ng v\u1eabn gi\u1eef \u0111\u01b0\u1ee3c ki\u1ebfn tr\u00fac ti\u00eau bi\u1ec3u c\u1ee7a th\u1eddi k\u00ec thu\u1ed9c \u0111\u1ecba Ph\u00e1p. T\u1ecda l\u1ea1c ngay gi\u1eefa l\u00f2ng th\u00e0nh ph\u1ed1, tr\u00ean tr\u1ee5c \u0111\u01b0\u1eddng l\u1ecbch s\u1eed n\u0103m x\u01b0a, nay l\u00e0 \u0111\u01b0\u1eddng \u0110\u1ed3ng Kh\u1edfi, du kh\u00e1ch s\u1ebd c\u00f3 nhi\u1ec1u thu\u1eadn ti\u1ec7n \u0111\u1ec3 kh\u00e1m ph\u00e1 nh\u1eefng \u0111\u1ecba \u0111i\u1ec3m th\u00fa v\u1ecb xung quanh v\u00e0 ven s\u00f4ng S\u00e0i G\u00f2n.<\/p>\n","protected":false},"excerpt":{"rendered":"<p>L\u00e0 m\u1ed9t trong 3 kh\u00e1ch s\u1ea1n c\u1ed5 t\u1ea1i th\u00e0nh ph\u1ed1 H\u1ed3 Ch\u00ed Minh, v\u1edbi gi\u00e1 tr\u1ecb l\u1ecbch s\u1eed h\u01a1n 90 n\u0103m. Tr\u1ea3i qua th\u1eed th\u00e1ch c\u1ee7a th\u1eddi gian, kh\u00e1ch s\u1ea1n \u0111\u00e3 \u0111\u01b0\u1ee3c tr\u00f9ng tu ho\u00e0n to\u00e0n v\u00e0o n\u0103m 2012 nh\u01b0ng v\u1eabn gi\u1eef \u0111\u01b0\u1ee3c ki\u1ebfn tr\u00fac ti\u00eau bi\u1ec3u c\u1ee7a th\u1eddi k\u00ec thu\u1ed9c \u0111\u1ecba Ph\u00e1p. T\u1ecda l\u1ea1c [&hellip;]<\/p>\n","protected":false},"author":4,"featured_media":739,"parent":0,"menu_order":0,"comment_status":"closed","ping_status":"closed","template":"template-default-2.php","meta":{"footnotes":""},"yoast_head":"<!-- This site is optimized with the Yoast SEO plugin v22.3 - https:\/\/yoast.com\/wordpress\/plugins\/seo\/ -->\n<title>V\u1ec1 Ch\u00fang T\u00f4i - Hotel Grand Saigon<\/title>\n<meta name=\"description\" content=\"L\u00e0 \u0111\u1ecba \u0111i\u1ec3m ngh\u1ec9 d\u01b0\u1ee1ng l\u00e3ng m\u1ea1n t\u1ecda l\u1ea1c ngay gi\u1eefa l\u00f2ng th\u00e0nh ph\u1ed1. V\u1edbi 250 ph\u00f2ng ngh\u1ec9 \u0111\u1ea1t chu\u1ea9n\" \/>\n<meta name=\"robots\" content=\"index, follow, max-snippet:-1, max-image-preview:large, max-video-preview:-1\" \/>\n<link rel=\"canonical\" href=\"https:\/\/www.hotelgrandsaigon.com\/vi\/about-us\/\" \/>\n<meta property=\"og:locale\" content=\"vi_VN\" \/>\n<meta property=\"og:type\" content=\"article\" \/>\n<meta property=\"og:title\" content=\"V\u1ec1 Ch\u00fang T\u00f4i - Hotel Grand Saigon\" \/>\n<meta property=\"og:description\" content=\"L\u00e0 \u0111\u1ecba \u0111i\u1ec3m ngh\u1ec9 d\u01b0\u1ee1ng l\u00e3ng m\u1ea1n t\u1ecda l\u1ea1c ngay gi\u1eefa l\u00f2ng th\u00e0nh ph\u1ed1. V\u1edbi 250 ph\u00f2ng ngh\u1ec9 \u0111\u1ea1t chu\u1ea9n\" \/>\n<meta property=\"og:url\" content=\"https:\/\/www.hotelgrandsaigon.com\/vi\/about-us\/\" \/>\n<meta property=\"og:site_name\" content=\"Hotel Grand Saigon\" \/>\n<meta property=\"article:modified_time\" content=\"2025-08-08T04:14:36+00:00\" \/>\n<meta property=\"og:image\" content=\"https:\/\/www.hotelgrandsaigon.com\/wp-content\/uploads\/sites\/8\/2023\/09\/GRAND-HOTEL-1.jpg\" \/>\n\t<meta property=\"og:image:width\" content=\"698\" \/>\n\t<meta property=\"og:image:height\" content=\"1086\" \/>\n\t<meta property=\"og:image:type\" content=\"image\/jpeg\" \/>\n<meta name=\"twitter:card\" content=\"summary_large_image\" \/>\n<meta name=\"twitter:label1\" content=\"Est. reading time\" \/>\n\t<meta name=\"twitter:data1\" content=\"1 minute\" \/>\n<script type=\"application\/ld+json\" class=\"yoast-schema-graph\">{\"@context\":\"https:\/\/schema.org\",\"@graph\":[{\"@type\":\"WebPage\",\"@id\":\"https:\/\/www.hotelgrandsaigon.com\/vi\/about-us\/\",\"url\":\"https:\/\/www.hotelgrandsaigon.com\/vi\/about-us\/\",\"name\":\"V\u1ec1 Ch\u00fang T\u00f4i - Hotel Grand Saigon\",\"isPartOf\":{\"@id\":\"https:\/\/www.hotelgrandsaigon.com\/vi\/#website\"},\"primaryImageOfPage\":{\"@id\":\"https:\/\/www.hotelgrandsaigon.com\/vi\/about-us\/#primaryimage\"},\"image\":{\"@id\":\"https:\/\/www.hotelgrandsaigon.com\/vi\/about-us\/#primaryimage\"},\"thumbnailUrl\":\"https:\/\/www.hotelgrandsaigon.com\/wp-content\/uploads\/sites\/8\/2023\/09\/GRAND-HOTEL-1.jpg\",\"datePublished\":\"2023-09-27T02:28:54+00:00\",\"dateModified\":\"2025-08-08T04:14:36+00:00\",\"description\":\"L\u00e0 \u0111\u1ecba \u0111i\u1ec3m ngh\u1ec9 d\u01b0\u1ee1ng l\u00e3ng m\u1ea1n t\u1ecda l\u1ea1c ngay gi\u1eefa l\u00f2ng th\u00e0nh ph\u1ed1. V\u1edbi 250 ph\u00f2ng ngh\u1ec9 \u0111\u1ea1t chu\u1ea9n\",\"breadcrumb\":{\"@id\":\"https:\/\/www.hotelgrandsaigon.com\/vi\/about-us\/#breadcrumb\"},\"inLanguage\":\"vi-VN\",\"potentialAction\":[{\"@type\":\"ReadAction\",\"target\":[\"https:\/\/www.hotelgrandsaigon.com\/vi\/about-us\/\"]}]},{\"@type\":\"ImageObject\",\"inLanguage\":\"vi-VN\",\"@id\":\"https:\/\/www.hotelgrandsaigon.com\/vi\/about-us\/#primaryimage\",\"url\":\"https:\/\/www.hotelgrandsaigon.com\/wp-content\/uploads\/sites\/8\/2023\/09\/GRAND-HOTEL-1.jpg\",\"contentUrl\":\"https:\/\/www.hotelgrandsaigon.com\/wp-content\/uploads\/sites\/8\/2023\/09\/GRAND-HOTEL-1.jpg\",\"width\":698,\"height\":1086},{\"@type\":\"BreadcrumbList\",\"@id\":\"https:\/\/www.hotelgrandsaigon.com\/vi\/about-us\/#breadcrumb\",\"itemListElement\":[{\"@type\":\"ListItem\",\"position\":1,\"name\":\"Home\",\"item\":\"https:\/\/www.hotelgrandsaigon.com\/vi\/\"},{\"@type\":\"ListItem\",\"position\":2,\"name\":\"V\u1ec1 Ch\u00fang T\u00f4i\"}]},{\"@type\":\"WebSite\",\"@id\":\"https:\/\/www.hotelgrandsaigon.com\/vi\/#website\",\"url\":\"https:\/\/www.hotelgrandsaigon.com\/vi\/\",\"name\":\"Hotel Grand Saigon\",\"description\":\"\",\"potentialAction\":[{\"@type\":\"SearchAction\",\"target\":{\"@type\":\"EntryPoint\",\"urlTemplate\":\"https:\/\/www.hotelgrandsaigon.com\/vi\/?s={search_term_string}\"},\"query-input\":\"required name=search_term_string\"}],\"inLanguage\":\"vi-VN\"}]}<\/script>\n<!-- \/ Yoast SEO plugin. -->","yoast_head_json":{"title":"V\u1ec1 Ch\u00fang T\u00f4i - Hotel Grand Saigon","description":"L\u00e0 \u0111\u1ecba \u0111i\u1ec3m ngh\u1ec9 d\u01b0\u1ee1ng l\u00e3ng m\u1ea1n t\u1ecda l\u1ea1c ngay gi\u1eefa l\u00f2ng th\u00e0nh ph\u1ed1. V\u1edbi 250 ph\u00f2ng ngh\u1ec9 \u0111\u1ea1t chu\u1ea9n","robots":{"index":"index","follow":"follow","max-snippet":"max-snippet:-1","max-image-preview":"max-image-preview:large","max-video-preview":"max-video-preview:-1"},"canonical":"https:\/\/www.hotelgrandsaigon.com\/vi\/about-us\/","og_locale":"vi_VN","og_type":"article","og_title":"V\u1ec1 Ch\u00fang T\u00f4i - Hotel Grand Saigon","og_description":"L\u00e0 \u0111\u1ecba \u0111i\u1ec3m ngh\u1ec9 d\u01b0\u1ee1ng l\u00e3ng m\u1ea1n t\u1ecda l\u1ea1c ngay gi\u1eefa l\u00f2ng th\u00e0nh ph\u1ed1. V\u1edbi 250 ph\u00f2ng ngh\u1ec9 \u0111\u1ea1t chu\u1ea9n","og_url":"https:\/\/www.hotelgrandsaigon.com\/vi\/about-us\/","og_site_name":"Hotel Grand Saigon","article_modified_time":"2025-08-08T04:14:36+00:00","og_image":[{"width":698,"height":1086,"url":"https:\/\/www.hotelgrandsaigon.com\/wp-content\/uploads\/sites\/8\/2023\/09\/GRAND-HOTEL-1.jpg","type":"image\/jpeg"}],"twitter_card":"summary_large_image","twitter_misc":{"Est. reading time":"1 minute"},"schema":{"@context":"https:\/\/schema.org","@graph":[{"@type":"WebPage","@id":"https:\/\/www.hotelgrandsaigon.com\/vi\/about-us\/","url":"https:\/\/www.hotelgrandsaigon.com\/vi\/about-us\/","name":"V\u1ec1 Ch\u00fang T\u00f4i - Hotel Grand Saigon","isPartOf":{"@id":"https:\/\/www.hotelgrandsaigon.com\/vi\/#website"},"primaryImageOfPage":{"@id":"https:\/\/www.hotelgrandsaigon.com\/vi\/about-us\/#primaryimage"},"image":{"@id":"https:\/\/www.hotelgrandsaigon.com\/vi\/about-us\/#primaryimage"},"thumbnailUrl":"https:\/\/www.hotelgrandsaigon.com\/wp-content\/uploads\/sites\/8\/2023\/09\/GRAND-HOTEL-1.jpg","datePublished":"2023-09-27T02:28:54+00:00","dateModified":"2025-08-08T04:14:36+00:00","description":"L\u00e0 \u0111\u1ecba \u0111i\u1ec3m ngh\u1ec9 d\u01b0\u1ee1ng l\u00e3ng m\u1ea1n t\u1ecda l\u1ea1c ngay gi\u1eefa l\u00f2ng th\u00e0nh ph\u1ed1. V\u1edbi 250 ph\u00f2ng ngh\u1ec9 \u0111\u1ea1t chu\u1ea9n","breadcrumb":{"@id":"https:\/\/www.hotelgrandsaigon.com\/vi\/about-us\/#breadcrumb"},"inLanguage":"vi-VN","potentialAction":[{"@type":"ReadAction","target":["https:\/\/www.hotelgrandsaigon.com\/vi\/about-us\/"]}]},{"@type":"ImageObject","inLanguage":"vi-VN","@id":"https:\/\/www.hotelgrandsaigon.com\/vi\/about-us\/#primaryimage","url":"https:\/\/www.hotelgrandsaigon.com\/wp-content\/uploads\/sites\/8\/2023\/09\/GRAND-HOTEL-1.jpg","contentUrl":"https:\/\/www.hotelgrandsaigon.com\/wp-content\/uploads\/sites\/8\/2023\/09\/GRAND-HOTEL-1.jpg","width":698,"height":1086},{"@type":"BreadcrumbList","@id":"https:\/\/www.hotelgrandsaigon.com\/vi\/about-us\/#breadcrumb","itemListElement":[{"@type":"ListItem","position":1,"name":"Home","item":"https:\/\/www.hotelgrandsaigon.com\/vi\/"},{"@type":"ListItem","position":2,"name":"V\u1ec1 Ch\u00fang T\u00f4i"}]},{"@type":"WebSite","@id":"https:\/\/www.hotelgrandsaigon.com\/vi\/#website","url":"https:\/\/www.hotelgrandsaigon.com\/vi\/","name":"Hotel Grand Saigon","description":"","potentialAction":[{"@type":"SearchAction","target":{"@type":"EntryPoint","urlTemplate":"https:\/\/www.hotelgrandsaigon.com\/vi\/?s={search_term_string}"},"query-input":"required name=search_term_string"}],"inLanguage":"vi-VN"}]}},"acf":[],"_links":{"self":[{"href":"https:\/\/www.hotelgrandsaigon.com\/vi\/wp-json\/wp\/v2\/pages\/743"}],"collection":[{"href":"https:\/\/www.hotelgrandsaigon.com\/vi\/wp-json\/wp\/v2\/pages"}],"about":[{"href":"https:\/\/www.hotelgrandsaigon.com\/vi\/wp-json\/wp\/v2\/types\/page"}],"author":[{"embeddable":true,"href":"https:\/\/www.hotelgrandsaigon.com\/vi\/wp-json\/wp\/v2\/users\/4"}],"replies":[{"embeddable":true,"href":"https:\/\/www.hotelgrandsaigon.com\/vi\/wp-json\/wp\/v2\/comments?post=743"}],"version-history":[{"count":0,"href":"https:\/\/www.hotelgrandsaigon.com\/vi\/wp-json\/wp\/v2\/pages\/743\/revisions"}],"wp:featuredmedia":[{"embeddable":true,"href":"https:\/\/www.hotelgrandsaigon.com\/vi\/wp-json\/wp\/v2\/media\/739"}],"wp:attachment":[{"href":"https:\/\/www.hotelgrandsaigon.com\/vi\/wp-json\/wp\/v2\/media?parent=743"}],"curies":[{"name":"wp","href":"https:\/\/api.w.org\/{rel}","templated":true}]}}