{"id":714,"date":"2023-08-31T08:10:25","date_gmt":"2023-08-31T08:10:25","guid":{"rendered":"https:\/\/hotel-grand-saigon.ms2.decms.asia\/offers-packages\/culinaire\/culinaire1\/"},"modified":"2025-08-21T02:28:46","modified_gmt":"2025-08-21T02:28:46","slug":"culinaire1","status":"publish","type":"page","link":"https:\/\/www.hotelgrandsaigon.com\/vi\/offers-packages\/culinaire1\/","title":{"rendered":"\u1ea8m Th\u1ef1c"},"content":{"rendered":"<p><strong>URBAN SUNSET \u2013 V\u1ecb ho\u00e0ng h\u00f4n<\/strong><\/p>\n<ul>\n<li>Rooftop Grand Lounge &#8211; L\u1ea7u 20<\/li>\n<li>Live Music t\u1eeb 8PM &#8211; 10PM h\u00e0ng \u0111\u00eam<\/li>\n<\/ul>\n<div id=\"gtx-trans\" style=\"position: absolute;left: 114px;top: 64px\">\n<div class=\"gtx-trans-icon\"><\/div>\n<\/div>\n","protected":false},"excerpt":{"rendered":"<p>URBAN SUNSET \u2013 V\u1ecb ho\u00e0ng h\u00f4n Rooftop Grand Lounge &#8211; L\u1ea7u 20 Live Music t\u1eeb 8PM &#8211; 10PM h\u00e0ng \u0111\u00eam<\/p>\n","protected":false},"author":4,"featured_media":1913,"parent":379,"menu_order":0,"comment_status":"closed","ping_status":"closed","template":"template-single-offer-page.php","meta":{"footnotes":""},"yoast_head":"<!-- This site is optimized with the Yoast SEO plugin v22.3 - https:\/\/yoast.com\/wordpress\/plugins\/seo\/ -->\n<title>\u1ea8m Th\u1ef1c - Hotel Grand Saigon<\/title>\n<meta name=\"robots\" content=\"index, follow, max-snippet:-1, max-image-preview:large, max-video-preview:-1\" \/>\n<link rel=\"canonical\" href=\"https:\/\/www.hotelgrandsaigon.com\/vi\/offers-packages\/culinaire1\/\" \/>\n<meta property=\"og:locale\" content=\"vi_VN\" \/>\n<meta property=\"og:type\" content=\"article\" \/>\n<meta property=\"og:title\" content=\"\u1ea8m Th\u1ef1c - Hotel Grand Saigon\" \/>\n<meta property=\"og:description\" content=\"URBAN SUNSET \u2013 V\u1ecb ho\u00e0ng h\u00f4n Rooftop Grand Lounge &#8211; L\u1ea7u 20 Live Music t\u1eeb 8PM &#8211; 10PM h\u00e0ng \u0111\u00eam\" \/>\n<meta property=\"og:url\" content=\"https:\/\/www.hotelgrandsaigon.com\/vi\/offers-packages\/culinaire1\/\" \/>\n<meta property=\"og:site_name\" content=\"Hotel Grand Saigon\" \/>\n<meta property=\"article:modified_time\" content=\"2025-08-21T02:28:46+00:00\" \/>\n<meta property=\"og:image\" content=\"https:\/\/www.hotelgrandsaigon.com\/wp-content\/uploads\/sites\/8\/2024\/11\/43.jpg\" \/>\n\t<meta property=\"og:image:width\" content=\"1080\" \/>\n\t<meta property=\"og:image:height\" content=\"1080\" \/>\n\t<meta property=\"og:image:type\" content=\"image\/jpeg\" \/>\n<meta name=\"twitter:card\" content=\"summary_large_image\" \/>\n<meta name=\"twitter:label1\" content=\"Est. reading time\" \/>\n\t<meta name=\"twitter:data1\" content=\"1 minute\" \/>\n<script type=\"application\/ld+json\" class=\"yoast-schema-graph\">{\"@context\":\"https:\/\/schema.org\",\"@graph\":[{\"@type\":\"WebPage\",\"@id\":\"https:\/\/www.hotelgrandsaigon.com\/vi\/offers-packages\/culinaire1\/\",\"url\":\"https:\/\/www.hotelgrandsaigon.com\/vi\/offers-packages\/culinaire1\/\",\"name\":\"\u1ea8m Th\u1ef1c - Hotel Grand Saigon\",\"isPartOf\":{\"@id\":\"https:\/\/www.hotelgrandsaigon.com\/vi\/#website\"},\"primaryImageOfPage\":{\"@id\":\"https:\/\/www.hotelgrandsaigon.com\/vi\/offers-packages\/culinaire1\/#primaryimage\"},\"image\":{\"@id\":\"https:\/\/www.hotelgrandsaigon.com\/vi\/offers-packages\/culinaire1\/#primaryimage\"},\"thumbnailUrl\":\"https:\/\/www.hotelgrandsaigon.com\/wp-content\/uploads\/sites\/8\/2024\/11\/43.jpg\",\"datePublished\":\"2023-08-31T08:10:25+00:00\",\"dateModified\":\"2025-08-21T02:28:46+00:00\",\"breadcrumb\":{\"@id\":\"https:\/\/www.hotelgrandsaigon.com\/vi\/offers-packages\/culinaire1\/#breadcrumb\"},\"inLanguage\":\"vi-VN\",\"potentialAction\":[{\"@type\":\"ReadAction\",\"target\":[\"https:\/\/www.hotelgrandsaigon.com\/vi\/offers-packages\/culinaire1\/\"]}]},{\"@type\":\"ImageObject\",\"inLanguage\":\"vi-VN\",\"@id\":\"https:\/\/www.hotelgrandsaigon.com\/vi\/offers-packages\/culinaire1\/#primaryimage\",\"url\":\"https:\/\/www.hotelgrandsaigon.com\/wp-content\/uploads\/sites\/8\/2024\/11\/43.jpg\",\"contentUrl\":\"https:\/\/www.hotelgrandsaigon.com\/wp-content\/uploads\/sites\/8\/2024\/11\/43.jpg\",\"width\":1080,\"height\":1080},{\"@type\":\"BreadcrumbList\",\"@id\":\"https:\/\/www.hotelgrandsaigon.com\/vi\/offers-packages\/culinaire1\/#breadcrumb\",\"itemListElement\":[{\"@type\":\"ListItem\",\"position\":1,\"name\":\"Home\",\"item\":\"https:\/\/www.hotelgrandsaigon.com\/vi\/\"},{\"@type\":\"ListItem\",\"position\":2,\"name\":\"\u01afu \u0110\u00e3i\",\"item\":\"https:\/\/www.hotelgrandsaigon.com\/vi\/offers-packages\/\"},{\"@type\":\"ListItem\",\"position\":3,\"name\":\"\u1ea8m Th\u1ef1c\"}]},{\"@type\":\"WebSite\",\"@id\":\"https:\/\/www.hotelgrandsaigon.com\/vi\/#website\",\"url\":\"https:\/\/www.hotelgrandsaigon.com\/vi\/\",\"name\":\"Hotel Grand Saigon\",\"description\":\"\",\"potentialAction\":[{\"@type\":\"SearchAction\",\"target\":{\"@type\":\"EntryPoint\",\"urlTemplate\":\"https:\/\/www.hotelgrandsaigon.com\/vi\/?s={search_term_string}\"},\"query-input\":\"required name=search_term_string\"}],\"inLanguage\":\"vi-VN\"}]}<\/script>\n<!-- \/ Yoast SEO plugin. -->","yoast_head_json":{"title":"\u1ea8m Th\u1ef1c - Hotel Grand Saigon","robots":{"index":"index","follow":"follow","max-snippet":"max-snippet:-1","max-image-preview":"max-image-preview:large","max-video-preview":"max-video-preview:-1"},"canonical":"https:\/\/www.hotelgrandsaigon.com\/vi\/offers-packages\/culinaire1\/","og_locale":"vi_VN","og_type":"article","og_title":"\u1ea8m Th\u1ef1c - Hotel Grand Saigon","og_description":"URBAN SUNSET \u2013 V\u1ecb ho\u00e0ng h\u00f4n Rooftop Grand Lounge &#8211; L\u1ea7u 20 Live Music t\u1eeb 8PM &#8211; 10PM h\u00e0ng \u0111\u00eam","og_url":"https:\/\/www.hotelgrandsaigon.com\/vi\/offers-packages\/culinaire1\/","og_site_name":"Hotel Grand Saigon","article_modified_time":"2025-08-21T02:28:46+00:00","og_image":[{"width":1080,"height":1080,"url":"https:\/\/www.hotelgrandsaigon.com\/wp-content\/uploads\/sites\/8\/2024\/11\/43.jpg","type":"image\/jpeg"}],"twitter_card":"summary_large_image","twitter_misc":{"Est. reading time":"1 minute"},"schema":{"@context":"https:\/\/schema.org","@graph":[{"@type":"WebPage","@id":"https:\/\/www.hotelgrandsaigon.com\/vi\/offers-packages\/culinaire1\/","url":"https:\/\/www.hotelgrandsaigon.com\/vi\/offers-packages\/culinaire1\/","name":"\u1ea8m Th\u1ef1c - Hotel Grand Saigon","isPartOf":{"@id":"https:\/\/www.hotelgrandsaigon.com\/vi\/#website"},"primaryImageOfPage":{"@id":"https:\/\/www.hotelgrandsaigon.com\/vi\/offers-packages\/culinaire1\/#primaryimage"},"image":{"@id":"https:\/\/www.hotelgrandsaigon.com\/vi\/offers-packages\/culinaire1\/#primaryimage"},"thumbnailUrl":"https:\/\/www.hotelgrandsaigon.com\/wp-content\/uploads\/sites\/8\/2024\/11\/43.jpg","datePublished":"2023-08-31T08:10:25+00:00","dateModified":"2025-08-21T02:28:46+00:00","breadcrumb":{"@id":"https:\/\/www.hotelgrandsaigon.com\/vi\/offers-packages\/culinaire1\/#breadcrumb"},"inLanguage":"vi-VN","potentialAction":[{"@type":"ReadAction","target":["https:\/\/www.hotelgrandsaigon.com\/vi\/offers-packages\/culinaire1\/"]}]},{"@type":"ImageObject","inLanguage":"vi-VN","@id":"https:\/\/www.hotelgrandsaigon.com\/vi\/offers-packages\/culinaire1\/#primaryimage","url":"https:\/\/www.hotelgrandsaigon.com\/wp-content\/uploads\/sites\/8\/2024\/11\/43.jpg","contentUrl":"https:\/\/www.hotelgrandsaigon.com\/wp-content\/uploads\/sites\/8\/2024\/11\/43.jpg","width":1080,"height":1080},{"@type":"BreadcrumbList","@id":"https:\/\/www.hotelgrandsaigon.com\/vi\/offers-packages\/culinaire1\/#breadcrumb","itemListElement":[{"@type":"ListItem","position":1,"name":"Home","item":"https:\/\/www.hotelgrandsaigon.com\/vi\/"},{"@type":"ListItem","position":2,"name":"\u01afu \u0110\u00e3i","item":"https:\/\/www.hotelgrandsaigon.com\/vi\/offers-packages\/"},{"@type":"ListItem","position":3,"name":"\u1ea8m Th\u1ef1c"}]},{"@type":"WebSite","@id":"https:\/\/www.hotelgrandsaigon.com\/vi\/#website","url":"https:\/\/www.hotelgrandsaigon.com\/vi\/","name":"Hotel Grand Saigon","description":"","potentialAction":[{"@type":"SearchAction","target":{"@type":"EntryPoint","urlTemplate":"https:\/\/www.hotelgrandsaigon.com\/vi\/?s={search_term_string}"},"query-input":"required name=search_term_string"}],"inLanguage":"vi-VN"}]}},"acf":[],"_links":{"self":[{"href":"https:\/\/www.hotelgrandsaigon.com\/vi\/wp-json\/wp\/v2\/pages\/714"}],"collection":[{"href":"https:\/\/www.hotelgrandsaigon.com\/vi\/wp-json\/wp\/v2\/pages"}],"about":[{"href":"https:\/\/www.hotelgrandsaigon.com\/vi\/wp-json\/wp\/v2\/types\/page"}],"author":[{"embeddable":true,"href":"https:\/\/www.hotelgrandsaigon.com\/vi\/wp-json\/wp\/v2\/users\/4"}],"replies":[{"embeddable":true,"href":"https:\/\/www.hotelgrandsaigon.com\/vi\/wp-json\/wp\/v2\/comments?post=714"}],"version-history":[{"count":0,"href":"https:\/\/www.hotelgrandsaigon.com\/vi\/wp-json\/wp\/v2\/pages\/714\/revisions"}],"up":[{"embeddable":true,"href":"https:\/\/www.hotelgrandsaigon.com\/vi\/wp-json\/wp\/v2\/pages\/379"}],"wp:featuredmedia":[{"embeddable":true,"href":"https:\/\/www.hotelgrandsaigon.com\/vi\/wp-json\/wp\/v2\/media\/1913"}],"wp:attachment":[{"href":"https:\/\/www.hotelgrandsaigon.com\/vi\/wp-json\/wp\/v2\/media?parent=714"}],"curies":[{"name":"wp","href":"https:\/\/api.w.org\/{rel}","templated":true}]}}