{"id":391,"date":"2023-08-03T08:49:58","date_gmt":"2023-08-03T08:49:58","guid":{"rendered":"https:\/\/hotel-grand-saigon.ms2.decms.asia\/legal-notice\/"},"modified":"2026-02-07T02:23:54","modified_gmt":"2026-02-07T02:23:54","slug":"legal-notice","status":"publish","type":"page","link":"https:\/\/www.hotelgrandsaigon.com\/vi\/legal-notice\/","title":{"rendered":"Th\u00f4ng b\u00e1o ph\u00e1p l\u00fd"},"content":{"rendered":"<p>Th\u1ecfa thu\u1eadn n\u00e0y chi ph\u1ed1i vi\u1ec7c b\u1ea1n s\u1eed d\u1ee5ng website t\u1ea1i \u0111\u1ecba ch\u1ec9 www.hotelgrandsaigon.com, bao g\u1ed3m t\u1ea5t c\u1ea3 c\u00e1c trang web, \u1ee9ng d\u1ee5ng, &#8220;&#8221;N\u1ed9i dung&#8221;&#8221; (nh\u01b0 \u0111\u01b0\u1ee3c \u0111\u1ecbnh ngh\u0129a b\u00ean d\u01b0\u1edbi), h\u00e0ng h\u00f3a, d\u1ecbch v\u1ee5, t\u00ednh n\u0103ng v\u00e0 ch\u1ee9c n\u0103ng \u0111\u01b0\u1ee3c cung c\u1ea5p th\u00f4ng qua trang Web n\u00e0y ( g\u1ecdi chung l\u00e0 &#8220;&#8221;trang Web&#8221;&#8221;), gi\u1eefa kh\u00e1ch s\u1ea1n Hotel Grand S\u00e0i G\u00f2n v\u00e0 b\u1ea1n, cho d\u00f9 b\u1ea1n t\u1ef1 truy c\u1eadp trang Web, th\u00f4ng qua m\u1ed9t b\u00ean trung gian hay thay m\u1eb7t cho b\u1ea5t k\u1ef3 c\u00e1 nh\u00e2n ho\u1eb7c t\u1ed5 ch\u1ee9c n\u00e0o kh\u00e1c. B\u1eb1ng c\u00e1ch xem, truy c\u1eadp, \u0111\u0103ng, t\u01b0\u01a1ng t\u00e1c ho\u1eb7c li\u00ean l\u1ea1c, tham gia v\u00e0o b\u1ea5t k\u1ef3 giao d\u1ecbch n\u00e0o (bao g\u1ed3m c\u1ea3 vi\u1ec7c \u0111\u1eb7t ph\u00f2ng) ho\u1eb7c theo b\u1ea5t k\u1ef3 c\u00e1ch n\u00e0o kh\u00e1c \u0111\u1ec3 s\u1eed d\u1ee5ng Trang Web n\u00e0y, vui l\u00f2ng \u0111\u1ed3ng \u00fd v\u1edbi c\u00e1c \u0111i\u1ec1u kho\u1ea3n \u0111\u01b0\u1ee3c n\u00eau trong Ch\u00ednh s\u00e1ch b\u1ea3o m\u1eadt c\u1ee7a Hotel Grand S\u00e0i G\u00f2n t\u1ea1i http:\/\/www.hotelgrandsaigon.com\/legalnotice. N\u1ebfu b\u1ea1n kh\u00f4ng \u0111\u1ed3ng \u00fd v\u1edbi c\u00e1c \u0111i\u1ec1u kho\u1ea3n n\u00f3i tr\u00ean, b\u1ea1n s\u1ebd kh\u00f4ng \u0111\u01b0\u1ee3c ph\u00e9p s\u1eed d\u1ee5ng Trang Web n\u00e0y.<br \/>\nCh\u00fang t\u00f4i c\u00f3 quy\u1ec1n s\u1eeda \u0111\u1ed5i, th\u00eam ho\u1eb7c x\u00f3a c\u00e1c ph\u1ea7n trong \u0111i\u1ec1u kho\u1ea3n c\u1ee7a Th\u1ecfa thu\u1eadn n\u00e0y b\u1ea5t k\u1ef3 l\u00fac n\u00e0o m\u00e0 kh\u00f4ng c\u1ea7n th\u00f4ng b\u00e1o tr\u01b0\u1edbc. Tr\u1eeb khi c\u00f3 quy \u0111\u1ecbnh kh\u00e1c, nh\u1eefng thay \u0111\u1ed5i \u0111\u00f3 s\u1ebd c\u00f3 hi\u1ec7u l\u1ef1c ngay khi ch\u00fang t\u00f4i \u0111\u0103ng nh\u1eefng thay \u0111\u1ed5i \u0111\u00f3 t\u1ea1i http:\/\/www.hotelgrandsaigon.com\/legal. V\u00ec v\u1eady, vui l\u00f2ng theo d\u00f5i trang web c\u1ee7a ch\u00fang t\u00f4i th\u01b0\u1eddng xuy\u00ean \u0111\u1ec3 c\u1eadp nh\u1eadt t\u00ecnh h\u00ecnh.<br \/>\nXin l\u01b0u \u00fd r\u1eb1ng c\u00e1c \u0111i\u1ec1u kho\u1ea3n v\u00e0 \u0111i\u1ec1u ki\u1ec7n b\u1ed5 sung c\u00f3 th\u1ec3 \u00e1p d\u1ee5ng cho vi\u1ec7c \u0111\u1eb7t ph\u00f2ng, s\u1eafp x\u1ebfp \u0111\u1eb7t ph\u00f2ng, nh\u1eadn ph\u00f2ng, tr\u1ea3 ph\u00f2ng, tham gia mua h\u00e0ng v\u00e0 c\u00e1c giao d\u1ecbch ho\u1eb7c ho\u1ea1t \u0111\u1ed9ng kh\u00e1c th\u00f4ng qua Trang Web n\u00e0y. B\u1ea1n \u0111\u1ed3ng \u00fd tu\u00e2n th\u1ee7 c\u00e1c \u0111i\u1ec1u kho\u1ea3n v\u00e0 \u0111i\u1ec1u ki\u1ec7n \u0111\u01b0\u1ee3c n\u00eau \u1edf \u0111\u00e2y c\u0169ng nh\u01b0 m\u1ecdi \u0111i\u1ec1u kho\u1ea3n v\u00e0 \u0111i\u1ec1u ki\u1ec7n b\u1ed5 sung hi\u1ec7n c\u00f3 hi\u1ec7u l\u1ef1c.<br \/>\nCh\u00fang t\u00f4i c\u00f3 quy\u1ec1n thu h\u1ed3i ho\u1eb7c t\u1eeb ch\u1ed1i quy\u1ec1n truy c\u1eadp c\u1ee7a b\u1ea1n v\u00e0o Trang Web, n\u1ebfu b\u1ea1n vi ph\u1ea1m b\u1ea5t k\u1ef3 \u0111i\u1ec1u kho\u1ea3n n\u00e0o c\u1ee7a Th\u1ecfa thu\u1eadn n\u00e0y.<\/p>\n<p>\u0110I\u1ec0U KI\u1ec6N<br \/>\n\u0110i\u1ec1u ki\u1ec7n \u0111\u1ec3 b\u1ea1n s\u1eed d\u1ee5ng Trang Web: (i) b\u1ea1n ph\u1ea3i t\u1eeb 18 tu\u1ed5i tr\u1edf l\u00ean; (ii) b\u1ea1n ph\u1ea3i c\u00f3 th\u1ea9m quy\u1ec1n v\u00e0 n\u0103ng l\u1ef1c ph\u00e1p l\u00fd \u0111\u1ec3 ch\u1ecbu tr\u00e1ch nhi\u1ec7m ngh\u0129a v\u1ee5 r\u00e0ng bu\u1ed9c v\u1ec1 m\u1eb7t ph\u00e1p l\u00fd, bao g\u1ed3m c\u1ea3 vi\u1ec7c b\u1ecb r\u00e0ng bu\u1ed9c b\u1edfi c\u00e1c \u0111i\u1ec1u kho\u1ea3n c\u1ee7a Th\u1ecfa thu\u1eadn n\u00e0y; v\u00e0 (iii) vi\u1ec7c b\u1ea1n s\u1eed d\u1ee5ng Trang Web kh\u00f4ng \u0111\u01b0\u1ee3c vi ph\u1ea1m b\u1ea5t k\u1ef3 lu\u1eadt, quy ch\u1ebf, ph\u00e1p l\u1ec7nh, quy t\u1eafc ho\u1eb7c quy \u0111\u1ecbnh n\u00e0o. B\u1ea1n ph\u1ea3i \u0111\u1ea3m b\u1ea3o r\u1eb1ng b\u1ea1n \u0111\u00e1p \u1ee9ng t\u1ea5t c\u1ea3 c\u00e1c \u0111i\u1ec1u ki\u1ec7n tr\u00ean. N\u1ebfu kh\u00f4ng, b\u1ea1n s\u1ebd kh\u00f4ng \u0111\u01b0\u1ee3c quy\u1ec1n s\u1eed d\u1ee5ng Trang Web n\u00e0y.<\/p>\n<p>QUY\u1ec0N THAY \u0110\u1ed4I<br \/>\nKh\u00e1ch s\u1ea1n c\u00f3 quy\u1ec1n th\u1ef1c hi\u1ec7n c\u00e1c thay \u0111\u1ed5i, ch\u1ec9nh s\u1eeda, h\u1ee7y b\u1ecf v\u00e0 c\u1ea3i ti\u1ebfn Trang Web, N\u1ed9i Dung c\u0169ng nh\u01b0 c\u00e1c s\u1ea3n ph\u1ea9m, d\u1ecbch v\u1ee5 v\u00e0 ch\u01b0\u01a1ng tr\u00ecnh \u0111\u01b0\u1ee3c m\u00f4 t\u1ea3 trong \u0111\u00f3 b\u1ea5t c\u1ee9 l\u00fac n\u00e0o m\u00e0 kh\u00f4ng c\u1ea7n th\u00f4ng b\u00e1o, k\u1ec3 c\u1ea3 sau khi x\u00e1c nh\u1eadn giao d\u1ecbch.<\/p>\n<p>TUY\u00caN B\u1ed0 T\u1eea CH\u1ed0I TR\u00c1CH NHI\u1ec6M V\u00c0 GI\u1edaI H\u1ea0N TR\u00c1CH NHI\u1ec6M PH\u00c1P L\u00dd V\u00c0 QUY\u1ec0N MI\u1ec4N TR\u1eea<br \/>\nB\u1ea1n s\u1ebd ch\u1ecbu m\u1ecdi r\u1ee7i ro trong qu\u00e1 tr\u00ecnh s\u1eed d\u1ee5ng Trang Web. Trang Web \u0111\u01b0\u1ee3c cung c\u1ea5p \u201cnguy\u00ean tr\u1ea1ng\u201d v\u00e0 tr\u00ean c\u01a1 s\u1edf \u201cc\u00f3 s\u1eb5n\u201d m\u00e0 kh\u00f4ng c\u00f3 tuy\u00ean b\u1ed1 hay b\u1ea3o \u0111\u1ea3m d\u01b0\u1edbi b\u1ea5t k\u1ef3 h\u00ecnh th\u1ee9c n\u00e0o, r\u00f5 r\u00e0ng, ng\u1ee5 \u00fd ho\u1eb7c theo lu\u1eadt \u0111\u1ecbnh. Ch\u00fang t\u00f4i kh\u00f4ng \u0111\u1ea3m b\u1ea3o t\u00ednh b\u1ea3o m\u1eadt ho\u1eb7c quy\u1ec1n ri\u00eang t\u01b0 c\u1ee7a b\u1ea5t k\u1ef3 Th\u00f4ng tin li\u00ean l\u1ea1c ho\u1eb7c th\u00f4ng tin n\u00e0o \u0111\u01b0\u1ee3c th\u1ec3 hi\u1ec7n tr\u00ean Trang Web ho\u1eb7c b\u1ea5t k\u1ef3 trang web n\u00e0o kh\u00e1c \u0111\u01b0\u1ee3c li\u00ean k\u1ebft v\u1edbi Trang Web. Ch\u00fang t\u00f4i s\u1ebd kh\u00f4ng ch\u1ecbu tr\u00e1ch nhi\u1ec7m v\u1ec1 quy\u1ec1n ri\u00eang t\u01b0 c\u1ee7a Th\u00f4ng tin li\u00ean l\u1ea1c v\u00e0 b\u1ea5t k\u1ef3 th\u00f4ng tin n\u00e0o kh\u00e1c, \u0111\u1ecba ch\u1ec9 email, th\u00f4ng tin \u0111\u0103ng k\u00fd v\u00e0 nh\u1eadn d\u1ea1ng, dung l\u01b0\u1ee3ng \u1ed5 \u0111\u0129a, th\u00f4ng tin b\u00ed m\u1eadt ho\u1eb7c b\u00ed m\u1eadt th\u01b0\u01a1ng m\u1ea1i ho\u1eb7c b\u1ea5t k\u1ef3 n\u1ed9i dung n\u00e0o kh\u00e1c \u0111\u01b0\u1ee3c truy\u1ec1n qua m\u1ea1ng m\u00e0 Trang Web truy c\u1eadp, ho\u1eb7c nh\u1eefng li\u00ean k\u1ebft kh\u00e1c \u0111\u1ebfn vi\u1ec7c s\u1eed d\u1ee5ng Trang Web c\u1ee7a b\u1ea1n.<\/p>\n<p>N\u1ebfu b\u1ea1n kh\u00f4ng h\u00e0i l\u00f2ng v\u1edbi Trang Web ho\u1eb7c b\u1ea5t k\u1ef3 kh\u00eda c\u1ea1nh n\u00e0o c\u1ee7a Trang Web, c\u00e1c th\u00e0nh vi\u00ean ho\u1eb7c nh\u00e0 cung c\u1ea5p c\u00f3 li\u00ean quan \u1edf \u0111\u00e2y, t\u00f9y t\u1eebng tr\u01b0\u1eddng h\u1ee3p, bi\u1ec7n ph\u00e1p kh\u1eafc ph\u1ee5c v\u00e0 duy nh\u1ea5t c\u1ee7a b\u1ea1n l\u00e0 ng\u1eebng s\u1eed d\u1ee5ng Trang Web<\/p>\n<p>GI\u1ea2I QUY\u1ebeT TRANH CH\u1ea4P<br \/>\n(Kh\u00f4ng c\u00f3 phi\u00ean t\u00f2a x\u00e9t x\u1eed c\u1ee7a b\u1ed3i th\u1ea9m \u0111o\u00e0n ho\u1eb7c v\u1ee5 ki\u1ec7n t\u1eadp th\u1ec3, tr\u1ecdng t\u00e0i, v\u1ee5 ki\u1ec7n t\u1ea1i t\u00f2a \u00e1n)<\/p>\n","protected":false},"excerpt":{"rendered":"<p>Th\u1ecfa thu\u1eadn n\u00e0y chi ph\u1ed1i vi\u1ec7c b\u1ea1n s\u1eed d\u1ee5ng website t\u1ea1i \u0111\u1ecba ch\u1ec9 www.hotelgrandsaigon.com, bao g\u1ed3m t\u1ea5t c\u1ea3 c\u00e1c trang web, \u1ee9ng d\u1ee5ng, &#8220;&#8221;N\u1ed9i dung&#8221;&#8221; (nh\u01b0 \u0111\u01b0\u1ee3c \u0111\u1ecbnh ngh\u0129a b\u00ean d\u01b0\u1edbi), h\u00e0ng h\u00f3a, d\u1ecbch v\u1ee5, t\u00ednh n\u0103ng v\u00e0 ch\u1ee9c n\u0103ng \u0111\u01b0\u1ee3c cung c\u1ea5p th\u00f4ng qua trang Web n\u00e0y ( g\u1ecdi chung l\u00e0 &#8220;&#8221;trang Web&#8221;&#8221;), gi\u1eefa [&hellip;]<\/p>\n","protected":false},"author":4,"featured_media":0,"parent":0,"menu_order":0,"comment_status":"closed","ping_status":"closed","template":"","meta":{"footnotes":""},"yoast_head":"<!-- This site is optimized with the Yoast SEO plugin v22.3 - https:\/\/yoast.com\/wordpress\/plugins\/seo\/ -->\n<title>Th\u00f4ng b\u00e1o ph\u00e1p l\u00fd - Hotel Grand Saigon<\/title>\n<meta name=\"robots\" content=\"index, follow, max-snippet:-1, max-image-preview:large, max-video-preview:-1\" \/>\n<link rel=\"canonical\" href=\"https:\/\/www.hotelgrandsaigon.com\/vi\/legal-notice\/\" \/>\n<meta property=\"og:locale\" content=\"vi_VN\" \/>\n<meta property=\"og:type\" content=\"article\" \/>\n<meta property=\"og:title\" content=\"Th\u00f4ng b\u00e1o ph\u00e1p l\u00fd - Hotel Grand Saigon\" \/>\n<meta property=\"og:description\" content=\"Th\u1ecfa thu\u1eadn n\u00e0y chi ph\u1ed1i vi\u1ec7c b\u1ea1n s\u1eed d\u1ee5ng website t\u1ea1i \u0111\u1ecba ch\u1ec9 www.hotelgrandsaigon.com, bao g\u1ed3m t\u1ea5t c\u1ea3 c\u00e1c trang web, \u1ee9ng d\u1ee5ng, &#8220;&#8221;N\u1ed9i dung&#8221;&#8221; (nh\u01b0 \u0111\u01b0\u1ee3c \u0111\u1ecbnh ngh\u0129a b\u00ean d\u01b0\u1edbi), h\u00e0ng h\u00f3a, d\u1ecbch v\u1ee5, t\u00ednh n\u0103ng v\u00e0 ch\u1ee9c n\u0103ng \u0111\u01b0\u1ee3c cung c\u1ea5p th\u00f4ng qua trang Web n\u00e0y ( g\u1ecdi chung l\u00e0 &#8220;&#8221;trang Web&#8221;&#8221;), gi\u1eefa [&hellip;]\" \/>\n<meta property=\"og:url\" content=\"https:\/\/www.hotelgrandsaigon.com\/vi\/legal-notice\/\" \/>\n<meta property=\"og:site_name\" content=\"Hotel Grand Saigon\" \/>\n<meta property=\"article:modified_time\" content=\"2026-02-07T02:23:54+00:00\" \/>\n<meta name=\"twitter:card\" content=\"summary_large_image\" \/>\n<meta name=\"twitter:label1\" content=\"Est. reading time\" \/>\n\t<meta name=\"twitter:data1\" content=\"4 minutes\" \/>\n<script type=\"application\/ld+json\" class=\"yoast-schema-graph\">{\"@context\":\"https:\/\/schema.org\",\"@graph\":[{\"@type\":\"WebPage\",\"@id\":\"https:\/\/www.hotelgrandsaigon.com\/vi\/legal-notice\/\",\"url\":\"https:\/\/www.hotelgrandsaigon.com\/vi\/legal-notice\/\",\"name\":\"Th\u00f4ng b\u00e1o ph\u00e1p l\u00fd - Hotel Grand Saigon\",\"isPartOf\":{\"@id\":\"https:\/\/www.hotelgrandsaigon.com\/vi\/#website\"},\"datePublished\":\"2023-08-03T08:49:58+00:00\",\"dateModified\":\"2026-02-07T02:23:54+00:00\",\"breadcrumb\":{\"@id\":\"https:\/\/www.hotelgrandsaigon.com\/vi\/legal-notice\/#breadcrumb\"},\"inLanguage\":\"vi-VN\",\"potentialAction\":[{\"@type\":\"ReadAction\",\"target\":[\"https:\/\/www.hotelgrandsaigon.com\/vi\/legal-notice\/\"]}]},{\"@type\":\"BreadcrumbList\",\"@id\":\"https:\/\/www.hotelgrandsaigon.com\/vi\/legal-notice\/#breadcrumb\",\"itemListElement\":[{\"@type\":\"ListItem\",\"position\":1,\"name\":\"Home\",\"item\":\"https:\/\/www.hotelgrandsaigon.com\/vi\/\"},{\"@type\":\"ListItem\",\"position\":2,\"name\":\"Th\u00f4ng b\u00e1o ph\u00e1p l\u00fd\"}]},{\"@type\":\"WebSite\",\"@id\":\"https:\/\/www.hotelgrandsaigon.com\/vi\/#website\",\"url\":\"https:\/\/www.hotelgrandsaigon.com\/vi\/\",\"name\":\"Hotel Grand Saigon\",\"description\":\"\",\"potentialAction\":[{\"@type\":\"SearchAction\",\"target\":{\"@type\":\"EntryPoint\",\"urlTemplate\":\"https:\/\/www.hotelgrandsaigon.com\/vi\/?s={search_term_string}\"},\"query-input\":\"required name=search_term_string\"}],\"inLanguage\":\"vi-VN\"}]}<\/script>\n<!-- \/ Yoast SEO plugin. -->","yoast_head_json":{"title":"Th\u00f4ng b\u00e1o ph\u00e1p l\u00fd - Hotel Grand Saigon","robots":{"index":"index","follow":"follow","max-snippet":"max-snippet:-1","max-image-preview":"max-image-preview:large","max-video-preview":"max-video-preview:-1"},"canonical":"https:\/\/www.hotelgrandsaigon.com\/vi\/legal-notice\/","og_locale":"vi_VN","og_type":"article","og_title":"Th\u00f4ng b\u00e1o ph\u00e1p l\u00fd - Hotel Grand Saigon","og_description":"Th\u1ecfa thu\u1eadn n\u00e0y chi ph\u1ed1i vi\u1ec7c b\u1ea1n s\u1eed d\u1ee5ng website t\u1ea1i \u0111\u1ecba ch\u1ec9 www.hotelgrandsaigon.com, bao g\u1ed3m t\u1ea5t c\u1ea3 c\u00e1c trang web, \u1ee9ng d\u1ee5ng, &#8220;&#8221;N\u1ed9i dung&#8221;&#8221; (nh\u01b0 \u0111\u01b0\u1ee3c \u0111\u1ecbnh ngh\u0129a b\u00ean d\u01b0\u1edbi), h\u00e0ng h\u00f3a, d\u1ecbch v\u1ee5, t\u00ednh n\u0103ng v\u00e0 ch\u1ee9c n\u0103ng \u0111\u01b0\u1ee3c cung c\u1ea5p th\u00f4ng qua trang Web n\u00e0y ( g\u1ecdi chung l\u00e0 &#8220;&#8221;trang Web&#8221;&#8221;), gi\u1eefa [&hellip;]","og_url":"https:\/\/www.hotelgrandsaigon.com\/vi\/legal-notice\/","og_site_name":"Hotel Grand Saigon","article_modified_time":"2026-02-07T02:23:54+00:00","twitter_card":"summary_large_image","twitter_misc":{"Est. reading time":"4 minutes"},"schema":{"@context":"https:\/\/schema.org","@graph":[{"@type":"WebPage","@id":"https:\/\/www.hotelgrandsaigon.com\/vi\/legal-notice\/","url":"https:\/\/www.hotelgrandsaigon.com\/vi\/legal-notice\/","name":"Th\u00f4ng b\u00e1o ph\u00e1p l\u00fd - Hotel Grand Saigon","isPartOf":{"@id":"https:\/\/www.hotelgrandsaigon.com\/vi\/#website"},"datePublished":"2023-08-03T08:49:58+00:00","dateModified":"2026-02-07T02:23:54+00:00","breadcrumb":{"@id":"https:\/\/www.hotelgrandsaigon.com\/vi\/legal-notice\/#breadcrumb"},"inLanguage":"vi-VN","potentialAction":[{"@type":"ReadAction","target":["https:\/\/www.hotelgrandsaigon.com\/vi\/legal-notice\/"]}]},{"@type":"BreadcrumbList","@id":"https:\/\/www.hotelgrandsaigon.com\/vi\/legal-notice\/#breadcrumb","itemListElement":[{"@type":"ListItem","position":1,"name":"Home","item":"https:\/\/www.hotelgrandsaigon.com\/vi\/"},{"@type":"ListItem","position":2,"name":"Th\u00f4ng b\u00e1o ph\u00e1p l\u00fd"}]},{"@type":"WebSite","@id":"https:\/\/www.hotelgrandsaigon.com\/vi\/#website","url":"https:\/\/www.hotelgrandsaigon.com\/vi\/","name":"Hotel Grand Saigon","description":"","potentialAction":[{"@type":"SearchAction","target":{"@type":"EntryPoint","urlTemplate":"https:\/\/www.hotelgrandsaigon.com\/vi\/?s={search_term_string}"},"query-input":"required name=search_term_string"}],"inLanguage":"vi-VN"}]}},"acf":[],"_links":{"self":[{"href":"https:\/\/www.hotelgrandsaigon.com\/vi\/wp-json\/wp\/v2\/pages\/391"}],"collection":[{"href":"https:\/\/www.hotelgrandsaigon.com\/vi\/wp-json\/wp\/v2\/pages"}],"about":[{"href":"https:\/\/www.hotelgrandsaigon.com\/vi\/wp-json\/wp\/v2\/types\/page"}],"author":[{"embeddable":true,"href":"https:\/\/www.hotelgrandsaigon.com\/vi\/wp-json\/wp\/v2\/users\/4"}],"replies":[{"embeddable":true,"href":"https:\/\/www.hotelgrandsaigon.com\/vi\/wp-json\/wp\/v2\/comments?post=391"}],"version-history":[{"count":0,"href":"https:\/\/www.hotelgrandsaigon.com\/vi\/wp-json\/wp\/v2\/pages\/391\/revisions"}],"wp:attachment":[{"href":"https:\/\/www.hotelgrandsaigon.com\/vi\/wp-json\/wp\/v2\/media?parent=391"}],"curies":[{"name":"wp","href":"https:\/\/api.w.org\/{rel}","templated":true}]}}