{"id":389,"date":"2023-08-03T08:48:54","date_gmt":"2023-08-03T08:48:54","guid":{"rendered":"https:\/\/hotel-grand-saigon.ms2.decms.asia\/contact-us\/"},"modified":"2026-02-07T02:18:01","modified_gmt":"2026-02-07T02:18:01","slug":"contact-us","status":"publish","type":"page","link":"https:\/\/www.hotelgrandsaigon.com\/vi\/contact-us\/","title":{"rendered":"Li\u00ean h\u1ec7 ch\u00fang t\u00f4i"},"content":{"rendered":"<p>Hotel Grand Saigon, m\u1ed9t trong nh\u1eefng kh\u00e1ch s\u1ea1n 5 sao, t\u1ecda l\u1ea1c ngay t\u1ea1i trung t\u00e2m Th\u00e0nh ph\u1ed1 H\u1ed3 Ch\u00ed Minh &#8211; trung t\u00e2m kinh t\u1ebf, v\u0103n h\u00f3a, gi\u1ea3i tr\u00ed v\u00e0 gi\u00e1o d\u1ee5c c\u1ee7a Vi\u1ec7t Nam. V\u1eabn gi\u1eef nguy\u00ean ki\u1ebfn \u200b\u200btr\u00fac Ph\u00e1p c\u1ee7a nh\u1eefng n\u0103m 1930, sau khi m\u1edf r\u1ed9ng v\u00e0 n\u00e2ng c\u1ea5p c\u01a1 s\u1edf v\u1eadt ch\u1ea5t v\u00e0o n\u0103m 2012, Hotel Grand Saigon \u0111\u00e3 \u0111\u01b0a v\u00e0o ho\u1ea1t \u0111\u1ed9ng 250 ph\u00f2ng ng\u1ee7, 08 ph\u00f2ng h\u1ecdp v\u00e0 h\u1ed9i ngh\u1ecb \u0111\u01b0\u1ee3c trang b\u1ecb \u0111\u1ea7y \u0111\u1ee7 c\u00f4ng ngh\u1ec7 hi\u1ec7n \u0111\u1ea1i c\u00f9ng nhi\u1ec1u s\u1ea3nh l\u1ec5 t\u00e2n, ph\u00f2ng ngh\u1ec9.<\/p>\n<p>V\u1edbi kh\u00f4ng gian \u1ea5m c\u00fang, \u0111\u1ed9i ng\u0169 nh\u00e2n vi\u00ean chuy\u00ean nghi\u1ec7p nhi\u1ec7t t\u00ecnh v\u00e0 c\u00e1c d\u1ecbch v\u1ee5 cao c\u1ea5p kh\u00e1c nh\u01b0 s\u1ea3nh VIP, khu vui ch\u01a1i gi\u1ea3i tr\u00ed, qu\u1ea7y bar, nh\u00e0 h\u00e0ng \u00c2u \u00c1, h\u1ed3 b\u01a1i ngo\u00e0i tr\u1eddi, trung t\u00e2m th\u1ec3 d\u1ee5c th\u1ea9m m\u1ef9, c\u00e1c d\u1ecbch v\u1ee5 ch\u0103m s\u00f3c s\u1ee9c kh\u1ecfe, Hotel Grand Saigon \u0111\u01b0\u1ee3c \u0111\u00e1nh gi\u00e1 l\u00e0 \u0111i\u1ec3m d\u1eebng ch\u00e2n l\u00fd t\u01b0\u1edfng cho du l\u1ecbch MICE t\u1ea1i TP. Th\u00e0nh ph\u1ed1 H\u1ed3 Ch\u00ed Minh.<\/p>\n<div id=\"gtx-trans\" style=\"position: absolute;left: 612px;top: 48px\">\n<div class=\"gtx-trans-icon\"><\/div>\n<\/div>\n","protected":false},"excerpt":{"rendered":"<p>Hotel Grand Saigon, m\u1ed9t trong nh\u1eefng kh\u00e1ch s\u1ea1n 5 sao, t\u1ecda l\u1ea1c ngay t\u1ea1i trung t\u00e2m Th\u00e0nh ph\u1ed1 H\u1ed3 Ch\u00ed Minh &#8211; trung t\u00e2m kinh t\u1ebf, v\u0103n h\u00f3a, gi\u1ea3i tr\u00ed v\u00e0 gi\u00e1o d\u1ee5c c\u1ee7a Vi\u1ec7t Nam. V\u1eabn gi\u1eef nguy\u00ean ki\u1ebfn \u200b\u200btr\u00fac Ph\u00e1p c\u1ee7a nh\u1eefng n\u0103m 1930, sau khi m\u1edf r\u1ed9ng v\u00e0 n\u00e2ng c\u1ea5p c\u01a1 s\u1edf [&hellip;]<\/p>\n","protected":false},"author":4,"featured_media":0,"parent":0,"menu_order":0,"comment_status":"closed","ping_status":"closed","template":"template-contacts.php","meta":{"footnotes":""},"yoast_head":"<!-- This site is optimized with the Yoast SEO plugin v22.3 - https:\/\/yoast.com\/wordpress\/plugins\/seo\/ -->\n<title>Li\u00ean h\u1ec7 ch\u00fang t\u00f4i - Hotel Grand Saigon<\/title>\n<meta name=\"robots\" content=\"index, follow, max-snippet:-1, max-image-preview:large, max-video-preview:-1\" \/>\n<link rel=\"canonical\" href=\"https:\/\/www.hotelgrandsaigon.com\/vi\/contact-us\/\" \/>\n<meta property=\"og:locale\" content=\"vi_VN\" \/>\n<meta property=\"og:type\" content=\"article\" \/>\n<meta property=\"og:title\" content=\"Li\u00ean h\u1ec7 ch\u00fang t\u00f4i - Hotel Grand Saigon\" \/>\n<meta property=\"og:description\" content=\"Hotel Grand Saigon, m\u1ed9t trong nh\u1eefng kh\u00e1ch s\u1ea1n 5 sao, t\u1ecda l\u1ea1c ngay t\u1ea1i trung t\u00e2m Th\u00e0nh ph\u1ed1 H\u1ed3 Ch\u00ed Minh &#8211; trung t\u00e2m kinh t\u1ebf, v\u0103n h\u00f3a, gi\u1ea3i tr\u00ed v\u00e0 gi\u00e1o d\u1ee5c c\u1ee7a Vi\u1ec7t Nam. V\u1eabn gi\u1eef nguy\u00ean ki\u1ebfn \u200b\u200btr\u00fac Ph\u00e1p c\u1ee7a nh\u1eefng n\u0103m 1930, sau khi m\u1edf r\u1ed9ng v\u00e0 n\u00e2ng c\u1ea5p c\u01a1 s\u1edf [&hellip;]\" \/>\n<meta property=\"og:url\" content=\"https:\/\/www.hotelgrandsaigon.com\/vi\/contact-us\/\" \/>\n<meta property=\"og:site_name\" content=\"Hotel Grand Saigon\" \/>\n<meta property=\"article:modified_time\" content=\"2026-02-07T02:18:01+00:00\" \/>\n<meta name=\"twitter:card\" content=\"summary_large_image\" \/>\n<meta name=\"twitter:label1\" content=\"Est. reading time\" \/>\n\t<meta name=\"twitter:data1\" content=\"1 minute\" \/>\n<script type=\"application\/ld+json\" class=\"yoast-schema-graph\">{\"@context\":\"https:\/\/schema.org\",\"@graph\":[{\"@type\":\"WebPage\",\"@id\":\"https:\/\/www.hotelgrandsaigon.com\/vi\/contact-us\/\",\"url\":\"https:\/\/www.hotelgrandsaigon.com\/vi\/contact-us\/\",\"name\":\"Li\u00ean h\u1ec7 ch\u00fang t\u00f4i - Hotel Grand Saigon\",\"isPartOf\":{\"@id\":\"https:\/\/www.hotelgrandsaigon.com\/vi\/#website\"},\"datePublished\":\"2023-08-03T08:48:54+00:00\",\"dateModified\":\"2026-02-07T02:18:01+00:00\",\"breadcrumb\":{\"@id\":\"https:\/\/www.hotelgrandsaigon.com\/vi\/contact-us\/#breadcrumb\"},\"inLanguage\":\"vi-VN\",\"potentialAction\":[{\"@type\":\"ReadAction\",\"target\":[\"https:\/\/www.hotelgrandsaigon.com\/vi\/contact-us\/\"]}]},{\"@type\":\"BreadcrumbList\",\"@id\":\"https:\/\/www.hotelgrandsaigon.com\/vi\/contact-us\/#breadcrumb\",\"itemListElement\":[{\"@type\":\"ListItem\",\"position\":1,\"name\":\"Home\",\"item\":\"https:\/\/www.hotelgrandsaigon.com\/vi\/\"},{\"@type\":\"ListItem\",\"position\":2,\"name\":\"Li\u00ean h\u1ec7 ch\u00fang t\u00f4i\"}]},{\"@type\":\"WebSite\",\"@id\":\"https:\/\/www.hotelgrandsaigon.com\/vi\/#website\",\"url\":\"https:\/\/www.hotelgrandsaigon.com\/vi\/\",\"name\":\"Hotel Grand Saigon\",\"description\":\"\",\"potentialAction\":[{\"@type\":\"SearchAction\",\"target\":{\"@type\":\"EntryPoint\",\"urlTemplate\":\"https:\/\/www.hotelgrandsaigon.com\/vi\/?s={search_term_string}\"},\"query-input\":\"required name=search_term_string\"}],\"inLanguage\":\"vi-VN\"}]}<\/script>\n<!-- \/ Yoast SEO plugin. -->","yoast_head_json":{"title":"Li\u00ean h\u1ec7 ch\u00fang t\u00f4i - Hotel Grand Saigon","robots":{"index":"index","follow":"follow","max-snippet":"max-snippet:-1","max-image-preview":"max-image-preview:large","max-video-preview":"max-video-preview:-1"},"canonical":"https:\/\/www.hotelgrandsaigon.com\/vi\/contact-us\/","og_locale":"vi_VN","og_type":"article","og_title":"Li\u00ean h\u1ec7 ch\u00fang t\u00f4i - Hotel Grand Saigon","og_description":"Hotel Grand Saigon, m\u1ed9t trong nh\u1eefng kh\u00e1ch s\u1ea1n 5 sao, t\u1ecda l\u1ea1c ngay t\u1ea1i trung t\u00e2m Th\u00e0nh ph\u1ed1 H\u1ed3 Ch\u00ed Minh &#8211; trung t\u00e2m kinh t\u1ebf, v\u0103n h\u00f3a, gi\u1ea3i tr\u00ed v\u00e0 gi\u00e1o d\u1ee5c c\u1ee7a Vi\u1ec7t Nam. V\u1eabn gi\u1eef nguy\u00ean ki\u1ebfn \u200b\u200btr\u00fac Ph\u00e1p c\u1ee7a nh\u1eefng n\u0103m 1930, sau khi m\u1edf r\u1ed9ng v\u00e0 n\u00e2ng c\u1ea5p c\u01a1 s\u1edf [&hellip;]","og_url":"https:\/\/www.hotelgrandsaigon.com\/vi\/contact-us\/","og_site_name":"Hotel Grand Saigon","article_modified_time":"2026-02-07T02:18:01+00:00","twitter_card":"summary_large_image","twitter_misc":{"Est. reading time":"1 minute"},"schema":{"@context":"https:\/\/schema.org","@graph":[{"@type":"WebPage","@id":"https:\/\/www.hotelgrandsaigon.com\/vi\/contact-us\/","url":"https:\/\/www.hotelgrandsaigon.com\/vi\/contact-us\/","name":"Li\u00ean h\u1ec7 ch\u00fang t\u00f4i - Hotel Grand Saigon","isPartOf":{"@id":"https:\/\/www.hotelgrandsaigon.com\/vi\/#website"},"datePublished":"2023-08-03T08:48:54+00:00","dateModified":"2026-02-07T02:18:01+00:00","breadcrumb":{"@id":"https:\/\/www.hotelgrandsaigon.com\/vi\/contact-us\/#breadcrumb"},"inLanguage":"vi-VN","potentialAction":[{"@type":"ReadAction","target":["https:\/\/www.hotelgrandsaigon.com\/vi\/contact-us\/"]}]},{"@type":"BreadcrumbList","@id":"https:\/\/www.hotelgrandsaigon.com\/vi\/contact-us\/#breadcrumb","itemListElement":[{"@type":"ListItem","position":1,"name":"Home","item":"https:\/\/www.hotelgrandsaigon.com\/vi\/"},{"@type":"ListItem","position":2,"name":"Li\u00ean h\u1ec7 ch\u00fang t\u00f4i"}]},{"@type":"WebSite","@id":"https:\/\/www.hotelgrandsaigon.com\/vi\/#website","url":"https:\/\/www.hotelgrandsaigon.com\/vi\/","name":"Hotel Grand Saigon","description":"","potentialAction":[{"@type":"SearchAction","target":{"@type":"EntryPoint","urlTemplate":"https:\/\/www.hotelgrandsaigon.com\/vi\/?s={search_term_string}"},"query-input":"required name=search_term_string"}],"inLanguage":"vi-VN"}]}},"acf":[],"_links":{"self":[{"href":"https:\/\/www.hotelgrandsaigon.com\/vi\/wp-json\/wp\/v2\/pages\/389"}],"collection":[{"href":"https:\/\/www.hotelgrandsaigon.com\/vi\/wp-json\/wp\/v2\/pages"}],"about":[{"href":"https:\/\/www.hotelgrandsaigon.com\/vi\/wp-json\/wp\/v2\/types\/page"}],"author":[{"embeddable":true,"href":"https:\/\/www.hotelgrandsaigon.com\/vi\/wp-json\/wp\/v2\/users\/4"}],"replies":[{"embeddable":true,"href":"https:\/\/www.hotelgrandsaigon.com\/vi\/wp-json\/wp\/v2\/comments?post=389"}],"version-history":[{"count":0,"href":"https:\/\/www.hotelgrandsaigon.com\/vi\/wp-json\/wp\/v2\/pages\/389\/revisions"}],"wp:attachment":[{"href":"https:\/\/www.hotelgrandsaigon.com\/vi\/wp-json\/wp\/v2\/media?parent=389"}],"curies":[{"name":"wp","href":"https:\/\/api.w.org\/{rel}","templated":true}]}}