{"id":380,"date":"2023-08-03T02:43:25","date_gmt":"2023-08-03T02:43:25","guid":{"rendered":"https:\/\/hotel-grand-saigon.ms2.decms.asia\/wedding\/"},"modified":"2026-04-09T02:33:41","modified_gmt":"2026-04-09T02:33:41","slug":"wedding","status":"publish","type":"page","link":"https:\/\/www.hotelgrandsaigon.com\/vi\/wedding\/","title":{"rendered":"Ti\u1ec7c C\u01b0\u1edbi"},"content":{"rendered":"<p>Ai c\u0169ng x\u1ee9ng \u0111\u00e1ng c\u00f3 m\u1ed9t \u0111\u00e1m c\u01b0\u1edbi trong m\u01a1. \u0110\u1ec3 th\u1ef1c hi\u1ec7n \u0111\u01b0\u1ee3c \u0111i\u1ec1u \u0111\u00f3, qu\u00fd kh\u00e1ch s\u1ebd mu\u1ed1n l\u1ef1a ch\u1ecdn b\u1ed1i c\u1ea3nh c\u1ed5 t\u00edch, d\u1ecbch v\u1ee5 cao c\u1ea5p t\u01b0\u01a1ng x\u1ee9ng. V\u00e0 h\u01a1n h\u1ebft, ng\u00e0y tuy\u1ec7t v\u1eddi nh\u1ea5t trong cu\u1ed9c \u0111\u1eddi x\u1ee9ng \u0111\u00e1ng \u0111\u01b0\u1ee3c di\u1ec5n ra \u1edf v\u1ecb tr\u00ed \u0111\u1eb9p nh\u1ea5t.<\/p>\n<p>H\u00e3y \u0111\u1ebfn v\u1edbi KH\u00c1CH S\u1ea0N GRAND SAIGON \u0111\u1ec3 tr\u1ea3i nghi\u1ec7m ng\u00e0y tr\u1ecdng \u0111\u1ea1i c\u1ee7a b\u1ea1n tr\u1edf n\u00ean ho\u00e0n h\u1ea3o, \u1ea5n t\u01b0\u1ee3ng m\u00e3i m\u00e3i! Th\u1ef1c \u0111\u01a1n \u0111\u01b0\u1ee3c tuy\u1ec3n ch\u1ecdn \u0111\u1eb7c bi\u1ec7t, v\u1edbi h\u01b0\u01a1ng v\u1ecb kh\u00f4ng th\u1ec3 c\u01b0\u1ee1ng l\u1ea1i c\u0169ng nh\u01b0 nguy\u00ean li\u1ec7u ch\u1ea5t l\u01b0\u1ee3ng cung c\u1ea5p b\u1edfi \u0111\u1ed9i ng\u0169 b\u1ebfp c\u1ee7a ch\u00fang t\u00f4i s\u1ebd khi\u1ebfn c\u00e1c v\u1ecb th\u1ef1c kh\u00e1ch h\u00e0i l\u00f2ng khi m\u1ecdi ng\u01b0\u1eddi c\u00f9ng qu\u00e2y qu\u1ea7n b\u00ean b\u00e0n \u0103n.<\/p>\n<p>\u0110\u1ec3 bi\u1ebft th\u00eam th\u00f4ng tin, vui l\u00f2ng li\u00ean h\u1ec7:<br \/>\nS\u1ed1 \u0111i\u1ec7n tho\u1ea1i: (84-28) 3915 5555 \u2013 Email: info@hotelgrandsaigon.com<\/p>\n","protected":false},"excerpt":{"rendered":"<p>Ai c\u0169ng x\u1ee9ng \u0111\u00e1ng c\u00f3 m\u1ed9t \u0111\u00e1m c\u01b0\u1edbi trong m\u01a1. \u0110\u1ec3 th\u1ef1c hi\u1ec7n \u0111\u01b0\u1ee3c \u0111i\u1ec1u \u0111\u00f3, qu\u00fd kh\u00e1ch s\u1ebd mu\u1ed1n l\u1ef1a ch\u1ecdn b\u1ed1i c\u1ea3nh c\u1ed5 t\u00edch, d\u1ecbch v\u1ee5 cao c\u1ea5p t\u01b0\u01a1ng x\u1ee9ng. V\u00e0 h\u01a1n h\u1ebft, ng\u00e0y tuy\u1ec7t v\u1eddi nh\u1ea5t trong cu\u1ed9c \u0111\u1eddi x\u1ee9ng \u0111\u00e1ng \u0111\u01b0\u1ee3c di\u1ec5n ra \u1edf v\u1ecb tr\u00ed \u0111\u1eb9p nh\u1ea5t. H\u00e3y \u0111\u1ebfn v\u1edbi [&hellip;]<\/p>\n","protected":false},"author":4,"featured_media":2230,"parent":0,"menu_order":0,"comment_status":"closed","ping_status":"closed","template":"template-weddings.php","meta":{"footnotes":""},"yoast_head":"<!-- This site is optimized with the Yoast SEO plugin v22.3 - https:\/\/yoast.com\/wordpress\/plugins\/seo\/ -->\n<title>Ti\u1ec7c C\u01b0\u1edbi - Hotel Grand Saigon<\/title>\n<meta name=\"robots\" content=\"index, follow, max-snippet:-1, max-image-preview:large, max-video-preview:-1\" \/>\n<link rel=\"canonical\" href=\"https:\/\/www.hotelgrandsaigon.com\/vi\/wedding\/\" \/>\n<meta property=\"og:locale\" content=\"vi_VN\" \/>\n<meta property=\"og:type\" content=\"article\" \/>\n<meta property=\"og:title\" content=\"Ti\u1ec7c C\u01b0\u1edbi - Hotel Grand Saigon\" \/>\n<meta property=\"og:description\" content=\"Ai c\u0169ng x\u1ee9ng \u0111\u00e1ng c\u00f3 m\u1ed9t \u0111\u00e1m c\u01b0\u1edbi trong m\u01a1. \u0110\u1ec3 th\u1ef1c hi\u1ec7n \u0111\u01b0\u1ee3c \u0111i\u1ec1u \u0111\u00f3, qu\u00fd kh\u00e1ch s\u1ebd mu\u1ed1n l\u1ef1a ch\u1ecdn b\u1ed1i c\u1ea3nh c\u1ed5 t\u00edch, d\u1ecbch v\u1ee5 cao c\u1ea5p t\u01b0\u01a1ng x\u1ee9ng. V\u00e0 h\u01a1n h\u1ebft, ng\u00e0y tuy\u1ec7t v\u1eddi nh\u1ea5t trong cu\u1ed9c \u0111\u1eddi x\u1ee9ng \u0111\u00e1ng \u0111\u01b0\u1ee3c di\u1ec5n ra \u1edf v\u1ecb tr\u00ed \u0111\u1eb9p nh\u1ea5t. H\u00e3y \u0111\u1ebfn v\u1edbi [&hellip;]\" \/>\n<meta property=\"og:url\" content=\"https:\/\/www.hotelgrandsaigon.com\/vi\/wedding\/\" \/>\n<meta property=\"og:site_name\" content=\"Hotel Grand Saigon\" \/>\n<meta property=\"article:modified_time\" content=\"2026-04-09T02:33:41+00:00\" \/>\n<meta property=\"og:image\" content=\"https:\/\/www.hotelgrandsaigon.com\/wp-content\/uploads\/sites\/8\/2025\/05\/website-max-450KB.-wedding-1024x559.png\" \/>\n\t<meta property=\"og:image:width\" content=\"1024\" \/>\n\t<meta property=\"og:image:height\" content=\"559\" \/>\n\t<meta property=\"og:image:type\" content=\"image\/png\" \/>\n<meta name=\"twitter:card\" content=\"summary_large_image\" \/>\n<meta name=\"twitter:label1\" content=\"Est. reading time\" \/>\n\t<meta name=\"twitter:data1\" content=\"1 minute\" \/>\n<script type=\"application\/ld+json\" class=\"yoast-schema-graph\">{\"@context\":\"https:\/\/schema.org\",\"@graph\":[{\"@type\":\"WebPage\",\"@id\":\"https:\/\/www.hotelgrandsaigon.com\/vi\/wedding\/\",\"url\":\"https:\/\/www.hotelgrandsaigon.com\/vi\/wedding\/\",\"name\":\"Ti\u1ec7c C\u01b0\u1edbi - Hotel Grand Saigon\",\"isPartOf\":{\"@id\":\"https:\/\/www.hotelgrandsaigon.com\/vi\/#website\"},\"primaryImageOfPage\":{\"@id\":\"https:\/\/www.hotelgrandsaigon.com\/vi\/wedding\/#primaryimage\"},\"image\":{\"@id\":\"https:\/\/www.hotelgrandsaigon.com\/vi\/wedding\/#primaryimage\"},\"thumbnailUrl\":\"https:\/\/www.hotelgrandsaigon.com\/wp-content\/uploads\/sites\/8\/2025\/05\/website-max-450KB.-wedding.png\",\"datePublished\":\"2023-08-03T02:43:25+00:00\",\"dateModified\":\"2026-04-09T02:33:41+00:00\",\"breadcrumb\":{\"@id\":\"https:\/\/www.hotelgrandsaigon.com\/vi\/wedding\/#breadcrumb\"},\"inLanguage\":\"vi-VN\",\"potentialAction\":[{\"@type\":\"ReadAction\",\"target\":[\"https:\/\/www.hotelgrandsaigon.com\/vi\/wedding\/\"]}]},{\"@type\":\"ImageObject\",\"inLanguage\":\"vi-VN\",\"@id\":\"https:\/\/www.hotelgrandsaigon.com\/vi\/wedding\/#primaryimage\",\"url\":\"https:\/\/www.hotelgrandsaigon.com\/wp-content\/uploads\/sites\/8\/2025\/05\/website-max-450KB.-wedding.png\",\"contentUrl\":\"https:\/\/www.hotelgrandsaigon.com\/wp-content\/uploads\/sites\/8\/2025\/05\/website-max-450KB.-wedding.png\",\"width\":2200,\"height\":1200},{\"@type\":\"BreadcrumbList\",\"@id\":\"https:\/\/www.hotelgrandsaigon.com\/vi\/wedding\/#breadcrumb\",\"itemListElement\":[{\"@type\":\"ListItem\",\"position\":1,\"name\":\"Home\",\"item\":\"https:\/\/www.hotelgrandsaigon.com\/vi\/\"},{\"@type\":\"ListItem\",\"position\":2,\"name\":\"Ti\u1ec7c C\u01b0\u1edbi\"}]},{\"@type\":\"WebSite\",\"@id\":\"https:\/\/www.hotelgrandsaigon.com\/vi\/#website\",\"url\":\"https:\/\/www.hotelgrandsaigon.com\/vi\/\",\"name\":\"Hotel Grand Saigon\",\"description\":\"\",\"potentialAction\":[{\"@type\":\"SearchAction\",\"target\":{\"@type\":\"EntryPoint\",\"urlTemplate\":\"https:\/\/www.hotelgrandsaigon.com\/vi\/?s={search_term_string}\"},\"query-input\":\"required name=search_term_string\"}],\"inLanguage\":\"vi-VN\"}]}<\/script>\n<!-- \/ Yoast SEO plugin. -->","yoast_head_json":{"title":"Ti\u1ec7c C\u01b0\u1edbi - Hotel Grand Saigon","robots":{"index":"index","follow":"follow","max-snippet":"max-snippet:-1","max-image-preview":"max-image-preview:large","max-video-preview":"max-video-preview:-1"},"canonical":"https:\/\/www.hotelgrandsaigon.com\/vi\/wedding\/","og_locale":"vi_VN","og_type":"article","og_title":"Ti\u1ec7c C\u01b0\u1edbi - Hotel Grand Saigon","og_description":"Ai c\u0169ng x\u1ee9ng \u0111\u00e1ng c\u00f3 m\u1ed9t \u0111\u00e1m c\u01b0\u1edbi trong m\u01a1. \u0110\u1ec3 th\u1ef1c hi\u1ec7n \u0111\u01b0\u1ee3c \u0111i\u1ec1u \u0111\u00f3, qu\u00fd kh\u00e1ch s\u1ebd mu\u1ed1n l\u1ef1a ch\u1ecdn b\u1ed1i c\u1ea3nh c\u1ed5 t\u00edch, d\u1ecbch v\u1ee5 cao c\u1ea5p t\u01b0\u01a1ng x\u1ee9ng. V\u00e0 h\u01a1n h\u1ebft, ng\u00e0y tuy\u1ec7t v\u1eddi nh\u1ea5t trong cu\u1ed9c \u0111\u1eddi x\u1ee9ng \u0111\u00e1ng \u0111\u01b0\u1ee3c di\u1ec5n ra \u1edf v\u1ecb tr\u00ed \u0111\u1eb9p nh\u1ea5t. H\u00e3y \u0111\u1ebfn v\u1edbi [&hellip;]","og_url":"https:\/\/www.hotelgrandsaigon.com\/vi\/wedding\/","og_site_name":"Hotel Grand Saigon","article_modified_time":"2026-04-09T02:33:41+00:00","og_image":[{"width":1024,"height":559,"url":"https:\/\/www.hotelgrandsaigon.com\/wp-content\/uploads\/sites\/8\/2025\/05\/website-max-450KB.-wedding-1024x559.png","type":"image\/png"}],"twitter_card":"summary_large_image","twitter_misc":{"Est. reading time":"1 minute"},"schema":{"@context":"https:\/\/schema.org","@graph":[{"@type":"WebPage","@id":"https:\/\/www.hotelgrandsaigon.com\/vi\/wedding\/","url":"https:\/\/www.hotelgrandsaigon.com\/vi\/wedding\/","name":"Ti\u1ec7c C\u01b0\u1edbi - Hotel Grand Saigon","isPartOf":{"@id":"https:\/\/www.hotelgrandsaigon.com\/vi\/#website"},"primaryImageOfPage":{"@id":"https:\/\/www.hotelgrandsaigon.com\/vi\/wedding\/#primaryimage"},"image":{"@id":"https:\/\/www.hotelgrandsaigon.com\/vi\/wedding\/#primaryimage"},"thumbnailUrl":"https:\/\/www.hotelgrandsaigon.com\/wp-content\/uploads\/sites\/8\/2025\/05\/website-max-450KB.-wedding.png","datePublished":"2023-08-03T02:43:25+00:00","dateModified":"2026-04-09T02:33:41+00:00","breadcrumb":{"@id":"https:\/\/www.hotelgrandsaigon.com\/vi\/wedding\/#breadcrumb"},"inLanguage":"vi-VN","potentialAction":[{"@type":"ReadAction","target":["https:\/\/www.hotelgrandsaigon.com\/vi\/wedding\/"]}]},{"@type":"ImageObject","inLanguage":"vi-VN","@id":"https:\/\/www.hotelgrandsaigon.com\/vi\/wedding\/#primaryimage","url":"https:\/\/www.hotelgrandsaigon.com\/wp-content\/uploads\/sites\/8\/2025\/05\/website-max-450KB.-wedding.png","contentUrl":"https:\/\/www.hotelgrandsaigon.com\/wp-content\/uploads\/sites\/8\/2025\/05\/website-max-450KB.-wedding.png","width":2200,"height":1200},{"@type":"BreadcrumbList","@id":"https:\/\/www.hotelgrandsaigon.com\/vi\/wedding\/#breadcrumb","itemListElement":[{"@type":"ListItem","position":1,"name":"Home","item":"https:\/\/www.hotelgrandsaigon.com\/vi\/"},{"@type":"ListItem","position":2,"name":"Ti\u1ec7c C\u01b0\u1edbi"}]},{"@type":"WebSite","@id":"https:\/\/www.hotelgrandsaigon.com\/vi\/#website","url":"https:\/\/www.hotelgrandsaigon.com\/vi\/","name":"Hotel Grand Saigon","description":"","potentialAction":[{"@type":"SearchAction","target":{"@type":"EntryPoint","urlTemplate":"https:\/\/www.hotelgrandsaigon.com\/vi\/?s={search_term_string}"},"query-input":"required name=search_term_string"}],"inLanguage":"vi-VN"}]}},"acf":[],"_links":{"self":[{"href":"https:\/\/www.hotelgrandsaigon.com\/vi\/wp-json\/wp\/v2\/pages\/380"}],"collection":[{"href":"https:\/\/www.hotelgrandsaigon.com\/vi\/wp-json\/wp\/v2\/pages"}],"about":[{"href":"https:\/\/www.hotelgrandsaigon.com\/vi\/wp-json\/wp\/v2\/types\/page"}],"author":[{"embeddable":true,"href":"https:\/\/www.hotelgrandsaigon.com\/vi\/wp-json\/wp\/v2\/users\/4"}],"replies":[{"embeddable":true,"href":"https:\/\/www.hotelgrandsaigon.com\/vi\/wp-json\/wp\/v2\/comments?post=380"}],"version-history":[{"count":0,"href":"https:\/\/www.hotelgrandsaigon.com\/vi\/wp-json\/wp\/v2\/pages\/380\/revisions"}],"wp:featuredmedia":[{"embeddable":true,"href":"https:\/\/www.hotelgrandsaigon.com\/vi\/wp-json\/wp\/v2\/media\/2230"}],"wp:attachment":[{"href":"https:\/\/www.hotelgrandsaigon.com\/vi\/wp-json\/wp\/v2\/media?parent=380"}],"curies":[{"name":"wp","href":"https:\/\/api.w.org\/{rel}","templated":true}]}}