{"id":376,"date":"2024-08-13T06:00:27","date_gmt":"2024-08-13T06:00:27","guid":{"rendered":"https:\/\/hotel-grand-saigon.ms2.decms.asia\/dining\/saigon-palace\/"},"modified":"2026-03-27T09:18:56","modified_gmt":"2026-03-27T09:18:56","slug":"saigon-palace","status":"publish","type":"page","link":"https:\/\/www.hotelgrandsaigon.com\/vi\/restaurants-rooftop-bars\/saigon-palace\/","title":{"rendered":"Saigon Palace"},"content":{"rendered":"<p data-start=\"0\" data-end=\"335\">N\u1eb1m trong m\u1ed9t trong nh\u1eefng kh\u00e1ch s\u1ea1n l\u00e2u \u0111\u1eddi nh\u1ea5t t\u1ea1i Th\u00e0nh ph\u1ed1 H\u1ed3 Ch\u00ed Minh, <strong data-start=\"76\" data-end=\"102\">Nh\u00e0 h\u00e0ng Saigon Palace<\/strong> h\u00e2n h\u1ea1nh mang \u0111\u1ebfn cho b\u1ea1n m\u1ed9t tr\u1ea3i nghi\u1ec7m \u1ea9m th\u1ef1c tinh t\u1ebf, t\u00f4n vinh h\u01b0\u01a1ng v\u1ecb \u0111\u1eadm \u0111\u00e0 c\u1ee7a \u1ea9m th\u1ef1c Vi\u1ec7t Nam. H\u00e3y b\u1eaft \u0111\u1ea7u ng\u00e0y m\u1edbi v\u1edbi <strong data-start=\"234\" data-end=\"260\">buffet s\u00e1ng th\u1ecbnh so\u1ea1n<\/strong>, g\u1ed3m nhi\u1ec1u m\u00f3n ngon \u0111\u1ecba ph\u01b0\u01a1ng v\u00e0 qu\u1ed1c t\u1ebf, ti\u1ebfp th\u00eam n\u0103ng l\u01b0\u1ee3ng cho b\u1ea1n.<\/p>\n<p data-start=\"337\" data-end=\"615\">V\u00e0o bu\u1ed5i tr\u01b0a, h\u00e3y th\u01b0\u1edfng th\u1ee9c <strong data-start=\"368\" data-end=\"389\">th\u1ef1c \u0111\u01a1n<\/strong> \u0111\u01b0\u1ee3c ch\u1ecdn l\u1ecdc k\u1ef9 l\u01b0\u1ee1ng, th\u1ec3 hi\u1ec7n tr\u1ecdn v\u1eb9n h\u01b0\u01a1ng v\u1ecb c\u1ee7a nh\u1eefng m\u00f3n \u0103n \u0111\u1eb7c s\u1eafc Vi\u1ec7t Nam. V\u1edbi <strong data-start=\"479\" data-end=\"502\">\u0111a d\u1ea1ng m\u00f3n \u0103n chay <\/strong>v\u00e0o c\u00e1c ng\u00e0y r\u1eb1m v\u00e0 m\u1ed3ng 1\u00a0c\u00f9ng nguy\u00ean li\u1ec7u t\u01b0\u01a1i ngon, ch\u1ea5t l\u01b0\u1ee3ng cao, m\u1ed7i m\u00f3n \u0103n \u0111\u1ec1u \u0111\u01b0\u1ee3c ch\u1ebf bi\u1ebfn t\u1ec9 m\u1ec9 \u0111\u1ec3 l\u00e0m h\u00e0i l\u00f2ng m\u1ecdi th\u1ef1c kh\u00e1ch.<\/p>\n<p data-start=\"617\" data-end=\"769\" data-is-last-node=\"\">Tr\u1ea3i nghi\u1ec7m s\u1ef1 hi\u1ebfu kh\u00e1ch \u1ea5m \u00e1p c\u1ee7a ng\u01b0\u1eddi Vi\u1ec7t v\u00e0 ngh\u1ec7 thu\u1eadt \u1ea9m th\u1ef1c truy\u1ec1n th\u1ed1ng t\u1ea1i <strong data-start=\"703\" data-end=\"729\">Nh\u00e0 h\u00e0ng Saigon Palace<\/strong> \u2013 n\u01a1i m\u1ed7i m\u00f3n \u0103n \u0111\u1ec1u k\u1ec3 m\u1ed9t c\u00e2u chuy\u1ec7n.<\/p>\n<div dir=\"auto\"><\/div>\n","protected":false},"excerpt":{"rendered":"<p>N\u1eb1m trong m\u1ed9t trong nh\u1eefng kh\u00e1ch s\u1ea1n l\u00e2u \u0111\u1eddi nh\u1ea5t t\u1ea1i Th\u00e0nh ph\u1ed1 H\u1ed3 Ch\u00ed Minh, Nh\u00e0 h\u00e0ng Saigon Palace h\u00e2n h\u1ea1nh mang \u0111\u1ebfn cho b\u1ea1n m\u1ed9t tr\u1ea3i nghi\u1ec7m \u1ea9m th\u1ef1c tinh t\u1ebf, t\u00f4n vinh h\u01b0\u01a1ng v\u1ecb \u0111\u1eadm \u0111\u00e0 c\u1ee7a \u1ea9m th\u1ef1c Vi\u1ec7t Nam. H\u00e3y b\u1eaft \u0111\u1ea7u ng\u00e0y m\u1edbi v\u1edbi buffet s\u00e1ng th\u1ecbnh so\u1ea1n, g\u1ed3m [&hellip;]<\/p>\n","protected":false},"author":4,"featured_media":1773,"parent":373,"menu_order":2,"comment_status":"closed","ping_status":"closed","template":"template-single-restaurant.php","meta":{"footnotes":""},"yoast_head":"<!-- This site is optimized with the Yoast SEO plugin v22.3 - https:\/\/yoast.com\/wordpress\/plugins\/seo\/ -->\n<title>Saigon Palace - Hotel Grand Saigon<\/title>\n<meta name=\"description\" content=\"Nh\u00e0 h\u00e0ng ph\u1ee5c v\u1ee5 Buffet s\u00e1ng \u0111a d\u1ea1ng v\u1edbi nhi\u1ec1u h\u01b0\u01a1ng v\u1ecb kh\u00e1c nhau t\u1eeb c\u00e1c m\u00f3n \u00c2u, \u00c1 t\u1ea1i t\u1ea7ng 1 Kh\u00e1ch s\u1ea1n Grand Saigon. Ch\u00fang t\u00f4i mong mu\u1ed1n \u0111\u01b0\u1ee3c ch\u00e0o \u0111\u00f3n qu\u00fd kh\u00e1ch t\u1ea1i Saigon Palace \u0111\u1ec3 tr\u1ea3i nghi\u1ec7m kh\u00f4ng gian t\u01b0\u01a1i m\u1edbi theo phong c\u00e1c l\u00e3ng m\u1ea1n c\u1ed5 \u0111i\u1ec3n c\u1ee7a Ph\u00e1p v\u00e0 th\u01b0\u1edfng th\u1ee9c b\u1eefa s\u00e1ng c\u00f9ng nh\u1eefng m\u00f3n \u0103n \u0111\u1ed9c \u0111\u00e1o l\u00e0m h\u00e0i l\u00f2ng kh\u1ea9u v\u1ecb c\u1ee7a nh\u1eefng th\u1ef1c kh\u00e1ch s\u00e0nh \u0103n nh\u1ea5t.\" \/>\n<meta name=\"robots\" content=\"index, follow, max-snippet:-1, max-image-preview:large, max-video-preview:-1\" \/>\n<link rel=\"canonical\" href=\"https:\/\/www.hotelgrandsaigon.com\/vi\/restaurants-rooftop-bars\/saigon-palace\/\" \/>\n<meta property=\"og:locale\" content=\"vi_VN\" \/>\n<meta property=\"og:type\" content=\"article\" \/>\n<meta property=\"og:title\" content=\"Saigon Palace - Hotel Grand Saigon\" \/>\n<meta property=\"og:description\" content=\"Nh\u00e0 h\u00e0ng ph\u1ee5c v\u1ee5 Buffet s\u00e1ng \u0111a d\u1ea1ng v\u1edbi nhi\u1ec1u h\u01b0\u01a1ng v\u1ecb kh\u00e1c nhau t\u1eeb c\u00e1c m\u00f3n \u00c2u, \u00c1 t\u1ea1i t\u1ea7ng 1 Kh\u00e1ch s\u1ea1n Grand Saigon. Ch\u00fang t\u00f4i mong mu\u1ed1n \u0111\u01b0\u1ee3c ch\u00e0o \u0111\u00f3n qu\u00fd kh\u00e1ch t\u1ea1i Saigon Palace \u0111\u1ec3 tr\u1ea3i nghi\u1ec7m kh\u00f4ng gian t\u01b0\u01a1i m\u1edbi theo phong c\u00e1c l\u00e3ng m\u1ea1n c\u1ed5 \u0111i\u1ec3n c\u1ee7a Ph\u00e1p v\u00e0 th\u01b0\u1edfng th\u1ee9c b\u1eefa s\u00e1ng c\u00f9ng nh\u1eefng m\u00f3n \u0103n \u0111\u1ed9c \u0111\u00e1o l\u00e0m h\u00e0i l\u00f2ng kh\u1ea9u v\u1ecb c\u1ee7a nh\u1eefng th\u1ef1c kh\u00e1ch s\u00e0nh \u0103n nh\u1ea5t.\" \/>\n<meta property=\"og:url\" content=\"https:\/\/www.hotelgrandsaigon.com\/vi\/restaurants-rooftop-bars\/saigon-palace\/\" \/>\n<meta property=\"og:site_name\" content=\"Hotel Grand Saigon\" \/>\n<meta property=\"article:modified_time\" content=\"2026-03-27T09:18:56+00:00\" \/>\n<meta property=\"og:image\" content=\"https:\/\/www.hotelgrandsaigon.com\/wp-content\/uploads\/sites\/8\/2024\/08\/a571955d7647d2198b56-1024x811.png\" \/>\n\t<meta property=\"og:image:width\" content=\"1024\" \/>\n\t<meta property=\"og:image:height\" content=\"811\" \/>\n\t<meta property=\"og:image:type\" content=\"image\/png\" \/>\n<meta name=\"twitter:card\" content=\"summary_large_image\" \/>\n<meta name=\"twitter:label1\" content=\"Est. reading time\" \/>\n\t<meta name=\"twitter:data1\" content=\"1 minute\" \/>\n<script type=\"application\/ld+json\" class=\"yoast-schema-graph\">{\"@context\":\"https:\/\/schema.org\",\"@graph\":[{\"@type\":\"WebPage\",\"@id\":\"https:\/\/www.hotelgrandsaigon.com\/vi\/restaurants-rooftop-bars\/saigon-palace\/\",\"url\":\"https:\/\/www.hotelgrandsaigon.com\/vi\/restaurants-rooftop-bars\/saigon-palace\/\",\"name\":\"Saigon Palace - Hotel Grand Saigon\",\"isPartOf\":{\"@id\":\"https:\/\/www.hotelgrandsaigon.com\/vi\/#website\"},\"primaryImageOfPage\":{\"@id\":\"https:\/\/www.hotelgrandsaigon.com\/vi\/restaurants-rooftop-bars\/saigon-palace\/#primaryimage\"},\"image\":{\"@id\":\"https:\/\/www.hotelgrandsaigon.com\/vi\/restaurants-rooftop-bars\/saigon-palace\/#primaryimage\"},\"thumbnailUrl\":\"https:\/\/www.hotelgrandsaigon.com\/wp-content\/uploads\/sites\/8\/2024\/08\/a571955d7647d2198b56.jpg\",\"datePublished\":\"2024-08-13T06:00:27+00:00\",\"dateModified\":\"2026-03-27T09:18:56+00:00\",\"description\":\"Nh\u00e0 h\u00e0ng ph\u1ee5c v\u1ee5 Buffet s\u00e1ng \u0111a d\u1ea1ng v\u1edbi nhi\u1ec1u h\u01b0\u01a1ng v\u1ecb kh\u00e1c nhau t\u1eeb c\u00e1c m\u00f3n \u00c2u, \u00c1 t\u1ea1i t\u1ea7ng 1 Kh\u00e1ch s\u1ea1n Grand Saigon. Ch\u00fang t\u00f4i mong mu\u1ed1n \u0111\u01b0\u1ee3c ch\u00e0o \u0111\u00f3n qu\u00fd kh\u00e1ch t\u1ea1i Saigon Palace \u0111\u1ec3 tr\u1ea3i nghi\u1ec7m kh\u00f4ng gian t\u01b0\u01a1i m\u1edbi theo phong c\u00e1c l\u00e3ng m\u1ea1n c\u1ed5 \u0111i\u1ec3n c\u1ee7a Ph\u00e1p v\u00e0 th\u01b0\u1edfng th\u1ee9c b\u1eefa s\u00e1ng c\u00f9ng nh\u1eefng m\u00f3n \u0103n \u0111\u1ed9c \u0111\u00e1o l\u00e0m h\u00e0i l\u00f2ng kh\u1ea9u v\u1ecb c\u1ee7a nh\u1eefng th\u1ef1c kh\u00e1ch s\u00e0nh \u0103n nh\u1ea5t.\",\"breadcrumb\":{\"@id\":\"https:\/\/www.hotelgrandsaigon.com\/vi\/restaurants-rooftop-bars\/saigon-palace\/#breadcrumb\"},\"inLanguage\":\"vi-VN\",\"potentialAction\":[{\"@type\":\"ReadAction\",\"target\":[\"https:\/\/www.hotelgrandsaigon.com\/vi\/restaurants-rooftop-bars\/saigon-palace\/\"]}]},{\"@type\":\"ImageObject\",\"inLanguage\":\"vi-VN\",\"@id\":\"https:\/\/www.hotelgrandsaigon.com\/vi\/restaurants-rooftop-bars\/saigon-palace\/#primaryimage\",\"url\":\"https:\/\/www.hotelgrandsaigon.com\/wp-content\/uploads\/sites\/8\/2024\/08\/a571955d7647d2198b56.jpg\",\"contentUrl\":\"https:\/\/www.hotelgrandsaigon.com\/wp-content\/uploads\/sites\/8\/2024\/08\/a571955d7647d2198b56.jpg\",\"width\":2200,\"height\":1742},{\"@type\":\"BreadcrumbList\",\"@id\":\"https:\/\/www.hotelgrandsaigon.com\/vi\/restaurants-rooftop-bars\/saigon-palace\/#breadcrumb\",\"itemListElement\":[{\"@type\":\"ListItem\",\"position\":1,\"name\":\"Home\",\"item\":\"https:\/\/www.hotelgrandsaigon.com\/vi\/\"},{\"@type\":\"ListItem\",\"position\":2,\"name\":\"Nh\u00e0 h\u00e0ng &amp; Bar\",\"item\":\"https:\/\/www.hotelgrandsaigon.com\/vi\/restaurants-rooftop-bars\/\"},{\"@type\":\"ListItem\",\"position\":3,\"name\":\"Saigon Palace\"}]},{\"@type\":\"WebSite\",\"@id\":\"https:\/\/www.hotelgrandsaigon.com\/vi\/#website\",\"url\":\"https:\/\/www.hotelgrandsaigon.com\/vi\/\",\"name\":\"Hotel Grand Saigon\",\"description\":\"\",\"potentialAction\":[{\"@type\":\"SearchAction\",\"target\":{\"@type\":\"EntryPoint\",\"urlTemplate\":\"https:\/\/www.hotelgrandsaigon.com\/vi\/?s={search_term_string}\"},\"query-input\":\"required name=search_term_string\"}],\"inLanguage\":\"vi-VN\"}]}<\/script>\n<!-- \/ Yoast SEO plugin. -->","yoast_head_json":{"title":"Saigon Palace - Hotel Grand Saigon","description":"Nh\u00e0 h\u00e0ng ph\u1ee5c v\u1ee5 Buffet s\u00e1ng \u0111a d\u1ea1ng v\u1edbi nhi\u1ec1u h\u01b0\u01a1ng v\u1ecb kh\u00e1c nhau t\u1eeb c\u00e1c m\u00f3n \u00c2u, \u00c1 t\u1ea1i t\u1ea7ng 1 Kh\u00e1ch s\u1ea1n Grand Saigon. Ch\u00fang t\u00f4i mong mu\u1ed1n \u0111\u01b0\u1ee3c ch\u00e0o \u0111\u00f3n qu\u00fd kh\u00e1ch t\u1ea1i Saigon Palace \u0111\u1ec3 tr\u1ea3i nghi\u1ec7m kh\u00f4ng gian t\u01b0\u01a1i m\u1edbi theo phong c\u00e1c l\u00e3ng m\u1ea1n c\u1ed5 \u0111i\u1ec3n c\u1ee7a Ph\u00e1p v\u00e0 th\u01b0\u1edfng th\u1ee9c b\u1eefa s\u00e1ng c\u00f9ng nh\u1eefng m\u00f3n \u0103n \u0111\u1ed9c \u0111\u00e1o l\u00e0m h\u00e0i l\u00f2ng kh\u1ea9u v\u1ecb c\u1ee7a nh\u1eefng th\u1ef1c kh\u00e1ch s\u00e0nh \u0103n nh\u1ea5t.","robots":{"index":"index","follow":"follow","max-snippet":"max-snippet:-1","max-image-preview":"max-image-preview:large","max-video-preview":"max-video-preview:-1"},"canonical":"https:\/\/www.hotelgrandsaigon.com\/vi\/restaurants-rooftop-bars\/saigon-palace\/","og_locale":"vi_VN","og_type":"article","og_title":"Saigon Palace - Hotel Grand Saigon","og_description":"Nh\u00e0 h\u00e0ng ph\u1ee5c v\u1ee5 Buffet s\u00e1ng \u0111a d\u1ea1ng v\u1edbi nhi\u1ec1u h\u01b0\u01a1ng v\u1ecb kh\u00e1c nhau t\u1eeb c\u00e1c m\u00f3n \u00c2u, \u00c1 t\u1ea1i t\u1ea7ng 1 Kh\u00e1ch s\u1ea1n Grand Saigon. Ch\u00fang t\u00f4i mong mu\u1ed1n \u0111\u01b0\u1ee3c ch\u00e0o \u0111\u00f3n qu\u00fd kh\u00e1ch t\u1ea1i Saigon Palace \u0111\u1ec3 tr\u1ea3i nghi\u1ec7m kh\u00f4ng gian t\u01b0\u01a1i m\u1edbi theo phong c\u00e1c l\u00e3ng m\u1ea1n c\u1ed5 \u0111i\u1ec3n c\u1ee7a Ph\u00e1p v\u00e0 th\u01b0\u1edfng th\u1ee9c b\u1eefa s\u00e1ng c\u00f9ng nh\u1eefng m\u00f3n \u0103n \u0111\u1ed9c \u0111\u00e1o l\u00e0m h\u00e0i l\u00f2ng kh\u1ea9u v\u1ecb c\u1ee7a nh\u1eefng th\u1ef1c kh\u00e1ch s\u00e0nh \u0103n nh\u1ea5t.","og_url":"https:\/\/www.hotelgrandsaigon.com\/vi\/restaurants-rooftop-bars\/saigon-palace\/","og_site_name":"Hotel Grand Saigon","article_modified_time":"2026-03-27T09:18:56+00:00","og_image":[{"width":1024,"height":811,"url":"https:\/\/www.hotelgrandsaigon.com\/wp-content\/uploads\/sites\/8\/2024\/08\/a571955d7647d2198b56-1024x811.png","type":"image\/png"}],"twitter_card":"summary_large_image","twitter_misc":{"Est. reading time":"1 minute"},"schema":{"@context":"https:\/\/schema.org","@graph":[{"@type":"WebPage","@id":"https:\/\/www.hotelgrandsaigon.com\/vi\/restaurants-rooftop-bars\/saigon-palace\/","url":"https:\/\/www.hotelgrandsaigon.com\/vi\/restaurants-rooftop-bars\/saigon-palace\/","name":"Saigon Palace - Hotel Grand Saigon","isPartOf":{"@id":"https:\/\/www.hotelgrandsaigon.com\/vi\/#website"},"primaryImageOfPage":{"@id":"https:\/\/www.hotelgrandsaigon.com\/vi\/restaurants-rooftop-bars\/saigon-palace\/#primaryimage"},"image":{"@id":"https:\/\/www.hotelgrandsaigon.com\/vi\/restaurants-rooftop-bars\/saigon-palace\/#primaryimage"},"thumbnailUrl":"https:\/\/www.hotelgrandsaigon.com\/wp-content\/uploads\/sites\/8\/2024\/08\/a571955d7647d2198b56.jpg","datePublished":"2024-08-13T06:00:27+00:00","dateModified":"2026-03-27T09:18:56+00:00","description":"Nh\u00e0 h\u00e0ng ph\u1ee5c v\u1ee5 Buffet s\u00e1ng \u0111a d\u1ea1ng v\u1edbi nhi\u1ec1u h\u01b0\u01a1ng v\u1ecb kh\u00e1c nhau t\u1eeb c\u00e1c m\u00f3n \u00c2u, \u00c1 t\u1ea1i t\u1ea7ng 1 Kh\u00e1ch s\u1ea1n Grand Saigon. Ch\u00fang t\u00f4i mong mu\u1ed1n \u0111\u01b0\u1ee3c ch\u00e0o \u0111\u00f3n qu\u00fd kh\u00e1ch t\u1ea1i Saigon Palace \u0111\u1ec3 tr\u1ea3i nghi\u1ec7m kh\u00f4ng gian t\u01b0\u01a1i m\u1edbi theo phong c\u00e1c l\u00e3ng m\u1ea1n c\u1ed5 \u0111i\u1ec3n c\u1ee7a Ph\u00e1p v\u00e0 th\u01b0\u1edfng th\u1ee9c b\u1eefa s\u00e1ng c\u00f9ng nh\u1eefng m\u00f3n \u0103n \u0111\u1ed9c \u0111\u00e1o l\u00e0m h\u00e0i l\u00f2ng kh\u1ea9u v\u1ecb c\u1ee7a nh\u1eefng th\u1ef1c kh\u00e1ch s\u00e0nh \u0103n nh\u1ea5t.","breadcrumb":{"@id":"https:\/\/www.hotelgrandsaigon.com\/vi\/restaurants-rooftop-bars\/saigon-palace\/#breadcrumb"},"inLanguage":"vi-VN","potentialAction":[{"@type":"ReadAction","target":["https:\/\/www.hotelgrandsaigon.com\/vi\/restaurants-rooftop-bars\/saigon-palace\/"]}]},{"@type":"ImageObject","inLanguage":"vi-VN","@id":"https:\/\/www.hotelgrandsaigon.com\/vi\/restaurants-rooftop-bars\/saigon-palace\/#primaryimage","url":"https:\/\/www.hotelgrandsaigon.com\/wp-content\/uploads\/sites\/8\/2024\/08\/a571955d7647d2198b56.jpg","contentUrl":"https:\/\/www.hotelgrandsaigon.com\/wp-content\/uploads\/sites\/8\/2024\/08\/a571955d7647d2198b56.jpg","width":2200,"height":1742},{"@type":"BreadcrumbList","@id":"https:\/\/www.hotelgrandsaigon.com\/vi\/restaurants-rooftop-bars\/saigon-palace\/#breadcrumb","itemListElement":[{"@type":"ListItem","position":1,"name":"Home","item":"https:\/\/www.hotelgrandsaigon.com\/vi\/"},{"@type":"ListItem","position":2,"name":"Nh\u00e0 h\u00e0ng &amp; Bar","item":"https:\/\/www.hotelgrandsaigon.com\/vi\/restaurants-rooftop-bars\/"},{"@type":"ListItem","position":3,"name":"Saigon Palace"}]},{"@type":"WebSite","@id":"https:\/\/www.hotelgrandsaigon.com\/vi\/#website","url":"https:\/\/www.hotelgrandsaigon.com\/vi\/","name":"Hotel Grand Saigon","description":"","potentialAction":[{"@type":"SearchAction","target":{"@type":"EntryPoint","urlTemplate":"https:\/\/www.hotelgrandsaigon.com\/vi\/?s={search_term_string}"},"query-input":"required name=search_term_string"}],"inLanguage":"vi-VN"}]}},"acf":[],"_links":{"self":[{"href":"https:\/\/www.hotelgrandsaigon.com\/vi\/wp-json\/wp\/v2\/pages\/376"}],"collection":[{"href":"https:\/\/www.hotelgrandsaigon.com\/vi\/wp-json\/wp\/v2\/pages"}],"about":[{"href":"https:\/\/www.hotelgrandsaigon.com\/vi\/wp-json\/wp\/v2\/types\/page"}],"author":[{"embeddable":true,"href":"https:\/\/www.hotelgrandsaigon.com\/vi\/wp-json\/wp\/v2\/users\/4"}],"replies":[{"embeddable":true,"href":"https:\/\/www.hotelgrandsaigon.com\/vi\/wp-json\/wp\/v2\/comments?post=376"}],"version-history":[{"count":0,"href":"https:\/\/www.hotelgrandsaigon.com\/vi\/wp-json\/wp\/v2\/pages\/376\/revisions"}],"up":[{"embeddable":true,"href":"https:\/\/www.hotelgrandsaigon.com\/vi\/wp-json\/wp\/v2\/pages\/373"}],"wp:featuredmedia":[{"embeddable":true,"href":"https:\/\/www.hotelgrandsaigon.com\/vi\/wp-json\/wp\/v2\/media\/1773"}],"wp:attachment":[{"href":"https:\/\/www.hotelgrandsaigon.com\/vi\/wp-json\/wp\/v2\/media?parent=376"}],"curies":[{"name":"wp","href":"https:\/\/api.w.org\/{rel}","templated":true}]}}