{"id":374,"date":"2023-08-02T07:51:59","date_gmt":"2023-08-02T07:51:59","guid":{"rendered":"https:\/\/hotel-grand-saigon.ms2.decms.asia\/dining\/bar-des-amis\/"},"modified":"2026-03-27T09:30:20","modified_gmt":"2026-03-27T09:30:20","slug":"bar-des-amis","status":"publish","type":"page","link":"https:\/\/www.hotelgrandsaigon.com\/vi\/restaurants-rooftop-bars\/bar-des-amis\/","title":{"rendered":"Bar Des Amis"},"content":{"rendered":"<p>N\u1eb1m b\u00ean h\u1ed3 b\u01a1i, Bar Des Amis l\u00e0 m\u1ed9t \u0111\u1ecba \u0111i\u1ec3m kh\u00f4ng th\u1ec3 b\u1ecf l\u1ee1 khi Qu\u00fd kh\u00e1ch mu\u1ed1n d\u00e0nh th\u1eddi gian th\u01b0\u1edfng th\u1ee9c nh\u1eefng m\u00f3n \u0103n nh\u1eb9, th\u1ee9c u\u1ed1ng m\u00e1t l\u00e0nh trong khi b\u01a1i l\u1ed9i, t\u1eafm n\u1eafng ho\u1eb7c t\u1eadn h\u01b0\u1edfng kh\u00f4ng gian tho\u00e1ng \u0111\u00e3ng trong l\u00e0nh gi\u1eefa v\u01b0\u1eddn hoa \u0111\u1ed9c \u0111\u00e1o.<\/p>\n<p>&nbsp;<\/p>\n","protected":false},"excerpt":{"rendered":"<p>N\u1eb1m b\u00ean h\u1ed3 b\u01a1i, Bar Des Amis l\u00e0 m\u1ed9t \u0111\u1ecba \u0111i\u1ec3m kh\u00f4ng th\u1ec3 b\u1ecf l\u1ee1 khi Qu\u00fd kh\u00e1ch mu\u1ed1n d\u00e0nh th\u1eddi gian th\u01b0\u1edfng th\u1ee9c nh\u1eefng m\u00f3n \u0103n nh\u1eb9, th\u1ee9c u\u1ed1ng m\u00e1t l\u00e0nh trong khi b\u01a1i l\u1ed9i, t\u1eafm n\u1eafng ho\u1eb7c t\u1eadn h\u01b0\u1edfng kh\u00f4ng gian tho\u00e1ng \u0111\u00e3ng trong l\u00e0nh gi\u1eefa v\u01b0\u1eddn hoa \u0111\u1ed9c \u0111\u00e1o. &nbsp;<\/p>\n","protected":false},"author":4,"featured_media":2286,"parent":373,"menu_order":3,"comment_status":"closed","ping_status":"closed","template":"template-single-restaurant.php","meta":{"footnotes":""},"yoast_head":"<!-- This site is optimized with the Yoast SEO plugin v22.3 - https:\/\/yoast.com\/wordpress\/plugins\/seo\/ -->\n<title>Bar Des Amis - Hotel Grand Saigon<\/title>\n<meta name=\"robots\" content=\"index, follow, max-snippet:-1, max-image-preview:large, max-video-preview:-1\" \/>\n<link rel=\"canonical\" href=\"https:\/\/www.hotelgrandsaigon.com\/vi\/restaurants-rooftop-bars\/bar-des-amis\/\" \/>\n<meta property=\"og:locale\" content=\"vi_VN\" \/>\n<meta property=\"og:type\" content=\"article\" \/>\n<meta property=\"og:title\" content=\"Bar Des Amis - Hotel Grand Saigon\" \/>\n<meta property=\"og:description\" content=\"N\u1eb1m b\u00ean h\u1ed3 b\u01a1i, Bar Des Amis l\u00e0 m\u1ed9t \u0111\u1ecba \u0111i\u1ec3m kh\u00f4ng th\u1ec3 b\u1ecf l\u1ee1 khi Qu\u00fd kh\u00e1ch mu\u1ed1n d\u00e0nh th\u1eddi gian th\u01b0\u1edfng th\u1ee9c nh\u1eefng m\u00f3n \u0103n nh\u1eb9, th\u1ee9c u\u1ed1ng m\u00e1t l\u00e0nh trong khi b\u01a1i l\u1ed9i, t\u1eafm n\u1eafng ho\u1eb7c t\u1eadn h\u01b0\u1edfng kh\u00f4ng gian tho\u00e1ng \u0111\u00e3ng trong l\u00e0nh gi\u1eefa v\u01b0\u1eddn hoa \u0111\u1ed9c \u0111\u00e1o. &nbsp;\" \/>\n<meta property=\"og:url\" content=\"https:\/\/www.hotelgrandsaigon.com\/vi\/restaurants-rooftop-bars\/bar-des-amis\/\" \/>\n<meta property=\"og:site_name\" content=\"Hotel Grand Saigon\" \/>\n<meta property=\"article:modified_time\" content=\"2026-03-27T09:30:20+00:00\" \/>\n<meta property=\"og:image\" content=\"https:\/\/www.hotelgrandsaigon.com\/wp-content\/uploads\/sites\/8\/2025\/08\/IMG_0146.jpg\" \/>\n\t<meta property=\"og:image:width\" content=\"2200\" \/>\n\t<meta property=\"og:image:height\" content=\"1467\" \/>\n\t<meta property=\"og:image:type\" content=\"image\/jpeg\" \/>\n<meta name=\"twitter:card\" content=\"summary_large_image\" \/>\n<meta name=\"twitter:label1\" content=\"Est. reading time\" \/>\n\t<meta name=\"twitter:data1\" content=\"1 minute\" \/>\n<script type=\"application\/ld+json\" class=\"yoast-schema-graph\">{\"@context\":\"https:\/\/schema.org\",\"@graph\":[{\"@type\":\"WebPage\",\"@id\":\"https:\/\/www.hotelgrandsaigon.com\/vi\/restaurants-rooftop-bars\/bar-des-amis\/\",\"url\":\"https:\/\/www.hotelgrandsaigon.com\/vi\/restaurants-rooftop-bars\/bar-des-amis\/\",\"name\":\"Bar Des Amis - Hotel Grand Saigon\",\"isPartOf\":{\"@id\":\"https:\/\/www.hotelgrandsaigon.com\/vi\/#website\"},\"primaryImageOfPage\":{\"@id\":\"https:\/\/www.hotelgrandsaigon.com\/vi\/restaurants-rooftop-bars\/bar-des-amis\/#primaryimage\"},\"image\":{\"@id\":\"https:\/\/www.hotelgrandsaigon.com\/vi\/restaurants-rooftop-bars\/bar-des-amis\/#primaryimage\"},\"thumbnailUrl\":\"https:\/\/www.hotelgrandsaigon.com\/wp-content\/uploads\/sites\/8\/2025\/08\/IMG_0146.jpg\",\"datePublished\":\"2023-08-02T07:51:59+00:00\",\"dateModified\":\"2026-03-27T09:30:20+00:00\",\"breadcrumb\":{\"@id\":\"https:\/\/www.hotelgrandsaigon.com\/vi\/restaurants-rooftop-bars\/bar-des-amis\/#breadcrumb\"},\"inLanguage\":\"vi-VN\",\"potentialAction\":[{\"@type\":\"ReadAction\",\"target\":[\"https:\/\/www.hotelgrandsaigon.com\/vi\/restaurants-rooftop-bars\/bar-des-amis\/\"]}]},{\"@type\":\"ImageObject\",\"inLanguage\":\"vi-VN\",\"@id\":\"https:\/\/www.hotelgrandsaigon.com\/vi\/restaurants-rooftop-bars\/bar-des-amis\/#primaryimage\",\"url\":\"https:\/\/www.hotelgrandsaigon.com\/wp-content\/uploads\/sites\/8\/2025\/08\/IMG_0146.jpg\",\"contentUrl\":\"https:\/\/www.hotelgrandsaigon.com\/wp-content\/uploads\/sites\/8\/2025\/08\/IMG_0146.jpg\",\"width\":2200,\"height\":1467},{\"@type\":\"BreadcrumbList\",\"@id\":\"https:\/\/www.hotelgrandsaigon.com\/vi\/restaurants-rooftop-bars\/bar-des-amis\/#breadcrumb\",\"itemListElement\":[{\"@type\":\"ListItem\",\"position\":1,\"name\":\"Home\",\"item\":\"https:\/\/www.hotelgrandsaigon.com\/vi\/\"},{\"@type\":\"ListItem\",\"position\":2,\"name\":\"Nh\u00e0 h\u00e0ng &amp; Bar\",\"item\":\"https:\/\/www.hotelgrandsaigon.com\/vi\/restaurants-rooftop-bars\/\"},{\"@type\":\"ListItem\",\"position\":3,\"name\":\"Bar Des Amis\"}]},{\"@type\":\"WebSite\",\"@id\":\"https:\/\/www.hotelgrandsaigon.com\/vi\/#website\",\"url\":\"https:\/\/www.hotelgrandsaigon.com\/vi\/\",\"name\":\"Hotel Grand Saigon\",\"description\":\"\",\"potentialAction\":[{\"@type\":\"SearchAction\",\"target\":{\"@type\":\"EntryPoint\",\"urlTemplate\":\"https:\/\/www.hotelgrandsaigon.com\/vi\/?s={search_term_string}\"},\"query-input\":\"required name=search_term_string\"}],\"inLanguage\":\"vi-VN\"}]}<\/script>\n<!-- \/ Yoast SEO plugin. -->","yoast_head_json":{"title":"Bar Des Amis - Hotel Grand Saigon","robots":{"index":"index","follow":"follow","max-snippet":"max-snippet:-1","max-image-preview":"max-image-preview:large","max-video-preview":"max-video-preview:-1"},"canonical":"https:\/\/www.hotelgrandsaigon.com\/vi\/restaurants-rooftop-bars\/bar-des-amis\/","og_locale":"vi_VN","og_type":"article","og_title":"Bar Des Amis - Hotel Grand Saigon","og_description":"N\u1eb1m b\u00ean h\u1ed3 b\u01a1i, Bar Des Amis l\u00e0 m\u1ed9t \u0111\u1ecba \u0111i\u1ec3m kh\u00f4ng th\u1ec3 b\u1ecf l\u1ee1 khi Qu\u00fd kh\u00e1ch mu\u1ed1n d\u00e0nh th\u1eddi gian th\u01b0\u1edfng th\u1ee9c nh\u1eefng m\u00f3n \u0103n nh\u1eb9, th\u1ee9c u\u1ed1ng m\u00e1t l\u00e0nh trong khi b\u01a1i l\u1ed9i, t\u1eafm n\u1eafng ho\u1eb7c t\u1eadn h\u01b0\u1edfng kh\u00f4ng gian tho\u00e1ng \u0111\u00e3ng trong l\u00e0nh gi\u1eefa v\u01b0\u1eddn hoa \u0111\u1ed9c \u0111\u00e1o. &nbsp;","og_url":"https:\/\/www.hotelgrandsaigon.com\/vi\/restaurants-rooftop-bars\/bar-des-amis\/","og_site_name":"Hotel Grand Saigon","article_modified_time":"2026-03-27T09:30:20+00:00","og_image":[{"width":2200,"height":1467,"url":"https:\/\/www.hotelgrandsaigon.com\/wp-content\/uploads\/sites\/8\/2025\/08\/IMG_0146.jpg","type":"image\/jpeg"}],"twitter_card":"summary_large_image","twitter_misc":{"Est. reading time":"1 minute"},"schema":{"@context":"https:\/\/schema.org","@graph":[{"@type":"WebPage","@id":"https:\/\/www.hotelgrandsaigon.com\/vi\/restaurants-rooftop-bars\/bar-des-amis\/","url":"https:\/\/www.hotelgrandsaigon.com\/vi\/restaurants-rooftop-bars\/bar-des-amis\/","name":"Bar Des Amis - Hotel Grand Saigon","isPartOf":{"@id":"https:\/\/www.hotelgrandsaigon.com\/vi\/#website"},"primaryImageOfPage":{"@id":"https:\/\/www.hotelgrandsaigon.com\/vi\/restaurants-rooftop-bars\/bar-des-amis\/#primaryimage"},"image":{"@id":"https:\/\/www.hotelgrandsaigon.com\/vi\/restaurants-rooftop-bars\/bar-des-amis\/#primaryimage"},"thumbnailUrl":"https:\/\/www.hotelgrandsaigon.com\/wp-content\/uploads\/sites\/8\/2025\/08\/IMG_0146.jpg","datePublished":"2023-08-02T07:51:59+00:00","dateModified":"2026-03-27T09:30:20+00:00","breadcrumb":{"@id":"https:\/\/www.hotelgrandsaigon.com\/vi\/restaurants-rooftop-bars\/bar-des-amis\/#breadcrumb"},"inLanguage":"vi-VN","potentialAction":[{"@type":"ReadAction","target":["https:\/\/www.hotelgrandsaigon.com\/vi\/restaurants-rooftop-bars\/bar-des-amis\/"]}]},{"@type":"ImageObject","inLanguage":"vi-VN","@id":"https:\/\/www.hotelgrandsaigon.com\/vi\/restaurants-rooftop-bars\/bar-des-amis\/#primaryimage","url":"https:\/\/www.hotelgrandsaigon.com\/wp-content\/uploads\/sites\/8\/2025\/08\/IMG_0146.jpg","contentUrl":"https:\/\/www.hotelgrandsaigon.com\/wp-content\/uploads\/sites\/8\/2025\/08\/IMG_0146.jpg","width":2200,"height":1467},{"@type":"BreadcrumbList","@id":"https:\/\/www.hotelgrandsaigon.com\/vi\/restaurants-rooftop-bars\/bar-des-amis\/#breadcrumb","itemListElement":[{"@type":"ListItem","position":1,"name":"Home","item":"https:\/\/www.hotelgrandsaigon.com\/vi\/"},{"@type":"ListItem","position":2,"name":"Nh\u00e0 h\u00e0ng &amp; Bar","item":"https:\/\/www.hotelgrandsaigon.com\/vi\/restaurants-rooftop-bars\/"},{"@type":"ListItem","position":3,"name":"Bar Des Amis"}]},{"@type":"WebSite","@id":"https:\/\/www.hotelgrandsaigon.com\/vi\/#website","url":"https:\/\/www.hotelgrandsaigon.com\/vi\/","name":"Hotel Grand Saigon","description":"","potentialAction":[{"@type":"SearchAction","target":{"@type":"EntryPoint","urlTemplate":"https:\/\/www.hotelgrandsaigon.com\/vi\/?s={search_term_string}"},"query-input":"required name=search_term_string"}],"inLanguage":"vi-VN"}]}},"acf":[],"_links":{"self":[{"href":"https:\/\/www.hotelgrandsaigon.com\/vi\/wp-json\/wp\/v2\/pages\/374"}],"collection":[{"href":"https:\/\/www.hotelgrandsaigon.com\/vi\/wp-json\/wp\/v2\/pages"}],"about":[{"href":"https:\/\/www.hotelgrandsaigon.com\/vi\/wp-json\/wp\/v2\/types\/page"}],"author":[{"embeddable":true,"href":"https:\/\/www.hotelgrandsaigon.com\/vi\/wp-json\/wp\/v2\/users\/4"}],"replies":[{"embeddable":true,"href":"https:\/\/www.hotelgrandsaigon.com\/vi\/wp-json\/wp\/v2\/comments?post=374"}],"version-history":[{"count":0,"href":"https:\/\/www.hotelgrandsaigon.com\/vi\/wp-json\/wp\/v2\/pages\/374\/revisions"}],"up":[{"embeddable":true,"href":"https:\/\/www.hotelgrandsaigon.com\/vi\/wp-json\/wp\/v2\/pages\/373"}],"wp:featuredmedia":[{"embeddable":true,"href":"https:\/\/www.hotelgrandsaigon.com\/vi\/wp-json\/wp\/v2\/media\/2286"}],"wp:attachment":[{"href":"https:\/\/www.hotelgrandsaigon.com\/vi\/wp-json\/wp\/v2\/media?parent=374"}],"curies":[{"name":"wp","href":"https:\/\/api.w.org\/{rel}","templated":true}]}}