{"id":373,"date":"2023-08-02T01:22:47","date_gmt":"2023-08-02T01:22:47","guid":{"rendered":"https:\/\/hotel-grand-saigon.ms2.decms.asia\/dining\/"},"modified":"2026-04-16T03:43:47","modified_gmt":"2026-04-16T03:43:47","slug":"restaurants-rooftop-bars","status":"publish","type":"page","link":"https:\/\/www.hotelgrandsaigon.com\/vi\/restaurants-rooftop-bars\/","title":{"rendered":"Nh\u00e0 h\u00e0ng &amp; Bar"},"content":{"rendered":"<p>B\u1eefa tr\u01b0a nh\u1eb9 nh\u00e0ng hay\u00a0 ti\u1ec7c t\u1ed1i l\u00e3ng m\u1ea1n sau m\u1ed9t ng\u00e0y tuy\u1ec7t v\u1eddi? Tr\u01b0\u1eddng ph\u00e1i tr\u1ea3i nhi\u1ec7m cao c\u1ea5p hay \u0111\u1ec1 cao di s\u1ea3n truy\u1ec1n th\u1ed1ng? D\u00f9 th\u1ef1c kh\u00e1ch quy\u1ebft \u0111\u1ecbnh th\u1ebf n\u00e0o, T\u1ed5 b\u1ebfp lu\u00f4n b\u1ecb s\u1eb5n s\u00e0ng. Ch\u00fang t\u00f4i c\u00f3 c\u00f9ng m\u1ed9t m\u1ee5c ti\u00eau: \u0111\u00e1nh th\u1ee9c v\u1ecb gi\u00e1c c\u1ee7a c\u00e1c v\u1ecb kh\u00e1ch b\u1eb1ng nh\u1eefng m\u00f3n \u0103n tinh hoa.<\/p>\n","protected":false},"excerpt":{"rendered":"<p>B\u1eefa tr\u01b0a nh\u1eb9 nh\u00e0ng hay\u00a0 ti\u1ec7c t\u1ed1i l\u00e3ng m\u1ea1n sau m\u1ed9t ng\u00e0y tuy\u1ec7t v\u1eddi? Tr\u01b0\u1eddng ph\u00e1i tr\u1ea3i nhi\u1ec7m cao c\u1ea5p hay \u0111\u1ec1 cao di s\u1ea3n truy\u1ec1n th\u1ed1ng? D\u00f9 th\u1ef1c kh\u00e1ch quy\u1ebft \u0111\u1ecbnh th\u1ebf n\u00e0o, T\u1ed5 b\u1ebfp lu\u00f4n b\u1ecb s\u1eb5n s\u00e0ng. Ch\u00fang t\u00f4i c\u00f3 c\u00f9ng m\u1ed9t m\u1ee5c ti\u00eau: \u0111\u00e1nh th\u1ee9c v\u1ecb gi\u00e1c c\u1ee7a c\u00e1c v\u1ecb kh\u00e1ch [&hellip;]<\/p>\n","protected":false},"author":4,"featured_media":2140,"parent":0,"menu_order":0,"comment_status":"closed","ping_status":"closed","template":"template-restaurants.php","meta":{"footnotes":""},"yoast_head":"<!-- This site is optimized with the Yoast SEO plugin v22.3 - https:\/\/yoast.com\/wordpress\/plugins\/seo\/ -->\n<title>Nh\u00e0 h\u00e0ng &amp; Bar - Hotel Grand Saigon vietnam cuisine french rooftop sky view view\u0111\u1eb9p<\/title>\n<meta name=\"robots\" content=\"index, follow, max-snippet:-1, max-image-preview:large, max-video-preview:-1\" \/>\n<link rel=\"canonical\" href=\"https:\/\/www.hotelgrandsaigon.com\/vi\/restaurants-rooftop-bars\/\" \/>\n<meta property=\"og:locale\" content=\"vi_VN\" \/>\n<meta property=\"og:type\" content=\"article\" \/>\n<meta property=\"og:title\" content=\"Nh\u00e0 h\u00e0ng &amp; Bar - Hotel Grand Saigon vietnam cuisine french rooftop sky view view\u0111\u1eb9p\" \/>\n<meta property=\"og:description\" content=\"B\u1eefa tr\u01b0a nh\u1eb9 nh\u00e0ng hay\u00a0 ti\u1ec7c t\u1ed1i l\u00e3ng m\u1ea1n sau m\u1ed9t ng\u00e0y tuy\u1ec7t v\u1eddi? Tr\u01b0\u1eddng ph\u00e1i tr\u1ea3i nhi\u1ec7m cao c\u1ea5p hay \u0111\u1ec1 cao di s\u1ea3n truy\u1ec1n th\u1ed1ng? D\u00f9 th\u1ef1c kh\u00e1ch quy\u1ebft \u0111\u1ecbnh th\u1ebf n\u00e0o, T\u1ed5 b\u1ebfp lu\u00f4n b\u1ecb s\u1eb5n s\u00e0ng. Ch\u00fang t\u00f4i c\u00f3 c\u00f9ng m\u1ed9t m\u1ee5c ti\u00eau: \u0111\u00e1nh th\u1ee9c v\u1ecb gi\u00e1c c\u1ee7a c\u00e1c v\u1ecb kh\u00e1ch [&hellip;]\" \/>\n<meta property=\"og:url\" content=\"https:\/\/www.hotelgrandsaigon.com\/vi\/restaurants-rooftop-bars\/\" \/>\n<meta property=\"og:site_name\" content=\"Hotel Grand Saigon\" \/>\n<meta property=\"article:modified_time\" content=\"2026-04-16T03:43:47+00:00\" \/>\n<meta property=\"og:image\" content=\"https:\/\/www.hotelgrandsaigon.com\/wp-content\/uploads\/sites\/8\/2025\/02\/Rooftop-Grand-Lounge-opt.jpg\" \/>\n\t<meta property=\"og:image:width\" content=\"2200\" \/>\n\t<meta property=\"og:image:height\" content=\"1962\" \/>\n\t<meta property=\"og:image:type\" content=\"image\/jpeg\" \/>\n<meta name=\"twitter:card\" content=\"summary_large_image\" \/>\n<meta name=\"twitter:label1\" content=\"Est. reading time\" \/>\n\t<meta name=\"twitter:data1\" content=\"1 minute\" \/>\n<script type=\"application\/ld+json\" class=\"yoast-schema-graph\">{\"@context\":\"https:\/\/schema.org\",\"@graph\":[{\"@type\":\"WebPage\",\"@id\":\"https:\/\/www.hotelgrandsaigon.com\/vi\/restaurants-rooftop-bars\/\",\"url\":\"https:\/\/www.hotelgrandsaigon.com\/vi\/restaurants-rooftop-bars\/\",\"name\":\"Nh\u00e0 h\u00e0ng &amp; Bar - Hotel Grand Saigon vietnam cuisine french rooftop sky view view\u0111\u1eb9p\",\"isPartOf\":{\"@id\":\"https:\/\/www.hotelgrandsaigon.com\/vi\/#website\"},\"primaryImageOfPage\":{\"@id\":\"https:\/\/www.hotelgrandsaigon.com\/vi\/restaurants-rooftop-bars\/#primaryimage\"},\"image\":{\"@id\":\"https:\/\/www.hotelgrandsaigon.com\/vi\/restaurants-rooftop-bars\/#primaryimage\"},\"thumbnailUrl\":\"https:\/\/www.hotelgrandsaigon.com\/wp-content\/uploads\/sites\/8\/2025\/02\/Rooftop-Grand-Lounge-opt.jpg\",\"datePublished\":\"2023-08-02T01:22:47+00:00\",\"dateModified\":\"2026-04-16T03:43:47+00:00\",\"breadcrumb\":{\"@id\":\"https:\/\/www.hotelgrandsaigon.com\/vi\/restaurants-rooftop-bars\/#breadcrumb\"},\"inLanguage\":\"vi-VN\",\"potentialAction\":[{\"@type\":\"ReadAction\",\"target\":[\"https:\/\/www.hotelgrandsaigon.com\/vi\/restaurants-rooftop-bars\/\"]}]},{\"@type\":\"ImageObject\",\"inLanguage\":\"vi-VN\",\"@id\":\"https:\/\/www.hotelgrandsaigon.com\/vi\/restaurants-rooftop-bars\/#primaryimage\",\"url\":\"https:\/\/www.hotelgrandsaigon.com\/wp-content\/uploads\/sites\/8\/2025\/02\/Rooftop-Grand-Lounge-opt.jpg\",\"contentUrl\":\"https:\/\/www.hotelgrandsaigon.com\/wp-content\/uploads\/sites\/8\/2025\/02\/Rooftop-Grand-Lounge-opt.jpg\",\"width\":2200,\"height\":1962},{\"@type\":\"BreadcrumbList\",\"@id\":\"https:\/\/www.hotelgrandsaigon.com\/vi\/restaurants-rooftop-bars\/#breadcrumb\",\"itemListElement\":[{\"@type\":\"ListItem\",\"position\":1,\"name\":\"Home\",\"item\":\"https:\/\/www.hotelgrandsaigon.com\/vi\/\"},{\"@type\":\"ListItem\",\"position\":2,\"name\":\"Nh\u00e0 h\u00e0ng &amp; Bar\"}]},{\"@type\":\"WebSite\",\"@id\":\"https:\/\/www.hotelgrandsaigon.com\/vi\/#website\",\"url\":\"https:\/\/www.hotelgrandsaigon.com\/vi\/\",\"name\":\"Hotel Grand Saigon\",\"description\":\"\",\"potentialAction\":[{\"@type\":\"SearchAction\",\"target\":{\"@type\":\"EntryPoint\",\"urlTemplate\":\"https:\/\/www.hotelgrandsaigon.com\/vi\/?s={search_term_string}\"},\"query-input\":\"required name=search_term_string\"}],\"inLanguage\":\"vi-VN\"}]}<\/script>\n<!-- \/ Yoast SEO plugin. -->","yoast_head_json":{"title":"Nh\u00e0 h\u00e0ng &amp; Bar - Hotel Grand Saigon vietnam cuisine french rooftop sky view view\u0111\u1eb9p","robots":{"index":"index","follow":"follow","max-snippet":"max-snippet:-1","max-image-preview":"max-image-preview:large","max-video-preview":"max-video-preview:-1"},"canonical":"https:\/\/www.hotelgrandsaigon.com\/vi\/restaurants-rooftop-bars\/","og_locale":"vi_VN","og_type":"article","og_title":"Nh\u00e0 h\u00e0ng &amp; Bar - Hotel Grand Saigon vietnam cuisine french rooftop sky view view\u0111\u1eb9p","og_description":"B\u1eefa tr\u01b0a nh\u1eb9 nh\u00e0ng hay\u00a0 ti\u1ec7c t\u1ed1i l\u00e3ng m\u1ea1n sau m\u1ed9t ng\u00e0y tuy\u1ec7t v\u1eddi? Tr\u01b0\u1eddng ph\u00e1i tr\u1ea3i nhi\u1ec7m cao c\u1ea5p hay \u0111\u1ec1 cao di s\u1ea3n truy\u1ec1n th\u1ed1ng? D\u00f9 th\u1ef1c kh\u00e1ch quy\u1ebft \u0111\u1ecbnh th\u1ebf n\u00e0o, T\u1ed5 b\u1ebfp lu\u00f4n b\u1ecb s\u1eb5n s\u00e0ng. Ch\u00fang t\u00f4i c\u00f3 c\u00f9ng m\u1ed9t m\u1ee5c ti\u00eau: \u0111\u00e1nh th\u1ee9c v\u1ecb gi\u00e1c c\u1ee7a c\u00e1c v\u1ecb kh\u00e1ch [&hellip;]","og_url":"https:\/\/www.hotelgrandsaigon.com\/vi\/restaurants-rooftop-bars\/","og_site_name":"Hotel Grand Saigon","article_modified_time":"2026-04-16T03:43:47+00:00","og_image":[{"width":2200,"height":1962,"url":"https:\/\/www.hotelgrandsaigon.com\/wp-content\/uploads\/sites\/8\/2025\/02\/Rooftop-Grand-Lounge-opt.jpg","type":"image\/jpeg"}],"twitter_card":"summary_large_image","twitter_misc":{"Est. reading time":"1 minute"},"schema":{"@context":"https:\/\/schema.org","@graph":[{"@type":"WebPage","@id":"https:\/\/www.hotelgrandsaigon.com\/vi\/restaurants-rooftop-bars\/","url":"https:\/\/www.hotelgrandsaigon.com\/vi\/restaurants-rooftop-bars\/","name":"Nh\u00e0 h\u00e0ng &amp; Bar - Hotel Grand Saigon vietnam cuisine french rooftop sky view view\u0111\u1eb9p","isPartOf":{"@id":"https:\/\/www.hotelgrandsaigon.com\/vi\/#website"},"primaryImageOfPage":{"@id":"https:\/\/www.hotelgrandsaigon.com\/vi\/restaurants-rooftop-bars\/#primaryimage"},"image":{"@id":"https:\/\/www.hotelgrandsaigon.com\/vi\/restaurants-rooftop-bars\/#primaryimage"},"thumbnailUrl":"https:\/\/www.hotelgrandsaigon.com\/wp-content\/uploads\/sites\/8\/2025\/02\/Rooftop-Grand-Lounge-opt.jpg","datePublished":"2023-08-02T01:22:47+00:00","dateModified":"2026-04-16T03:43:47+00:00","breadcrumb":{"@id":"https:\/\/www.hotelgrandsaigon.com\/vi\/restaurants-rooftop-bars\/#breadcrumb"},"inLanguage":"vi-VN","potentialAction":[{"@type":"ReadAction","target":["https:\/\/www.hotelgrandsaigon.com\/vi\/restaurants-rooftop-bars\/"]}]},{"@type":"ImageObject","inLanguage":"vi-VN","@id":"https:\/\/www.hotelgrandsaigon.com\/vi\/restaurants-rooftop-bars\/#primaryimage","url":"https:\/\/www.hotelgrandsaigon.com\/wp-content\/uploads\/sites\/8\/2025\/02\/Rooftop-Grand-Lounge-opt.jpg","contentUrl":"https:\/\/www.hotelgrandsaigon.com\/wp-content\/uploads\/sites\/8\/2025\/02\/Rooftop-Grand-Lounge-opt.jpg","width":2200,"height":1962},{"@type":"BreadcrumbList","@id":"https:\/\/www.hotelgrandsaigon.com\/vi\/restaurants-rooftop-bars\/#breadcrumb","itemListElement":[{"@type":"ListItem","position":1,"name":"Home","item":"https:\/\/www.hotelgrandsaigon.com\/vi\/"},{"@type":"ListItem","position":2,"name":"Nh\u00e0 h\u00e0ng &amp; Bar"}]},{"@type":"WebSite","@id":"https:\/\/www.hotelgrandsaigon.com\/vi\/#website","url":"https:\/\/www.hotelgrandsaigon.com\/vi\/","name":"Hotel Grand Saigon","description":"","potentialAction":[{"@type":"SearchAction","target":{"@type":"EntryPoint","urlTemplate":"https:\/\/www.hotelgrandsaigon.com\/vi\/?s={search_term_string}"},"query-input":"required name=search_term_string"}],"inLanguage":"vi-VN"}]}},"acf":[],"_links":{"self":[{"href":"https:\/\/www.hotelgrandsaigon.com\/vi\/wp-json\/wp\/v2\/pages\/373"}],"collection":[{"href":"https:\/\/www.hotelgrandsaigon.com\/vi\/wp-json\/wp\/v2\/pages"}],"about":[{"href":"https:\/\/www.hotelgrandsaigon.com\/vi\/wp-json\/wp\/v2\/types\/page"}],"author":[{"embeddable":true,"href":"https:\/\/www.hotelgrandsaigon.com\/vi\/wp-json\/wp\/v2\/users\/4"}],"replies":[{"embeddable":true,"href":"https:\/\/www.hotelgrandsaigon.com\/vi\/wp-json\/wp\/v2\/comments?post=373"}],"version-history":[{"count":0,"href":"https:\/\/www.hotelgrandsaigon.com\/vi\/wp-json\/wp\/v2\/pages\/373\/revisions"}],"wp:featuredmedia":[{"embeddable":true,"href":"https:\/\/www.hotelgrandsaigon.com\/vi\/wp-json\/wp\/v2\/media\/2140"}],"wp:attachment":[{"href":"https:\/\/www.hotelgrandsaigon.com\/vi\/wp-json\/wp\/v2\/media?parent=373"}],"curies":[{"name":"wp","href":"https:\/\/api.w.org\/{rel}","templated":true}]}}