{"id":364,"date":"2023-07-27T09:59:45","date_gmt":"2023-07-27T09:59:45","guid":{"rendered":"https:\/\/hotel-grand-saigon.ms2.decms.asia\/rooms-suites\/grand-suite\/"},"modified":"2024-05-02T09:56:23","modified_gmt":"2024-05-02T09:56:23","slug":"grand-suite","status":"publish","type":"page","link":"https:\/\/www.hotelgrandsaigon.com\/vi\/rooms-suites\/grand-suite\/","title":{"rendered":"Grand Suite"},"content":{"rendered":"<p>T\u1ea1i sao ph\u1ea3i ch\u1ecdn khi qu\u00fd kh\u00e1ch c\u00f3 th\u1ec3 v\u1eeba th\u1ea3 h\u1ed3n th\u01a1 m\u1ed9ng b\u00ean h\u1ed3 b\u01a1i v\u1eeba th\u01b0 gi\u00e3n trong ph\u00f2ng suite gia \u0111\u00ecnh. C\u00e1nh c\u1eeda ban c\u00f4ng m\u1edf ra s\u1ef1 k\u1ebft h\u1ee3p ho\u00e0n h\u1ea3o gi\u1eefa h\u1ed3 b\u01a1i ngo\u00e0i tr\u1edd t\u01b0\u01a1i xanh t\u1ea1o c\u1ea3m h\u1ee9ng v\u00e0 s\u1ef1 \u1ea5m \u00e1p c\u1ed5 x\u01b0a c\u1ee7a c\u0103n ph\u00f2ng v\u1edbi thi\u1ebft k\u1ebf \u0111\u1eb7c bi\u1ec7t. Ph\u00f2ng ng\u1ee7 v\u00e0 ph\u00f2ng kh\u00e1ch t\u1ea1o th\u00e0nh hai kh\u00f4ng gian ri\u00eang bi\u1ec7t, \u0111\u1ea3m b\u1ea3o gia \u0111\u00ecnh c\u1ea3m th\u1ea5y ho\u00e0n to\u00e0n tho\u1ea3i m\u00e1i nh\u01b0 \u1edf nh\u00e0.<\/p>\n","protected":false},"excerpt":{"rendered":"<p>T\u1ea1i sao ph\u1ea3i ch\u1ecdn khi qu\u00fd kh\u00e1ch c\u00f3 th\u1ec3 v\u1eeba th\u1ea3 h\u1ed3n th\u01a1 m\u1ed9ng b\u00ean h\u1ed3 b\u01a1i v\u1eeba th\u01b0 gi\u00e3n trong ph\u00f2ng suite gia \u0111\u00ecnh. C\u00e1nh c\u1eeda ban c\u00f4ng m\u1edf ra s\u1ef1 k\u1ebft h\u1ee3p ho\u00e0n h\u1ea3o gi\u1eefa h\u1ed3 b\u01a1i ngo\u00e0i tr\u1edd t\u01b0\u01a1i xanh t\u1ea1o c\u1ea3m h\u1ee9ng v\u00e0 s\u1ef1 \u1ea5m \u00e1p c\u1ed5 x\u01b0a c\u1ee7a c\u0103n ph\u00f2ng [&hellip;]<\/p>\n","protected":false},"author":4,"featured_media":163,"parent":356,"menu_order":7,"comment_status":"closed","ping_status":"closed","template":"template-single-room.php","meta":{"footnotes":""},"yoast_head":"<!-- This site is optimized with the Yoast SEO plugin v22.3 - https:\/\/yoast.com\/wordpress\/plugins\/seo\/ -->\n<title>Grand Suite - Hotel Grand Saigon<\/title>\n<meta name=\"robots\" content=\"index, follow, max-snippet:-1, max-image-preview:large, max-video-preview:-1\" \/>\n<link rel=\"canonical\" href=\"https:\/\/www.hotelgrandsaigon.com\/vi\/rooms-suites\/grand-suite\/\" \/>\n<meta property=\"og:locale\" content=\"vi_VN\" \/>\n<meta property=\"og:type\" content=\"article\" \/>\n<meta property=\"og:title\" content=\"Grand Suite - Hotel Grand Saigon\" \/>\n<meta property=\"og:description\" content=\"T\u1ea1i sao ph\u1ea3i ch\u1ecdn khi qu\u00fd kh\u00e1ch c\u00f3 th\u1ec3 v\u1eeba th\u1ea3 h\u1ed3n th\u01a1 m\u1ed9ng b\u00ean h\u1ed3 b\u01a1i v\u1eeba th\u01b0 gi\u00e3n trong ph\u00f2ng suite gia \u0111\u00ecnh. C\u00e1nh c\u1eeda ban c\u00f4ng m\u1edf ra s\u1ef1 k\u1ebft h\u1ee3p ho\u00e0n h\u1ea3o gi\u1eefa h\u1ed3 b\u01a1i ngo\u00e0i tr\u1edd t\u01b0\u01a1i xanh t\u1ea1o c\u1ea3m h\u1ee9ng v\u00e0 s\u1ef1 \u1ea5m \u00e1p c\u1ed5 x\u01b0a c\u1ee7a c\u0103n ph\u00f2ng [&hellip;]\" \/>\n<meta property=\"og:url\" content=\"https:\/\/www.hotelgrandsaigon.com\/vi\/rooms-suites\/grand-suite\/\" \/>\n<meta property=\"og:site_name\" content=\"Hotel Grand Saigon\" \/>\n<meta property=\"article:modified_time\" content=\"2024-05-02T09:56:23+00:00\" \/>\n<meta property=\"og:image\" content=\"https:\/\/www.hotelgrandsaigon.com\/wp-content\/uploads\/sites\/8\/2023\/07\/Grand-suite-MBW_2835.jpg\" \/>\n\t<meta property=\"og:image:width\" content=\"1200\" \/>\n\t<meta property=\"og:image:height\" content=\"800\" \/>\n\t<meta property=\"og:image:type\" content=\"image\/jpeg\" \/>\n<meta name=\"twitter:card\" content=\"summary_large_image\" \/>\n<meta name=\"twitter:label1\" content=\"Est. reading time\" \/>\n\t<meta name=\"twitter:data1\" content=\"1 minute\" \/>\n<script type=\"application\/ld+json\" class=\"yoast-schema-graph\">{\"@context\":\"https:\/\/schema.org\",\"@graph\":[{\"@type\":\"WebPage\",\"@id\":\"https:\/\/www.hotelgrandsaigon.com\/vi\/rooms-suites\/grand-suite\/\",\"url\":\"https:\/\/www.hotelgrandsaigon.com\/vi\/rooms-suites\/grand-suite\/\",\"name\":\"Grand Suite - Hotel Grand Saigon\",\"isPartOf\":{\"@id\":\"https:\/\/www.hotelgrandsaigon.com\/vi\/#website\"},\"primaryImageOfPage\":{\"@id\":\"https:\/\/www.hotelgrandsaigon.com\/vi\/rooms-suites\/grand-suite\/#primaryimage\"},\"image\":{\"@id\":\"https:\/\/www.hotelgrandsaigon.com\/vi\/rooms-suites\/grand-suite\/#primaryimage\"},\"thumbnailUrl\":\"https:\/\/www.hotelgrandsaigon.com\/wp-content\/uploads\/sites\/8\/2023\/07\/Grand-suite-MBW_2835.jpg\",\"datePublished\":\"2023-07-27T09:59:45+00:00\",\"dateModified\":\"2024-05-02T09:56:23+00:00\",\"breadcrumb\":{\"@id\":\"https:\/\/www.hotelgrandsaigon.com\/vi\/rooms-suites\/grand-suite\/#breadcrumb\"},\"inLanguage\":\"vi-VN\",\"potentialAction\":[{\"@type\":\"ReadAction\",\"target\":[\"https:\/\/www.hotelgrandsaigon.com\/vi\/rooms-suites\/grand-suite\/\"]}]},{\"@type\":\"ImageObject\",\"inLanguage\":\"vi-VN\",\"@id\":\"https:\/\/www.hotelgrandsaigon.com\/vi\/rooms-suites\/grand-suite\/#primaryimage\",\"url\":\"https:\/\/www.hotelgrandsaigon.com\/wp-content\/uploads\/sites\/8\/2023\/07\/Grand-suite-MBW_2835.jpg\",\"contentUrl\":\"https:\/\/www.hotelgrandsaigon.com\/wp-content\/uploads\/sites\/8\/2023\/07\/Grand-suite-MBW_2835.jpg\",\"width\":1200,\"height\":800},{\"@type\":\"BreadcrumbList\",\"@id\":\"https:\/\/www.hotelgrandsaigon.com\/vi\/rooms-suites\/grand-suite\/#breadcrumb\",\"itemListElement\":[{\"@type\":\"ListItem\",\"position\":1,\"name\":\"Home\",\"item\":\"https:\/\/www.hotelgrandsaigon.com\/vi\/\"},{\"@type\":\"ListItem\",\"position\":2,\"name\":\"Ph\u00f2ng Ngh\u1ec9\",\"item\":\"https:\/\/www.hotelgrandsaigon.com\/vi\/rooms-suites\/\"},{\"@type\":\"ListItem\",\"position\":3,\"name\":\"Grand Suite\"}]},{\"@type\":\"WebSite\",\"@id\":\"https:\/\/www.hotelgrandsaigon.com\/vi\/#website\",\"url\":\"https:\/\/www.hotelgrandsaigon.com\/vi\/\",\"name\":\"Hotel Grand Saigon\",\"description\":\"\",\"potentialAction\":[{\"@type\":\"SearchAction\",\"target\":{\"@type\":\"EntryPoint\",\"urlTemplate\":\"https:\/\/www.hotelgrandsaigon.com\/vi\/?s={search_term_string}\"},\"query-input\":\"required name=search_term_string\"}],\"inLanguage\":\"vi-VN\"}]}<\/script>\n<!-- \/ Yoast SEO plugin. -->","yoast_head_json":{"title":"Grand Suite - Hotel Grand Saigon","robots":{"index":"index","follow":"follow","max-snippet":"max-snippet:-1","max-image-preview":"max-image-preview:large","max-video-preview":"max-video-preview:-1"},"canonical":"https:\/\/www.hotelgrandsaigon.com\/vi\/rooms-suites\/grand-suite\/","og_locale":"vi_VN","og_type":"article","og_title":"Grand Suite - Hotel Grand Saigon","og_description":"T\u1ea1i sao ph\u1ea3i ch\u1ecdn khi qu\u00fd kh\u00e1ch c\u00f3 th\u1ec3 v\u1eeba th\u1ea3 h\u1ed3n th\u01a1 m\u1ed9ng b\u00ean h\u1ed3 b\u01a1i v\u1eeba th\u01b0 gi\u00e3n trong ph\u00f2ng suite gia \u0111\u00ecnh. C\u00e1nh c\u1eeda ban c\u00f4ng m\u1edf ra s\u1ef1 k\u1ebft h\u1ee3p ho\u00e0n h\u1ea3o gi\u1eefa h\u1ed3 b\u01a1i ngo\u00e0i tr\u1edd t\u01b0\u01a1i xanh t\u1ea1o c\u1ea3m h\u1ee9ng v\u00e0 s\u1ef1 \u1ea5m \u00e1p c\u1ed5 x\u01b0a c\u1ee7a c\u0103n ph\u00f2ng [&hellip;]","og_url":"https:\/\/www.hotelgrandsaigon.com\/vi\/rooms-suites\/grand-suite\/","og_site_name":"Hotel Grand Saigon","article_modified_time":"2024-05-02T09:56:23+00:00","og_image":[{"width":1200,"height":800,"url":"https:\/\/www.hotelgrandsaigon.com\/wp-content\/uploads\/sites\/8\/2023\/07\/Grand-suite-MBW_2835.jpg","type":"image\/jpeg"}],"twitter_card":"summary_large_image","twitter_misc":{"Est. reading time":"1 minute"},"schema":{"@context":"https:\/\/schema.org","@graph":[{"@type":"WebPage","@id":"https:\/\/www.hotelgrandsaigon.com\/vi\/rooms-suites\/grand-suite\/","url":"https:\/\/www.hotelgrandsaigon.com\/vi\/rooms-suites\/grand-suite\/","name":"Grand Suite - Hotel Grand Saigon","isPartOf":{"@id":"https:\/\/www.hotelgrandsaigon.com\/vi\/#website"},"primaryImageOfPage":{"@id":"https:\/\/www.hotelgrandsaigon.com\/vi\/rooms-suites\/grand-suite\/#primaryimage"},"image":{"@id":"https:\/\/www.hotelgrandsaigon.com\/vi\/rooms-suites\/grand-suite\/#primaryimage"},"thumbnailUrl":"https:\/\/www.hotelgrandsaigon.com\/wp-content\/uploads\/sites\/8\/2023\/07\/Grand-suite-MBW_2835.jpg","datePublished":"2023-07-27T09:59:45+00:00","dateModified":"2024-05-02T09:56:23+00:00","breadcrumb":{"@id":"https:\/\/www.hotelgrandsaigon.com\/vi\/rooms-suites\/grand-suite\/#breadcrumb"},"inLanguage":"vi-VN","potentialAction":[{"@type":"ReadAction","target":["https:\/\/www.hotelgrandsaigon.com\/vi\/rooms-suites\/grand-suite\/"]}]},{"@type":"ImageObject","inLanguage":"vi-VN","@id":"https:\/\/www.hotelgrandsaigon.com\/vi\/rooms-suites\/grand-suite\/#primaryimage","url":"https:\/\/www.hotelgrandsaigon.com\/wp-content\/uploads\/sites\/8\/2023\/07\/Grand-suite-MBW_2835.jpg","contentUrl":"https:\/\/www.hotelgrandsaigon.com\/wp-content\/uploads\/sites\/8\/2023\/07\/Grand-suite-MBW_2835.jpg","width":1200,"height":800},{"@type":"BreadcrumbList","@id":"https:\/\/www.hotelgrandsaigon.com\/vi\/rooms-suites\/grand-suite\/#breadcrumb","itemListElement":[{"@type":"ListItem","position":1,"name":"Home","item":"https:\/\/www.hotelgrandsaigon.com\/vi\/"},{"@type":"ListItem","position":2,"name":"Ph\u00f2ng Ngh\u1ec9","item":"https:\/\/www.hotelgrandsaigon.com\/vi\/rooms-suites\/"},{"@type":"ListItem","position":3,"name":"Grand Suite"}]},{"@type":"WebSite","@id":"https:\/\/www.hotelgrandsaigon.com\/vi\/#website","url":"https:\/\/www.hotelgrandsaigon.com\/vi\/","name":"Hotel Grand Saigon","description":"","potentialAction":[{"@type":"SearchAction","target":{"@type":"EntryPoint","urlTemplate":"https:\/\/www.hotelgrandsaigon.com\/vi\/?s={search_term_string}"},"query-input":"required name=search_term_string"}],"inLanguage":"vi-VN"}]}},"acf":[],"_links":{"self":[{"href":"https:\/\/www.hotelgrandsaigon.com\/vi\/wp-json\/wp\/v2\/pages\/364"}],"collection":[{"href":"https:\/\/www.hotelgrandsaigon.com\/vi\/wp-json\/wp\/v2\/pages"}],"about":[{"href":"https:\/\/www.hotelgrandsaigon.com\/vi\/wp-json\/wp\/v2\/types\/page"}],"author":[{"embeddable":true,"href":"https:\/\/www.hotelgrandsaigon.com\/vi\/wp-json\/wp\/v2\/users\/4"}],"replies":[{"embeddable":true,"href":"https:\/\/www.hotelgrandsaigon.com\/vi\/wp-json\/wp\/v2\/comments?post=364"}],"version-history":[{"count":0,"href":"https:\/\/www.hotelgrandsaigon.com\/vi\/wp-json\/wp\/v2\/pages\/364\/revisions"}],"up":[{"embeddable":true,"href":"https:\/\/www.hotelgrandsaigon.com\/vi\/wp-json\/wp\/v2\/pages\/356"}],"wp:featuredmedia":[{"embeddable":true,"href":"https:\/\/www.hotelgrandsaigon.com\/vi\/wp-json\/wp\/v2\/media\/163"}],"wp:attachment":[{"href":"https:\/\/www.hotelgrandsaigon.com\/vi\/wp-json\/wp\/v2\/media?parent=364"}],"curies":[{"name":"wp","href":"https:\/\/api.w.org\/{rel}","templated":true}]}}