{"id":363,"date":"2023-07-27T09:46:52","date_gmt":"2023-07-27T09:46:52","guid":{"rendered":"https:\/\/hotel-grand-saigon.ms2.decms.asia\/rooms-suites\/grand-executive-suite\/"},"modified":"2025-05-28T09:16:40","modified_gmt":"2025-05-28T09:16:40","slug":"grand-executive-suite","status":"publish","type":"page","link":"https:\/\/www.hotelgrandsaigon.com\/vi\/rooms-suites\/grand-executive-suite\/","title":{"rendered":"Grand Executive Suite"},"content":{"rendered":"<p>M\u1ed9t b\u1ea7u kh\u00f4ng kh\u00ed \u0111\u1ed9c \u0111\u00e1o v\u1edbi c\u00e1ch b\u00e0y tr\u00ed l\u1ea5y c\u1ea3m h\u1ee9ng t\u1eeb c\u1ea5u tr\u00fac ki\u1ebfn t\u1ea1o c\u1ee7a phong c\u00e1ch ki\u1ebfn tr\u00fac Ph\u00e1p. Nh\u1eefng c\u0103n ph\u00f2ng n\u00e0y \u0111\u01b0\u1ee3c \u0111i\u1ec3m xuy\u1ebft b\u1edfi t\u00f4ng m\u00e0u v\u00e0ng nh\u1ea1t v\u00e0 n\u00e2u s\u1ebd mang \u0111\u1ebfn cho qu\u00fd kh\u00e1ch c\u1ea3m gi\u00e1c nh\u1eb9 nh\u00e0ng khi th\u01b0 gi\u00e3n b\u00ean khung c\u1ea3nh \u0111\u1eb9p m\u1eaft.<\/p>\n","protected":false},"excerpt":{"rendered":"<p>M\u1ed9t b\u1ea7u kh\u00f4ng kh\u00ed \u0111\u1ed9c \u0111\u00e1o v\u1edbi c\u00e1ch b\u00e0y tr\u00ed l\u1ea5y c\u1ea3m h\u1ee9ng t\u1eeb c\u1ea5u tr\u00fac ki\u1ebfn t\u1ea1o c\u1ee7a phong c\u00e1ch ki\u1ebfn tr\u00fac Ph\u00e1p. Nh\u1eefng c\u0103n ph\u00f2ng n\u00e0y \u0111\u01b0\u1ee3c \u0111i\u1ec3m xuy\u1ebft b\u1edfi t\u00f4ng m\u00e0u v\u00e0ng nh\u1ea1t v\u00e0 n\u00e2u s\u1ebd mang \u0111\u1ebfn cho qu\u00fd kh\u00e1ch c\u1ea3m gi\u00e1c nh\u1eb9 nh\u00e0ng khi th\u01b0 gi\u00e3n b\u00ean khung c\u1ea3nh \u0111\u1eb9p [&hellip;]<\/p>\n","protected":false},"author":4,"featured_media":523,"parent":356,"menu_order":6,"comment_status":"closed","ping_status":"closed","template":"template-single-room.php","meta":{"footnotes":""},"yoast_head":"<!-- This site is optimized with the Yoast SEO plugin v22.3 - https:\/\/yoast.com\/wordpress\/plugins\/seo\/ -->\n<title>Grand Executive Suite - Hotel Grand Saigon<\/title>\n<meta name=\"robots\" content=\"index, follow, max-snippet:-1, max-image-preview:large, max-video-preview:-1\" \/>\n<link rel=\"canonical\" href=\"https:\/\/www.hotelgrandsaigon.com\/vi\/rooms-suites\/grand-executive-suite\/\" \/>\n<meta property=\"og:locale\" content=\"vi_VN\" \/>\n<meta property=\"og:type\" content=\"article\" \/>\n<meta property=\"og:title\" content=\"Grand Executive Suite - Hotel Grand Saigon\" \/>\n<meta property=\"og:description\" content=\"M\u1ed9t b\u1ea7u kh\u00f4ng kh\u00ed \u0111\u1ed9c \u0111\u00e1o v\u1edbi c\u00e1ch b\u00e0y tr\u00ed l\u1ea5y c\u1ea3m h\u1ee9ng t\u1eeb c\u1ea5u tr\u00fac ki\u1ebfn t\u1ea1o c\u1ee7a phong c\u00e1ch ki\u1ebfn tr\u00fac Ph\u00e1p. Nh\u1eefng c\u0103n ph\u00f2ng n\u00e0y \u0111\u01b0\u1ee3c \u0111i\u1ec3m xuy\u1ebft b\u1edfi t\u00f4ng m\u00e0u v\u00e0ng nh\u1ea1t v\u00e0 n\u00e2u s\u1ebd mang \u0111\u1ebfn cho qu\u00fd kh\u00e1ch c\u1ea3m gi\u00e1c nh\u1eb9 nh\u00e0ng khi th\u01b0 gi\u00e3n b\u00ean khung c\u1ea3nh \u0111\u1eb9p [&hellip;]\" \/>\n<meta property=\"og:url\" content=\"https:\/\/www.hotelgrandsaigon.com\/vi\/rooms-suites\/grand-executive-suite\/\" \/>\n<meta property=\"og:site_name\" content=\"Hotel Grand Saigon\" \/>\n<meta property=\"article:modified_time\" content=\"2025-05-28T09:16:40+00:00\" \/>\n<meta property=\"og:image\" content=\"https:\/\/www.hotelgrandsaigon.com\/wp-content\/uploads\/sites\/8\/2023\/08\/GRAND_GESK_LIVING_01-1.jpg\" \/>\n\t<meta property=\"og:image:width\" content=\"2200\" \/>\n\t<meta property=\"og:image:height\" content=\"1469\" \/>\n\t<meta property=\"og:image:type\" content=\"image\/jpeg\" \/>\n<meta name=\"twitter:card\" content=\"summary_large_image\" \/>\n<meta name=\"twitter:label1\" content=\"Est. reading time\" \/>\n\t<meta name=\"twitter:data1\" content=\"1 minute\" \/>\n<script type=\"application\/ld+json\" class=\"yoast-schema-graph\">{\"@context\":\"https:\/\/schema.org\",\"@graph\":[{\"@type\":\"WebPage\",\"@id\":\"https:\/\/www.hotelgrandsaigon.com\/vi\/rooms-suites\/grand-executive-suite\/\",\"url\":\"https:\/\/www.hotelgrandsaigon.com\/vi\/rooms-suites\/grand-executive-suite\/\",\"name\":\"Grand Executive Suite - Hotel Grand Saigon\",\"isPartOf\":{\"@id\":\"https:\/\/www.hotelgrandsaigon.com\/vi\/#website\"},\"primaryImageOfPage\":{\"@id\":\"https:\/\/www.hotelgrandsaigon.com\/vi\/rooms-suites\/grand-executive-suite\/#primaryimage\"},\"image\":{\"@id\":\"https:\/\/www.hotelgrandsaigon.com\/vi\/rooms-suites\/grand-executive-suite\/#primaryimage\"},\"thumbnailUrl\":\"https:\/\/www.hotelgrandsaigon.com\/wp-content\/uploads\/sites\/8\/2023\/08\/GRAND_GESK_LIVING_01-1.jpg\",\"datePublished\":\"2023-07-27T09:46:52+00:00\",\"dateModified\":\"2025-05-28T09:16:40+00:00\",\"breadcrumb\":{\"@id\":\"https:\/\/www.hotelgrandsaigon.com\/vi\/rooms-suites\/grand-executive-suite\/#breadcrumb\"},\"inLanguage\":\"vi-VN\",\"potentialAction\":[{\"@type\":\"ReadAction\",\"target\":[\"https:\/\/www.hotelgrandsaigon.com\/vi\/rooms-suites\/grand-executive-suite\/\"]}]},{\"@type\":\"ImageObject\",\"inLanguage\":\"vi-VN\",\"@id\":\"https:\/\/www.hotelgrandsaigon.com\/vi\/rooms-suites\/grand-executive-suite\/#primaryimage\",\"url\":\"https:\/\/www.hotelgrandsaigon.com\/wp-content\/uploads\/sites\/8\/2023\/08\/GRAND_GESK_LIVING_01-1.jpg\",\"contentUrl\":\"https:\/\/www.hotelgrandsaigon.com\/wp-content\/uploads\/sites\/8\/2023\/08\/GRAND_GESK_LIVING_01-1.jpg\",\"width\":2200,\"height\":1469},{\"@type\":\"BreadcrumbList\",\"@id\":\"https:\/\/www.hotelgrandsaigon.com\/vi\/rooms-suites\/grand-executive-suite\/#breadcrumb\",\"itemListElement\":[{\"@type\":\"ListItem\",\"position\":1,\"name\":\"Home\",\"item\":\"https:\/\/www.hotelgrandsaigon.com\/vi\/\"},{\"@type\":\"ListItem\",\"position\":2,\"name\":\"Ph\u00f2ng Ngh\u1ec9\",\"item\":\"https:\/\/www.hotelgrandsaigon.com\/vi\/rooms-suites\/\"},{\"@type\":\"ListItem\",\"position\":3,\"name\":\"Grand Executive Suite\"}]},{\"@type\":\"WebSite\",\"@id\":\"https:\/\/www.hotelgrandsaigon.com\/vi\/#website\",\"url\":\"https:\/\/www.hotelgrandsaigon.com\/vi\/\",\"name\":\"Hotel Grand Saigon\",\"description\":\"\",\"potentialAction\":[{\"@type\":\"SearchAction\",\"target\":{\"@type\":\"EntryPoint\",\"urlTemplate\":\"https:\/\/www.hotelgrandsaigon.com\/vi\/?s={search_term_string}\"},\"query-input\":\"required name=search_term_string\"}],\"inLanguage\":\"vi-VN\"}]}<\/script>\n<!-- \/ Yoast SEO plugin. -->","yoast_head_json":{"title":"Grand Executive Suite - Hotel Grand Saigon","robots":{"index":"index","follow":"follow","max-snippet":"max-snippet:-1","max-image-preview":"max-image-preview:large","max-video-preview":"max-video-preview:-1"},"canonical":"https:\/\/www.hotelgrandsaigon.com\/vi\/rooms-suites\/grand-executive-suite\/","og_locale":"vi_VN","og_type":"article","og_title":"Grand Executive Suite - Hotel Grand Saigon","og_description":"M\u1ed9t b\u1ea7u kh\u00f4ng kh\u00ed \u0111\u1ed9c \u0111\u00e1o v\u1edbi c\u00e1ch b\u00e0y tr\u00ed l\u1ea5y c\u1ea3m h\u1ee9ng t\u1eeb c\u1ea5u tr\u00fac ki\u1ebfn t\u1ea1o c\u1ee7a phong c\u00e1ch ki\u1ebfn tr\u00fac Ph\u00e1p. Nh\u1eefng c\u0103n ph\u00f2ng n\u00e0y \u0111\u01b0\u1ee3c \u0111i\u1ec3m xuy\u1ebft b\u1edfi t\u00f4ng m\u00e0u v\u00e0ng nh\u1ea1t v\u00e0 n\u00e2u s\u1ebd mang \u0111\u1ebfn cho qu\u00fd kh\u00e1ch c\u1ea3m gi\u00e1c nh\u1eb9 nh\u00e0ng khi th\u01b0 gi\u00e3n b\u00ean khung c\u1ea3nh \u0111\u1eb9p [&hellip;]","og_url":"https:\/\/www.hotelgrandsaigon.com\/vi\/rooms-suites\/grand-executive-suite\/","og_site_name":"Hotel Grand Saigon","article_modified_time":"2025-05-28T09:16:40+00:00","og_image":[{"width":2200,"height":1469,"url":"https:\/\/www.hotelgrandsaigon.com\/wp-content\/uploads\/sites\/8\/2023\/08\/GRAND_GESK_LIVING_01-1.jpg","type":"image\/jpeg"}],"twitter_card":"summary_large_image","twitter_misc":{"Est. reading time":"1 minute"},"schema":{"@context":"https:\/\/schema.org","@graph":[{"@type":"WebPage","@id":"https:\/\/www.hotelgrandsaigon.com\/vi\/rooms-suites\/grand-executive-suite\/","url":"https:\/\/www.hotelgrandsaigon.com\/vi\/rooms-suites\/grand-executive-suite\/","name":"Grand Executive Suite - Hotel Grand Saigon","isPartOf":{"@id":"https:\/\/www.hotelgrandsaigon.com\/vi\/#website"},"primaryImageOfPage":{"@id":"https:\/\/www.hotelgrandsaigon.com\/vi\/rooms-suites\/grand-executive-suite\/#primaryimage"},"image":{"@id":"https:\/\/www.hotelgrandsaigon.com\/vi\/rooms-suites\/grand-executive-suite\/#primaryimage"},"thumbnailUrl":"https:\/\/www.hotelgrandsaigon.com\/wp-content\/uploads\/sites\/8\/2023\/08\/GRAND_GESK_LIVING_01-1.jpg","datePublished":"2023-07-27T09:46:52+00:00","dateModified":"2025-05-28T09:16:40+00:00","breadcrumb":{"@id":"https:\/\/www.hotelgrandsaigon.com\/vi\/rooms-suites\/grand-executive-suite\/#breadcrumb"},"inLanguage":"vi-VN","potentialAction":[{"@type":"ReadAction","target":["https:\/\/www.hotelgrandsaigon.com\/vi\/rooms-suites\/grand-executive-suite\/"]}]},{"@type":"ImageObject","inLanguage":"vi-VN","@id":"https:\/\/www.hotelgrandsaigon.com\/vi\/rooms-suites\/grand-executive-suite\/#primaryimage","url":"https:\/\/www.hotelgrandsaigon.com\/wp-content\/uploads\/sites\/8\/2023\/08\/GRAND_GESK_LIVING_01-1.jpg","contentUrl":"https:\/\/www.hotelgrandsaigon.com\/wp-content\/uploads\/sites\/8\/2023\/08\/GRAND_GESK_LIVING_01-1.jpg","width":2200,"height":1469},{"@type":"BreadcrumbList","@id":"https:\/\/www.hotelgrandsaigon.com\/vi\/rooms-suites\/grand-executive-suite\/#breadcrumb","itemListElement":[{"@type":"ListItem","position":1,"name":"Home","item":"https:\/\/www.hotelgrandsaigon.com\/vi\/"},{"@type":"ListItem","position":2,"name":"Ph\u00f2ng Ngh\u1ec9","item":"https:\/\/www.hotelgrandsaigon.com\/vi\/rooms-suites\/"},{"@type":"ListItem","position":3,"name":"Grand Executive Suite"}]},{"@type":"WebSite","@id":"https:\/\/www.hotelgrandsaigon.com\/vi\/#website","url":"https:\/\/www.hotelgrandsaigon.com\/vi\/","name":"Hotel Grand Saigon","description":"","potentialAction":[{"@type":"SearchAction","target":{"@type":"EntryPoint","urlTemplate":"https:\/\/www.hotelgrandsaigon.com\/vi\/?s={search_term_string}"},"query-input":"required name=search_term_string"}],"inLanguage":"vi-VN"}]}},"acf":[],"_links":{"self":[{"href":"https:\/\/www.hotelgrandsaigon.com\/vi\/wp-json\/wp\/v2\/pages\/363"}],"collection":[{"href":"https:\/\/www.hotelgrandsaigon.com\/vi\/wp-json\/wp\/v2\/pages"}],"about":[{"href":"https:\/\/www.hotelgrandsaigon.com\/vi\/wp-json\/wp\/v2\/types\/page"}],"author":[{"embeddable":true,"href":"https:\/\/www.hotelgrandsaigon.com\/vi\/wp-json\/wp\/v2\/users\/4"}],"replies":[{"embeddable":true,"href":"https:\/\/www.hotelgrandsaigon.com\/vi\/wp-json\/wp\/v2\/comments?post=363"}],"version-history":[{"count":0,"href":"https:\/\/www.hotelgrandsaigon.com\/vi\/wp-json\/wp\/v2\/pages\/363\/revisions"}],"up":[{"embeddable":true,"href":"https:\/\/www.hotelgrandsaigon.com\/vi\/wp-json\/wp\/v2\/pages\/356"}],"wp:featuredmedia":[{"embeddable":true,"href":"https:\/\/www.hotelgrandsaigon.com\/vi\/wp-json\/wp\/v2\/media\/523"}],"wp:attachment":[{"href":"https:\/\/www.hotelgrandsaigon.com\/vi\/wp-json\/wp\/v2\/media?parent=363"}],"curies":[{"name":"wp","href":"https:\/\/api.w.org\/{rel}","templated":true}]}}