{"id":361,"date":"2023-07-27T09:05:15","date_gmt":"2023-07-27T09:05:15","guid":{"rendered":"https:\/\/hotel-grand-saigon.ms2.decms.asia\/rooms-suites\/royal-suite\/"},"modified":"2024-05-02T02:11:31","modified_gmt":"2024-05-02T02:11:31","slug":"royal-suite","status":"publish","type":"page","link":"https:\/\/www.hotelgrandsaigon.com\/vi\/rooms-suites\/royal-suite\/","title":{"rendered":"Royal Suite"},"content":{"rendered":"<p>\u0110\u01b0\u1ee3c v\u00ed nh\u01b0 \u201cN\u01a1i m\u00e0 th\u1eddi gian nh\u01b0 ch\u1eadm l\u1ea1i\u201d ch\u00ednh l\u00e0 Royal Suites. T\u1eadn h\u01b0\u1edfng \u0111\u1eb7c quy\u1ec1n sang tr\u1ecdng khi chi\u00eam ng\u01b0\u1ee1ng khung c\u1ea3nh l\u1ed9ng l\u1eaby c\u1ee7a th\u00e0nh ph\u1ed1 n\u0103ng \u0111\u1ed9ng t\u1eeb g\u00f3c nh\u00ecn cao nh\u1ea5t kh\u00e1ch s\u1ea1n. \u0110\u1eebng b\u1ecf l\u1ee1 tr\u1ea3i nghi\u1ec7m theo c\u00e1ch ri\u00eang c\u1ee7a qu\u00fd kh\u00e1ch v\u00ec kh\u00f4ng gian n\u00e0y ch\u1eafc ch\u1eafn s\u1ebd mang l\u1ea1i c\u1ea3m gi\u00e1c t\u1ef1 t\u1ea1i th\u01b0 th\u00e1i. Thi\u1ebft k\u1ebf ph\u00f2ng t\u1eafm r\u1ed9ng r\u00e3i v\u00e0 ph\u00f2ng kh\u00e1ch \u0111\u1eb3ng c\u00e2p ph\u00f9 h\u1ee3p cho c\u1ea3 c\u00e1c v\u1ecb kh\u00e1ch du l\u1ecbch v\u00e0 doanh nh\u00e2n, mang \u0111\u1ebfn s\u1ef1 c\u00e2n b\u1eb1ng ho\u00e0n h\u1ea3o gi\u1eefa tho\u1ea3i m\u00e1i, phong c\u00e1ch v\u00e0 s\u1ef1 ti\u1ec7n nghi.<\/p>\n","protected":false},"excerpt":{"rendered":"<p>\u0110\u01b0\u1ee3c v\u00ed nh\u01b0 \u201cN\u01a1i m\u00e0 th\u1eddi gian nh\u01b0 ch\u1eadm l\u1ea1i\u201d ch\u00ednh l\u00e0 Royal Suites. T\u1eadn h\u01b0\u1edfng \u0111\u1eb7c quy\u1ec1n sang tr\u1ecdng khi chi\u00eam ng\u01b0\u1ee1ng khung c\u1ea3nh l\u1ed9ng l\u1eaby c\u1ee7a th\u00e0nh ph\u1ed1 n\u0103ng \u0111\u1ed9ng t\u1eeb g\u00f3c nh\u00ecn cao nh\u1ea5t kh\u00e1ch s\u1ea1n. \u0110\u1eebng b\u1ecf l\u1ee1 tr\u1ea3i nghi\u1ec7m theo c\u00e1ch ri\u00eang c\u1ee7a qu\u00fd kh\u00e1ch v\u00ec kh\u00f4ng gian n\u00e0y ch\u1eafc [&hellip;]<\/p>\n","protected":false},"author":4,"featured_media":83,"parent":356,"menu_order":4,"comment_status":"closed","ping_status":"closed","template":"template-single-room.php","meta":{"footnotes":""},"yoast_head":"<!-- This site is optimized with the Yoast SEO plugin v22.3 - https:\/\/yoast.com\/wordpress\/plugins\/seo\/ -->\n<title>Royal Suite - Hotel Grand Saigon<\/title>\n<meta name=\"robots\" content=\"index, follow, max-snippet:-1, max-image-preview:large, max-video-preview:-1\" \/>\n<link rel=\"canonical\" href=\"https:\/\/www.hotelgrandsaigon.com\/vi\/rooms-suites\/royal-suite\/\" \/>\n<meta property=\"og:locale\" content=\"vi_VN\" \/>\n<meta property=\"og:type\" content=\"article\" \/>\n<meta property=\"og:title\" content=\"Royal Suite - Hotel Grand Saigon\" \/>\n<meta property=\"og:description\" content=\"\u0110\u01b0\u1ee3c v\u00ed nh\u01b0 \u201cN\u01a1i m\u00e0 th\u1eddi gian nh\u01b0 ch\u1eadm l\u1ea1i\u201d ch\u00ednh l\u00e0 Royal Suites. T\u1eadn h\u01b0\u1edfng \u0111\u1eb7c quy\u1ec1n sang tr\u1ecdng khi chi\u00eam ng\u01b0\u1ee1ng khung c\u1ea3nh l\u1ed9ng l\u1eaby c\u1ee7a th\u00e0nh ph\u1ed1 n\u0103ng \u0111\u1ed9ng t\u1eeb g\u00f3c nh\u00ecn cao nh\u1ea5t kh\u00e1ch s\u1ea1n. \u0110\u1eebng b\u1ecf l\u1ee1 tr\u1ea3i nghi\u1ec7m theo c\u00e1ch ri\u00eang c\u1ee7a qu\u00fd kh\u00e1ch v\u00ec kh\u00f4ng gian n\u00e0y ch\u1eafc [&hellip;]\" \/>\n<meta property=\"og:url\" content=\"https:\/\/www.hotelgrandsaigon.com\/vi\/rooms-suites\/royal-suite\/\" \/>\n<meta property=\"og:site_name\" content=\"Hotel Grand Saigon\" \/>\n<meta property=\"article:modified_time\" content=\"2024-05-02T02:11:31+00:00\" \/>\n<meta property=\"og:image\" content=\"https:\/\/www.hotelgrandsaigon.com\/wp-content\/uploads\/sites\/8\/2023\/07\/LUXURY-SUITE-ROOM-60M2-1.jpg\" \/>\n\t<meta property=\"og:image:width\" content=\"2200\" \/>\n\t<meta property=\"og:image:height\" content=\"1469\" \/>\n\t<meta property=\"og:image:type\" content=\"image\/jpeg\" \/>\n<meta name=\"twitter:card\" content=\"summary_large_image\" \/>\n<meta name=\"twitter:label1\" content=\"Est. reading time\" \/>\n\t<meta name=\"twitter:data1\" content=\"1 minute\" \/>\n<script type=\"application\/ld+json\" class=\"yoast-schema-graph\">{\"@context\":\"https:\/\/schema.org\",\"@graph\":[{\"@type\":\"WebPage\",\"@id\":\"https:\/\/www.hotelgrandsaigon.com\/vi\/rooms-suites\/royal-suite\/\",\"url\":\"https:\/\/www.hotelgrandsaigon.com\/vi\/rooms-suites\/royal-suite\/\",\"name\":\"Royal Suite - Hotel Grand Saigon\",\"isPartOf\":{\"@id\":\"https:\/\/www.hotelgrandsaigon.com\/vi\/#website\"},\"primaryImageOfPage\":{\"@id\":\"https:\/\/www.hotelgrandsaigon.com\/vi\/rooms-suites\/royal-suite\/#primaryimage\"},\"image\":{\"@id\":\"https:\/\/www.hotelgrandsaigon.com\/vi\/rooms-suites\/royal-suite\/#primaryimage\"},\"thumbnailUrl\":\"https:\/\/www.hotelgrandsaigon.com\/wp-content\/uploads\/sites\/8\/2023\/07\/LUXURY-SUITE-ROOM-60M2-1.jpg\",\"datePublished\":\"2023-07-27T09:05:15+00:00\",\"dateModified\":\"2024-05-02T02:11:31+00:00\",\"breadcrumb\":{\"@id\":\"https:\/\/www.hotelgrandsaigon.com\/vi\/rooms-suites\/royal-suite\/#breadcrumb\"},\"inLanguage\":\"vi-VN\",\"potentialAction\":[{\"@type\":\"ReadAction\",\"target\":[\"https:\/\/www.hotelgrandsaigon.com\/vi\/rooms-suites\/royal-suite\/\"]}]},{\"@type\":\"ImageObject\",\"inLanguage\":\"vi-VN\",\"@id\":\"https:\/\/www.hotelgrandsaigon.com\/vi\/rooms-suites\/royal-suite\/#primaryimage\",\"url\":\"https:\/\/www.hotelgrandsaigon.com\/wp-content\/uploads\/sites\/8\/2023\/07\/LUXURY-SUITE-ROOM-60M2-1.jpg\",\"contentUrl\":\"https:\/\/www.hotelgrandsaigon.com\/wp-content\/uploads\/sites\/8\/2023\/07\/LUXURY-SUITE-ROOM-60M2-1.jpg\",\"width\":2200,\"height\":1469},{\"@type\":\"BreadcrumbList\",\"@id\":\"https:\/\/www.hotelgrandsaigon.com\/vi\/rooms-suites\/royal-suite\/#breadcrumb\",\"itemListElement\":[{\"@type\":\"ListItem\",\"position\":1,\"name\":\"Home\",\"item\":\"https:\/\/www.hotelgrandsaigon.com\/vi\/\"},{\"@type\":\"ListItem\",\"position\":2,\"name\":\"Ph\u00f2ng Ngh\u1ec9\",\"item\":\"https:\/\/www.hotelgrandsaigon.com\/vi\/rooms-suites\/\"},{\"@type\":\"ListItem\",\"position\":3,\"name\":\"Royal Suite\"}]},{\"@type\":\"WebSite\",\"@id\":\"https:\/\/www.hotelgrandsaigon.com\/vi\/#website\",\"url\":\"https:\/\/www.hotelgrandsaigon.com\/vi\/\",\"name\":\"Hotel Grand Saigon\",\"description\":\"\",\"potentialAction\":[{\"@type\":\"SearchAction\",\"target\":{\"@type\":\"EntryPoint\",\"urlTemplate\":\"https:\/\/www.hotelgrandsaigon.com\/vi\/?s={search_term_string}\"},\"query-input\":\"required name=search_term_string\"}],\"inLanguage\":\"vi-VN\"}]}<\/script>\n<!-- \/ Yoast SEO plugin. -->","yoast_head_json":{"title":"Royal Suite - Hotel Grand Saigon","robots":{"index":"index","follow":"follow","max-snippet":"max-snippet:-1","max-image-preview":"max-image-preview:large","max-video-preview":"max-video-preview:-1"},"canonical":"https:\/\/www.hotelgrandsaigon.com\/vi\/rooms-suites\/royal-suite\/","og_locale":"vi_VN","og_type":"article","og_title":"Royal Suite - Hotel Grand Saigon","og_description":"\u0110\u01b0\u1ee3c v\u00ed nh\u01b0 \u201cN\u01a1i m\u00e0 th\u1eddi gian nh\u01b0 ch\u1eadm l\u1ea1i\u201d ch\u00ednh l\u00e0 Royal Suites. T\u1eadn h\u01b0\u1edfng \u0111\u1eb7c quy\u1ec1n sang tr\u1ecdng khi chi\u00eam ng\u01b0\u1ee1ng khung c\u1ea3nh l\u1ed9ng l\u1eaby c\u1ee7a th\u00e0nh ph\u1ed1 n\u0103ng \u0111\u1ed9ng t\u1eeb g\u00f3c nh\u00ecn cao nh\u1ea5t kh\u00e1ch s\u1ea1n. \u0110\u1eebng b\u1ecf l\u1ee1 tr\u1ea3i nghi\u1ec7m theo c\u00e1ch ri\u00eang c\u1ee7a qu\u00fd kh\u00e1ch v\u00ec kh\u00f4ng gian n\u00e0y ch\u1eafc [&hellip;]","og_url":"https:\/\/www.hotelgrandsaigon.com\/vi\/rooms-suites\/royal-suite\/","og_site_name":"Hotel Grand Saigon","article_modified_time":"2024-05-02T02:11:31+00:00","og_image":[{"width":2200,"height":1469,"url":"https:\/\/www.hotelgrandsaigon.com\/wp-content\/uploads\/sites\/8\/2023\/07\/LUXURY-SUITE-ROOM-60M2-1.jpg","type":"image\/jpeg"}],"twitter_card":"summary_large_image","twitter_misc":{"Est. reading time":"1 minute"},"schema":{"@context":"https:\/\/schema.org","@graph":[{"@type":"WebPage","@id":"https:\/\/www.hotelgrandsaigon.com\/vi\/rooms-suites\/royal-suite\/","url":"https:\/\/www.hotelgrandsaigon.com\/vi\/rooms-suites\/royal-suite\/","name":"Royal Suite - Hotel Grand Saigon","isPartOf":{"@id":"https:\/\/www.hotelgrandsaigon.com\/vi\/#website"},"primaryImageOfPage":{"@id":"https:\/\/www.hotelgrandsaigon.com\/vi\/rooms-suites\/royal-suite\/#primaryimage"},"image":{"@id":"https:\/\/www.hotelgrandsaigon.com\/vi\/rooms-suites\/royal-suite\/#primaryimage"},"thumbnailUrl":"https:\/\/www.hotelgrandsaigon.com\/wp-content\/uploads\/sites\/8\/2023\/07\/LUXURY-SUITE-ROOM-60M2-1.jpg","datePublished":"2023-07-27T09:05:15+00:00","dateModified":"2024-05-02T02:11:31+00:00","breadcrumb":{"@id":"https:\/\/www.hotelgrandsaigon.com\/vi\/rooms-suites\/royal-suite\/#breadcrumb"},"inLanguage":"vi-VN","potentialAction":[{"@type":"ReadAction","target":["https:\/\/www.hotelgrandsaigon.com\/vi\/rooms-suites\/royal-suite\/"]}]},{"@type":"ImageObject","inLanguage":"vi-VN","@id":"https:\/\/www.hotelgrandsaigon.com\/vi\/rooms-suites\/royal-suite\/#primaryimage","url":"https:\/\/www.hotelgrandsaigon.com\/wp-content\/uploads\/sites\/8\/2023\/07\/LUXURY-SUITE-ROOM-60M2-1.jpg","contentUrl":"https:\/\/www.hotelgrandsaigon.com\/wp-content\/uploads\/sites\/8\/2023\/07\/LUXURY-SUITE-ROOM-60M2-1.jpg","width":2200,"height":1469},{"@type":"BreadcrumbList","@id":"https:\/\/www.hotelgrandsaigon.com\/vi\/rooms-suites\/royal-suite\/#breadcrumb","itemListElement":[{"@type":"ListItem","position":1,"name":"Home","item":"https:\/\/www.hotelgrandsaigon.com\/vi\/"},{"@type":"ListItem","position":2,"name":"Ph\u00f2ng Ngh\u1ec9","item":"https:\/\/www.hotelgrandsaigon.com\/vi\/rooms-suites\/"},{"@type":"ListItem","position":3,"name":"Royal Suite"}]},{"@type":"WebSite","@id":"https:\/\/www.hotelgrandsaigon.com\/vi\/#website","url":"https:\/\/www.hotelgrandsaigon.com\/vi\/","name":"Hotel Grand Saigon","description":"","potentialAction":[{"@type":"SearchAction","target":{"@type":"EntryPoint","urlTemplate":"https:\/\/www.hotelgrandsaigon.com\/vi\/?s={search_term_string}"},"query-input":"required name=search_term_string"}],"inLanguage":"vi-VN"}]}},"acf":[],"_links":{"self":[{"href":"https:\/\/www.hotelgrandsaigon.com\/vi\/wp-json\/wp\/v2\/pages\/361"}],"collection":[{"href":"https:\/\/www.hotelgrandsaigon.com\/vi\/wp-json\/wp\/v2\/pages"}],"about":[{"href":"https:\/\/www.hotelgrandsaigon.com\/vi\/wp-json\/wp\/v2\/types\/page"}],"author":[{"embeddable":true,"href":"https:\/\/www.hotelgrandsaigon.com\/vi\/wp-json\/wp\/v2\/users\/4"}],"replies":[{"embeddable":true,"href":"https:\/\/www.hotelgrandsaigon.com\/vi\/wp-json\/wp\/v2\/comments?post=361"}],"version-history":[{"count":0,"href":"https:\/\/www.hotelgrandsaigon.com\/vi\/wp-json\/wp\/v2\/pages\/361\/revisions"}],"up":[{"embeddable":true,"href":"https:\/\/www.hotelgrandsaigon.com\/vi\/wp-json\/wp\/v2\/pages\/356"}],"wp:featuredmedia":[{"embeddable":true,"href":"https:\/\/www.hotelgrandsaigon.com\/vi\/wp-json\/wp\/v2\/media\/83"}],"wp:attachment":[{"href":"https:\/\/www.hotelgrandsaigon.com\/vi\/wp-json\/wp\/v2\/media?parent=361"}],"curies":[{"name":"wp","href":"https:\/\/api.w.org\/{rel}","templated":true}]}}