{"id":360,"date":"2023-07-27T08:50:42","date_gmt":"2023-07-27T08:50:42","guid":{"rendered":"https:\/\/hotel-grand-saigon.ms2.decms.asia\/rooms-suites\/luxury-suite\/"},"modified":"2024-04-29T10:18:14","modified_gmt":"2024-04-29T10:18:14","slug":"luxury-suite","status":"publish","type":"page","link":"https:\/\/www.hotelgrandsaigon.com\/vi\/rooms-suites\/luxury-suite\/","title":{"rendered":"Luxury Suite"},"content":{"rendered":"<p>C\u00e1c ph\u00f2ng Luxury Suite mang n\u00e9t c\u1ed5 \u0111i\u1ec3n sang tr\u1ecdng tinh t\u1ebf, \u0111\u01b0a \u0111\u1ebfn nh\u1eefng gi\u1ea5c m\u01a1 v\u00e0 s\u1ef1 th\u01b0 th\u00e1i. M\u1ed9t c\u0103n h\u1ed9 nh\u1ecf ri\u00eang t\u01b0 n\u1eb1m t\u1eeb t\u1ea7ng 17-19 c\u1ee7a c\u00e1nh Sang tr\u1ecdng, khu v\u1ef1c ti\u1ebfp kh\u00e1ch, ph\u00f2ng ng\u1ee7 c\u00f3 k\u00edch th\u01b0\u1edbc r\u1ed9ng r\u00e3i v\u00e0 ph\u00f2ng t\u1eafm trang nh\u00e3 khi\u1ebfn n\u00f3 tr\u1edf th\u00e0nh m\u1ed9t ch\u1ed7 d\u1eebng ch\u00e2n \u0111\u1eb7c bi\u1ec7t m\u00e0 qu\u00fd kh\u00e1ch th\u00edch quay tr\u1edf l\u1ea1i.<\/p>\n","protected":false},"excerpt":{"rendered":"<p>C\u00e1c ph\u00f2ng Luxury Suite mang n\u00e9t c\u1ed5 \u0111i\u1ec3n sang tr\u1ecdng tinh t\u1ebf, \u0111\u01b0a \u0111\u1ebfn nh\u1eefng gi\u1ea5c m\u01a1 v\u00e0 s\u1ef1 th\u01b0 th\u00e1i. M\u1ed9t c\u0103n h\u1ed9 nh\u1ecf ri\u00eang t\u01b0 n\u1eb1m t\u1eeb t\u1ea7ng 17-19 c\u1ee7a c\u00e1nh Sang tr\u1ecdng, khu v\u1ef1c ti\u1ebfp kh\u00e1ch, ph\u00f2ng ng\u1ee7 c\u00f3 k\u00edch th\u01b0\u1edbc r\u1ed9ng r\u00e3i v\u00e0 ph\u00f2ng t\u1eafm trang nh\u00e3 khi\u1ebfn n\u00f3 tr\u1edf th\u00e0nh [&hellip;]<\/p>\n","protected":false},"author":4,"featured_media":83,"parent":356,"menu_order":3,"comment_status":"closed","ping_status":"closed","template":"template-single-room.php","meta":{"footnotes":""},"yoast_head":"<!-- This site is optimized with the Yoast SEO plugin v22.3 - https:\/\/yoast.com\/wordpress\/plugins\/seo\/ -->\n<title>Luxury Suite - Hotel Grand Saigon<\/title>\n<meta name=\"robots\" content=\"index, follow, max-snippet:-1, max-image-preview:large, max-video-preview:-1\" \/>\n<link rel=\"canonical\" href=\"https:\/\/www.hotelgrandsaigon.com\/vi\/rooms-suites\/luxury-suite\/\" \/>\n<meta property=\"og:locale\" content=\"vi_VN\" \/>\n<meta property=\"og:type\" content=\"article\" \/>\n<meta property=\"og:title\" content=\"Luxury Suite - Hotel Grand Saigon\" \/>\n<meta property=\"og:description\" content=\"C\u00e1c ph\u00f2ng Luxury Suite mang n\u00e9t c\u1ed5 \u0111i\u1ec3n sang tr\u1ecdng tinh t\u1ebf, \u0111\u01b0a \u0111\u1ebfn nh\u1eefng gi\u1ea5c m\u01a1 v\u00e0 s\u1ef1 th\u01b0 th\u00e1i. M\u1ed9t c\u0103n h\u1ed9 nh\u1ecf ri\u00eang t\u01b0 n\u1eb1m t\u1eeb t\u1ea7ng 17-19 c\u1ee7a c\u00e1nh Sang tr\u1ecdng, khu v\u1ef1c ti\u1ebfp kh\u00e1ch, ph\u00f2ng ng\u1ee7 c\u00f3 k\u00edch th\u01b0\u1edbc r\u1ed9ng r\u00e3i v\u00e0 ph\u00f2ng t\u1eafm trang nh\u00e3 khi\u1ebfn n\u00f3 tr\u1edf th\u00e0nh [&hellip;]\" \/>\n<meta property=\"og:url\" content=\"https:\/\/www.hotelgrandsaigon.com\/vi\/rooms-suites\/luxury-suite\/\" \/>\n<meta property=\"og:site_name\" content=\"Hotel Grand Saigon\" \/>\n<meta property=\"article:modified_time\" content=\"2024-04-29T10:18:14+00:00\" \/>\n<meta property=\"og:image\" content=\"https:\/\/www.hotelgrandsaigon.com\/wp-content\/uploads\/sites\/8\/2023\/07\/LUXURY-SUITE-ROOM-60M2-1.jpg\" \/>\n\t<meta property=\"og:image:width\" content=\"2200\" \/>\n\t<meta property=\"og:image:height\" content=\"1469\" \/>\n\t<meta property=\"og:image:type\" content=\"image\/jpeg\" \/>\n<meta name=\"twitter:card\" content=\"summary_large_image\" \/>\n<meta name=\"twitter:label1\" content=\"Est. reading time\" \/>\n\t<meta name=\"twitter:data1\" content=\"1 minute\" \/>\n<script type=\"application\/ld+json\" class=\"yoast-schema-graph\">{\"@context\":\"https:\/\/schema.org\",\"@graph\":[{\"@type\":\"WebPage\",\"@id\":\"https:\/\/www.hotelgrandsaigon.com\/vi\/rooms-suites\/luxury-suite\/\",\"url\":\"https:\/\/www.hotelgrandsaigon.com\/vi\/rooms-suites\/luxury-suite\/\",\"name\":\"Luxury Suite - Hotel Grand Saigon\",\"isPartOf\":{\"@id\":\"https:\/\/www.hotelgrandsaigon.com\/vi\/#website\"},\"primaryImageOfPage\":{\"@id\":\"https:\/\/www.hotelgrandsaigon.com\/vi\/rooms-suites\/luxury-suite\/#primaryimage\"},\"image\":{\"@id\":\"https:\/\/www.hotelgrandsaigon.com\/vi\/rooms-suites\/luxury-suite\/#primaryimage\"},\"thumbnailUrl\":\"https:\/\/www.hotelgrandsaigon.com\/wp-content\/uploads\/sites\/8\/2023\/07\/LUXURY-SUITE-ROOM-60M2-1.jpg\",\"datePublished\":\"2023-07-27T08:50:42+00:00\",\"dateModified\":\"2024-04-29T10:18:14+00:00\",\"breadcrumb\":{\"@id\":\"https:\/\/www.hotelgrandsaigon.com\/vi\/rooms-suites\/luxury-suite\/#breadcrumb\"},\"inLanguage\":\"vi-VN\",\"potentialAction\":[{\"@type\":\"ReadAction\",\"target\":[\"https:\/\/www.hotelgrandsaigon.com\/vi\/rooms-suites\/luxury-suite\/\"]}]},{\"@type\":\"ImageObject\",\"inLanguage\":\"vi-VN\",\"@id\":\"https:\/\/www.hotelgrandsaigon.com\/vi\/rooms-suites\/luxury-suite\/#primaryimage\",\"url\":\"https:\/\/www.hotelgrandsaigon.com\/wp-content\/uploads\/sites\/8\/2023\/07\/LUXURY-SUITE-ROOM-60M2-1.jpg\",\"contentUrl\":\"https:\/\/www.hotelgrandsaigon.com\/wp-content\/uploads\/sites\/8\/2023\/07\/LUXURY-SUITE-ROOM-60M2-1.jpg\",\"width\":2200,\"height\":1469},{\"@type\":\"BreadcrumbList\",\"@id\":\"https:\/\/www.hotelgrandsaigon.com\/vi\/rooms-suites\/luxury-suite\/#breadcrumb\",\"itemListElement\":[{\"@type\":\"ListItem\",\"position\":1,\"name\":\"Home\",\"item\":\"https:\/\/www.hotelgrandsaigon.com\/vi\/\"},{\"@type\":\"ListItem\",\"position\":2,\"name\":\"Ph\u00f2ng Ngh\u1ec9\",\"item\":\"https:\/\/www.hotelgrandsaigon.com\/vi\/rooms-suites\/\"},{\"@type\":\"ListItem\",\"position\":3,\"name\":\"Luxury Suite\"}]},{\"@type\":\"WebSite\",\"@id\":\"https:\/\/www.hotelgrandsaigon.com\/vi\/#website\",\"url\":\"https:\/\/www.hotelgrandsaigon.com\/vi\/\",\"name\":\"Hotel Grand Saigon\",\"description\":\"\",\"potentialAction\":[{\"@type\":\"SearchAction\",\"target\":{\"@type\":\"EntryPoint\",\"urlTemplate\":\"https:\/\/www.hotelgrandsaigon.com\/vi\/?s={search_term_string}\"},\"query-input\":\"required name=search_term_string\"}],\"inLanguage\":\"vi-VN\"}]}<\/script>\n<!-- \/ Yoast SEO plugin. -->","yoast_head_json":{"title":"Luxury Suite - Hotel Grand Saigon","robots":{"index":"index","follow":"follow","max-snippet":"max-snippet:-1","max-image-preview":"max-image-preview:large","max-video-preview":"max-video-preview:-1"},"canonical":"https:\/\/www.hotelgrandsaigon.com\/vi\/rooms-suites\/luxury-suite\/","og_locale":"vi_VN","og_type":"article","og_title":"Luxury Suite - Hotel Grand Saigon","og_description":"C\u00e1c ph\u00f2ng Luxury Suite mang n\u00e9t c\u1ed5 \u0111i\u1ec3n sang tr\u1ecdng tinh t\u1ebf, \u0111\u01b0a \u0111\u1ebfn nh\u1eefng gi\u1ea5c m\u01a1 v\u00e0 s\u1ef1 th\u01b0 th\u00e1i. M\u1ed9t c\u0103n h\u1ed9 nh\u1ecf ri\u00eang t\u01b0 n\u1eb1m t\u1eeb t\u1ea7ng 17-19 c\u1ee7a c\u00e1nh Sang tr\u1ecdng, khu v\u1ef1c ti\u1ebfp kh\u00e1ch, ph\u00f2ng ng\u1ee7 c\u00f3 k\u00edch th\u01b0\u1edbc r\u1ed9ng r\u00e3i v\u00e0 ph\u00f2ng t\u1eafm trang nh\u00e3 khi\u1ebfn n\u00f3 tr\u1edf th\u00e0nh [&hellip;]","og_url":"https:\/\/www.hotelgrandsaigon.com\/vi\/rooms-suites\/luxury-suite\/","og_site_name":"Hotel Grand Saigon","article_modified_time":"2024-04-29T10:18:14+00:00","og_image":[{"width":2200,"height":1469,"url":"https:\/\/www.hotelgrandsaigon.com\/wp-content\/uploads\/sites\/8\/2023\/07\/LUXURY-SUITE-ROOM-60M2-1.jpg","type":"image\/jpeg"}],"twitter_card":"summary_large_image","twitter_misc":{"Est. reading time":"1 minute"},"schema":{"@context":"https:\/\/schema.org","@graph":[{"@type":"WebPage","@id":"https:\/\/www.hotelgrandsaigon.com\/vi\/rooms-suites\/luxury-suite\/","url":"https:\/\/www.hotelgrandsaigon.com\/vi\/rooms-suites\/luxury-suite\/","name":"Luxury Suite - Hotel Grand Saigon","isPartOf":{"@id":"https:\/\/www.hotelgrandsaigon.com\/vi\/#website"},"primaryImageOfPage":{"@id":"https:\/\/www.hotelgrandsaigon.com\/vi\/rooms-suites\/luxury-suite\/#primaryimage"},"image":{"@id":"https:\/\/www.hotelgrandsaigon.com\/vi\/rooms-suites\/luxury-suite\/#primaryimage"},"thumbnailUrl":"https:\/\/www.hotelgrandsaigon.com\/wp-content\/uploads\/sites\/8\/2023\/07\/LUXURY-SUITE-ROOM-60M2-1.jpg","datePublished":"2023-07-27T08:50:42+00:00","dateModified":"2024-04-29T10:18:14+00:00","breadcrumb":{"@id":"https:\/\/www.hotelgrandsaigon.com\/vi\/rooms-suites\/luxury-suite\/#breadcrumb"},"inLanguage":"vi-VN","potentialAction":[{"@type":"ReadAction","target":["https:\/\/www.hotelgrandsaigon.com\/vi\/rooms-suites\/luxury-suite\/"]}]},{"@type":"ImageObject","inLanguage":"vi-VN","@id":"https:\/\/www.hotelgrandsaigon.com\/vi\/rooms-suites\/luxury-suite\/#primaryimage","url":"https:\/\/www.hotelgrandsaigon.com\/wp-content\/uploads\/sites\/8\/2023\/07\/LUXURY-SUITE-ROOM-60M2-1.jpg","contentUrl":"https:\/\/www.hotelgrandsaigon.com\/wp-content\/uploads\/sites\/8\/2023\/07\/LUXURY-SUITE-ROOM-60M2-1.jpg","width":2200,"height":1469},{"@type":"BreadcrumbList","@id":"https:\/\/www.hotelgrandsaigon.com\/vi\/rooms-suites\/luxury-suite\/#breadcrumb","itemListElement":[{"@type":"ListItem","position":1,"name":"Home","item":"https:\/\/www.hotelgrandsaigon.com\/vi\/"},{"@type":"ListItem","position":2,"name":"Ph\u00f2ng Ngh\u1ec9","item":"https:\/\/www.hotelgrandsaigon.com\/vi\/rooms-suites\/"},{"@type":"ListItem","position":3,"name":"Luxury Suite"}]},{"@type":"WebSite","@id":"https:\/\/www.hotelgrandsaigon.com\/vi\/#website","url":"https:\/\/www.hotelgrandsaigon.com\/vi\/","name":"Hotel Grand Saigon","description":"","potentialAction":[{"@type":"SearchAction","target":{"@type":"EntryPoint","urlTemplate":"https:\/\/www.hotelgrandsaigon.com\/vi\/?s={search_term_string}"},"query-input":"required name=search_term_string"}],"inLanguage":"vi-VN"}]}},"acf":[],"_links":{"self":[{"href":"https:\/\/www.hotelgrandsaigon.com\/vi\/wp-json\/wp\/v2\/pages\/360"}],"collection":[{"href":"https:\/\/www.hotelgrandsaigon.com\/vi\/wp-json\/wp\/v2\/pages"}],"about":[{"href":"https:\/\/www.hotelgrandsaigon.com\/vi\/wp-json\/wp\/v2\/types\/page"}],"author":[{"embeddable":true,"href":"https:\/\/www.hotelgrandsaigon.com\/vi\/wp-json\/wp\/v2\/users\/4"}],"replies":[{"embeddable":true,"href":"https:\/\/www.hotelgrandsaigon.com\/vi\/wp-json\/wp\/v2\/comments?post=360"}],"version-history":[{"count":0,"href":"https:\/\/www.hotelgrandsaigon.com\/vi\/wp-json\/wp\/v2\/pages\/360\/revisions"}],"up":[{"embeddable":true,"href":"https:\/\/www.hotelgrandsaigon.com\/vi\/wp-json\/wp\/v2\/pages\/356"}],"wp:featuredmedia":[{"embeddable":true,"href":"https:\/\/www.hotelgrandsaigon.com\/vi\/wp-json\/wp\/v2\/media\/83"}],"wp:attachment":[{"href":"https:\/\/www.hotelgrandsaigon.com\/vi\/wp-json\/wp\/v2\/media?parent=360"}],"curies":[{"name":"wp","href":"https:\/\/api.w.org\/{rel}","templated":true}]}}