{"id":357,"date":"2023-07-27T07:21:17","date_gmt":"2023-07-27T07:21:17","guid":{"rendered":"https:\/\/hotel-grand-saigon.ms2.decms.asia\/rooms-suites\/deluxe-rooms\/"},"modified":"2025-05-28T08:31:23","modified_gmt":"2025-05-28T08:31:23","slug":"deluxe-rooms","status":"publish","type":"page","link":"https:\/\/www.hotelgrandsaigon.com\/vi\/rooms-suites\/deluxe-rooms\/","title":{"rendered":"Deluxe"},"content":{"rendered":"<p>V\u1edbi l\u1ed1i trang tr\u00ed trang nh\u00e3 v\u00e0 c\u00e1c ti\u1ec7n nghi hi\u1ec7n \u0111\u1ea1i, ph\u00f2ng Deluxe mang \u0111\u1ebfn s\u1ef1 th\u01b0 gi\u00e3n tho\u1ea3i m\u00e1i v\u00e0 y\u00ean b\u00ecnh. Ph\u00f2ng c\u00f3 gi\u01b0\u1eddng c\u1ee1 king sang tr\u1ecdng, \u0111\u01b0\u1ee3c trang tr\u00ed b\u1eb1ng b\u1ed9 kh\u0103n tr\u1ea3i gi\u01b0\u1eddng cao c\u1ea5p v\u00e0 g\u1ed1i tho\u1ea3i m\u00e1i \u0111\u1ec3 \u0111\u1ea3m b\u1ea3o gi\u1ea5c ng\u1ee7 ngon. Ph\u00f2ng t\u1eafm r\u1ed9ng r\u00e3i \u0111\u01b0\u1ee3c trang b\u1ecb v\u00f2i sen v\u00e0 b\u1ed3n t\u1eafm ri\u00eang bi\u1ec7t, cho ph\u00e9p du kh\u00e1ch t\u1eadn h\u01b0\u1edfng tr\u1ea3i nghi\u1ec7m th\u01b0 gi\u00e3n.<\/p>\n","protected":false},"excerpt":{"rendered":"<p>V\u1edbi l\u1ed1i trang tr\u00ed trang nh\u00e3 v\u00e0 c\u00e1c ti\u1ec7n nghi hi\u1ec7n \u0111\u1ea1i, ph\u00f2ng Deluxe mang \u0111\u1ebfn s\u1ef1 th\u01b0 gi\u00e3n tho\u1ea3i m\u00e1i v\u00e0 y\u00ean b\u00ecnh. Ph\u00f2ng c\u00f3 gi\u01b0\u1eddng c\u1ee1 king sang tr\u1ecdng, \u0111\u01b0\u1ee3c trang tr\u00ed b\u1eb1ng b\u1ed9 kh\u0103n tr\u1ea3i gi\u01b0\u1eddng cao c\u1ea5p v\u00e0 g\u1ed1i tho\u1ea3i m\u00e1i \u0111\u1ec3 \u0111\u1ea3m b\u1ea3o gi\u1ea5c ng\u1ee7 ngon. Ph\u00f2ng t\u1eafm r\u1ed9ng r\u00e3i [&hellip;]<\/p>\n","protected":false},"author":4,"featured_media":437,"parent":356,"menu_order":0,"comment_status":"closed","ping_status":"closed","template":"template-single-room.php","meta":{"footnotes":""},"yoast_head":"<!-- This site is optimized with the Yoast SEO plugin v22.3 - https:\/\/yoast.com\/wordpress\/plugins\/seo\/ -->\n<title>Deluxe - Hotel Grand Saigon<\/title>\n<meta name=\"robots\" content=\"index, follow, max-snippet:-1, max-image-preview:large, max-video-preview:-1\" \/>\n<link rel=\"canonical\" href=\"https:\/\/www.hotelgrandsaigon.com\/vi\/rooms-suites\/deluxe-rooms\/\" \/>\n<meta property=\"og:locale\" content=\"vi_VN\" \/>\n<meta property=\"og:type\" content=\"article\" \/>\n<meta property=\"og:title\" content=\"Deluxe - Hotel Grand Saigon\" \/>\n<meta property=\"og:description\" content=\"V\u1edbi l\u1ed1i trang tr\u00ed trang nh\u00e3 v\u00e0 c\u00e1c ti\u1ec7n nghi hi\u1ec7n \u0111\u1ea1i, ph\u00f2ng Deluxe mang \u0111\u1ebfn s\u1ef1 th\u01b0 gi\u00e3n tho\u1ea3i m\u00e1i v\u00e0 y\u00ean b\u00ecnh. Ph\u00f2ng c\u00f3 gi\u01b0\u1eddng c\u1ee1 king sang tr\u1ecdng, \u0111\u01b0\u1ee3c trang tr\u00ed b\u1eb1ng b\u1ed9 kh\u0103n tr\u1ea3i gi\u01b0\u1eddng cao c\u1ea5p v\u00e0 g\u1ed1i tho\u1ea3i m\u00e1i \u0111\u1ec3 \u0111\u1ea3m b\u1ea3o gi\u1ea5c ng\u1ee7 ngon. Ph\u00f2ng t\u1eafm r\u1ed9ng r\u00e3i [&hellip;]\" \/>\n<meta property=\"og:url\" content=\"https:\/\/www.hotelgrandsaigon.com\/vi\/rooms-suites\/deluxe-rooms\/\" \/>\n<meta property=\"og:site_name\" content=\"Hotel Grand Saigon\" \/>\n<meta property=\"article:modified_time\" content=\"2025-05-28T08:31:23+00:00\" \/>\n<meta property=\"og:image\" content=\"https:\/\/www.hotelgrandsaigon.com\/wp-content\/uploads\/sites\/8\/2023\/08\/DELUXE-grand-pdlk-02.jpg\" \/>\n\t<meta property=\"og:image:width\" content=\"2200\" \/>\n\t<meta property=\"og:image:height\" content=\"1200\" \/>\n\t<meta property=\"og:image:type\" content=\"image\/jpeg\" \/>\n<meta name=\"twitter:card\" content=\"summary_large_image\" \/>\n<meta name=\"twitter:label1\" content=\"Est. reading time\" \/>\n\t<meta name=\"twitter:data1\" content=\"1 minute\" \/>\n<script type=\"application\/ld+json\" class=\"yoast-schema-graph\">{\"@context\":\"https:\/\/schema.org\",\"@graph\":[{\"@type\":\"WebPage\",\"@id\":\"https:\/\/www.hotelgrandsaigon.com\/vi\/rooms-suites\/deluxe-rooms\/\",\"url\":\"https:\/\/www.hotelgrandsaigon.com\/vi\/rooms-suites\/deluxe-rooms\/\",\"name\":\"Deluxe - Hotel Grand Saigon\",\"isPartOf\":{\"@id\":\"https:\/\/www.hotelgrandsaigon.com\/vi\/#website\"},\"primaryImageOfPage\":{\"@id\":\"https:\/\/www.hotelgrandsaigon.com\/vi\/rooms-suites\/deluxe-rooms\/#primaryimage\"},\"image\":{\"@id\":\"https:\/\/www.hotelgrandsaigon.com\/vi\/rooms-suites\/deluxe-rooms\/#primaryimage\"},\"thumbnailUrl\":\"https:\/\/www.hotelgrandsaigon.com\/wp-content\/uploads\/sites\/8\/2023\/08\/DELUXE-grand-pdlk-02.jpg\",\"datePublished\":\"2023-07-27T07:21:17+00:00\",\"dateModified\":\"2025-05-28T08:31:23+00:00\",\"breadcrumb\":{\"@id\":\"https:\/\/www.hotelgrandsaigon.com\/vi\/rooms-suites\/deluxe-rooms\/#breadcrumb\"},\"inLanguage\":\"vi-VN\",\"potentialAction\":[{\"@type\":\"ReadAction\",\"target\":[\"https:\/\/www.hotelgrandsaigon.com\/vi\/rooms-suites\/deluxe-rooms\/\"]}]},{\"@type\":\"ImageObject\",\"inLanguage\":\"vi-VN\",\"@id\":\"https:\/\/www.hotelgrandsaigon.com\/vi\/rooms-suites\/deluxe-rooms\/#primaryimage\",\"url\":\"https:\/\/www.hotelgrandsaigon.com\/wp-content\/uploads\/sites\/8\/2023\/08\/DELUXE-grand-pdlk-02.jpg\",\"contentUrl\":\"https:\/\/www.hotelgrandsaigon.com\/wp-content\/uploads\/sites\/8\/2023\/08\/DELUXE-grand-pdlk-02.jpg\",\"width\":2200,\"height\":1200},{\"@type\":\"BreadcrumbList\",\"@id\":\"https:\/\/www.hotelgrandsaigon.com\/vi\/rooms-suites\/deluxe-rooms\/#breadcrumb\",\"itemListElement\":[{\"@type\":\"ListItem\",\"position\":1,\"name\":\"Home\",\"item\":\"https:\/\/www.hotelgrandsaigon.com\/vi\/\"},{\"@type\":\"ListItem\",\"position\":2,\"name\":\"Ph\u00f2ng Ngh\u1ec9\",\"item\":\"https:\/\/www.hotelgrandsaigon.com\/vi\/rooms-suites\/\"},{\"@type\":\"ListItem\",\"position\":3,\"name\":\"Deluxe\"}]},{\"@type\":\"WebSite\",\"@id\":\"https:\/\/www.hotelgrandsaigon.com\/vi\/#website\",\"url\":\"https:\/\/www.hotelgrandsaigon.com\/vi\/\",\"name\":\"Hotel Grand Saigon\",\"description\":\"\",\"potentialAction\":[{\"@type\":\"SearchAction\",\"target\":{\"@type\":\"EntryPoint\",\"urlTemplate\":\"https:\/\/www.hotelgrandsaigon.com\/vi\/?s={search_term_string}\"},\"query-input\":\"required name=search_term_string\"}],\"inLanguage\":\"vi-VN\"}]}<\/script>\n<!-- \/ Yoast SEO plugin. -->","yoast_head_json":{"title":"Deluxe - Hotel Grand Saigon","robots":{"index":"index","follow":"follow","max-snippet":"max-snippet:-1","max-image-preview":"max-image-preview:large","max-video-preview":"max-video-preview:-1"},"canonical":"https:\/\/www.hotelgrandsaigon.com\/vi\/rooms-suites\/deluxe-rooms\/","og_locale":"vi_VN","og_type":"article","og_title":"Deluxe - Hotel Grand Saigon","og_description":"V\u1edbi l\u1ed1i trang tr\u00ed trang nh\u00e3 v\u00e0 c\u00e1c ti\u1ec7n nghi hi\u1ec7n \u0111\u1ea1i, ph\u00f2ng Deluxe mang \u0111\u1ebfn s\u1ef1 th\u01b0 gi\u00e3n tho\u1ea3i m\u00e1i v\u00e0 y\u00ean b\u00ecnh. Ph\u00f2ng c\u00f3 gi\u01b0\u1eddng c\u1ee1 king sang tr\u1ecdng, \u0111\u01b0\u1ee3c trang tr\u00ed b\u1eb1ng b\u1ed9 kh\u0103n tr\u1ea3i gi\u01b0\u1eddng cao c\u1ea5p v\u00e0 g\u1ed1i tho\u1ea3i m\u00e1i \u0111\u1ec3 \u0111\u1ea3m b\u1ea3o gi\u1ea5c ng\u1ee7 ngon. Ph\u00f2ng t\u1eafm r\u1ed9ng r\u00e3i [&hellip;]","og_url":"https:\/\/www.hotelgrandsaigon.com\/vi\/rooms-suites\/deluxe-rooms\/","og_site_name":"Hotel Grand Saigon","article_modified_time":"2025-05-28T08:31:23+00:00","og_image":[{"width":2200,"height":1200,"url":"https:\/\/www.hotelgrandsaigon.com\/wp-content\/uploads\/sites\/8\/2023\/08\/DELUXE-grand-pdlk-02.jpg","type":"image\/jpeg"}],"twitter_card":"summary_large_image","twitter_misc":{"Est. reading time":"1 minute"},"schema":{"@context":"https:\/\/schema.org","@graph":[{"@type":"WebPage","@id":"https:\/\/www.hotelgrandsaigon.com\/vi\/rooms-suites\/deluxe-rooms\/","url":"https:\/\/www.hotelgrandsaigon.com\/vi\/rooms-suites\/deluxe-rooms\/","name":"Deluxe - Hotel Grand Saigon","isPartOf":{"@id":"https:\/\/www.hotelgrandsaigon.com\/vi\/#website"},"primaryImageOfPage":{"@id":"https:\/\/www.hotelgrandsaigon.com\/vi\/rooms-suites\/deluxe-rooms\/#primaryimage"},"image":{"@id":"https:\/\/www.hotelgrandsaigon.com\/vi\/rooms-suites\/deluxe-rooms\/#primaryimage"},"thumbnailUrl":"https:\/\/www.hotelgrandsaigon.com\/wp-content\/uploads\/sites\/8\/2023\/08\/DELUXE-grand-pdlk-02.jpg","datePublished":"2023-07-27T07:21:17+00:00","dateModified":"2025-05-28T08:31:23+00:00","breadcrumb":{"@id":"https:\/\/www.hotelgrandsaigon.com\/vi\/rooms-suites\/deluxe-rooms\/#breadcrumb"},"inLanguage":"vi-VN","potentialAction":[{"@type":"ReadAction","target":["https:\/\/www.hotelgrandsaigon.com\/vi\/rooms-suites\/deluxe-rooms\/"]}]},{"@type":"ImageObject","inLanguage":"vi-VN","@id":"https:\/\/www.hotelgrandsaigon.com\/vi\/rooms-suites\/deluxe-rooms\/#primaryimage","url":"https:\/\/www.hotelgrandsaigon.com\/wp-content\/uploads\/sites\/8\/2023\/08\/DELUXE-grand-pdlk-02.jpg","contentUrl":"https:\/\/www.hotelgrandsaigon.com\/wp-content\/uploads\/sites\/8\/2023\/08\/DELUXE-grand-pdlk-02.jpg","width":2200,"height":1200},{"@type":"BreadcrumbList","@id":"https:\/\/www.hotelgrandsaigon.com\/vi\/rooms-suites\/deluxe-rooms\/#breadcrumb","itemListElement":[{"@type":"ListItem","position":1,"name":"Home","item":"https:\/\/www.hotelgrandsaigon.com\/vi\/"},{"@type":"ListItem","position":2,"name":"Ph\u00f2ng Ngh\u1ec9","item":"https:\/\/www.hotelgrandsaigon.com\/vi\/rooms-suites\/"},{"@type":"ListItem","position":3,"name":"Deluxe"}]},{"@type":"WebSite","@id":"https:\/\/www.hotelgrandsaigon.com\/vi\/#website","url":"https:\/\/www.hotelgrandsaigon.com\/vi\/","name":"Hotel Grand Saigon","description":"","potentialAction":[{"@type":"SearchAction","target":{"@type":"EntryPoint","urlTemplate":"https:\/\/www.hotelgrandsaigon.com\/vi\/?s={search_term_string}"},"query-input":"required name=search_term_string"}],"inLanguage":"vi-VN"}]}},"acf":[],"_links":{"self":[{"href":"https:\/\/www.hotelgrandsaigon.com\/vi\/wp-json\/wp\/v2\/pages\/357"}],"collection":[{"href":"https:\/\/www.hotelgrandsaigon.com\/vi\/wp-json\/wp\/v2\/pages"}],"about":[{"href":"https:\/\/www.hotelgrandsaigon.com\/vi\/wp-json\/wp\/v2\/types\/page"}],"author":[{"embeddable":true,"href":"https:\/\/www.hotelgrandsaigon.com\/vi\/wp-json\/wp\/v2\/users\/4"}],"replies":[{"embeddable":true,"href":"https:\/\/www.hotelgrandsaigon.com\/vi\/wp-json\/wp\/v2\/comments?post=357"}],"version-history":[{"count":0,"href":"https:\/\/www.hotelgrandsaigon.com\/vi\/wp-json\/wp\/v2\/pages\/357\/revisions"}],"up":[{"embeddable":true,"href":"https:\/\/www.hotelgrandsaigon.com\/vi\/wp-json\/wp\/v2\/pages\/356"}],"wp:featuredmedia":[{"embeddable":true,"href":"https:\/\/www.hotelgrandsaigon.com\/vi\/wp-json\/wp\/v2\/media\/437"}],"wp:attachment":[{"href":"https:\/\/www.hotelgrandsaigon.com\/vi\/wp-json\/wp\/v2\/media?parent=357"}],"curies":[{"name":"wp","href":"https:\/\/api.w.org\/{rel}","templated":true}]}}