{"id":356,"date":"2023-07-27T03:57:10","date_gmt":"2023-07-27T03:57:10","guid":{"rendered":"https:\/\/hotel-grand-saigon.ms2.decms.asia\/rooms-suites\/"},"modified":"2026-03-23T08:39:14","modified_gmt":"2026-03-23T08:39:14","slug":"rooms-suites","status":"publish","type":"page","link":"https:\/\/www.hotelgrandsaigon.com\/vi\/rooms-suites\/","title":{"rendered":"Ph\u00f2ng Ngh\u1ec9"},"content":{"rendered":"<p>L\u00f2ng hi\u1ebfu kh\u00e1ch c\u1ee7a ch\u00fang t\u00f4i \u0111\u01b0\u1ee3c th\u1ec3 hi\u1ec7n trong t\u1eebng chi ti\u1ebft l\u00e0m cho k\u1ef3 ngh\u1ec9 c\u1ee7a b\u1ea1n tr\u1ea3i nghi\u1ec7m \u0111\u1ebfn kh\u00f3 qu\u00ean. V\u1edbi nh\u1eefng \u0111\u01b0\u1eddng n\u00e9t tinh t\u1ebf, thanh l\u1ecbch theo phong c\u00e1ch ki\u1ebfn tr\u00fac Ph\u00e1p c\u1ee7a th\u1eadp ni\u00ean 1930, Grand S\u00e0i G\u00f2n t\u1eebng \u0111\u01b0\u1ee3c \u0111\u1ec1 c\u1eed l\u00e0 m\u1ed9t &#8220;l\u1ef1a ch\u1ecdn h\u1ea1ng nh\u1ea5t&#8221; trong s\u1ed1 c\u00e1c kh\u00e1ch s\u1ea1n t\u1ea1i S\u00e0i G\u00f2n.<\/p>\n<p>\u2022 Luxury Wing pha tr\u1ed9n c\u00e1c y\u1ebfu t\u1ed1 thi\u1ebft k\u1ebf c\u1ed5 \u0111i\u1ec3n c\u1ee7a Ph\u00e1p v\u00e0 s\u1ef1 sang tr\u1ecdng \u0111\u01b0\u01a1ng \u0111\u1ea1i h\u01b0\u1edbng ra to\u00e0n c\u1ea3nh th\u00e0nh ph\u1ed1 s\u1ebd ho\u00e0n to\u00e0n l\u00e0m h\u00e0i l\u00f2ng c\u1ea3 nh\u1eefng v\u1ecb kh\u00e1ch kh\u00f3 t\u00ednh.<br \/>\n\u2022 C\u00e1nh C\u1ed5 l\u1ecbch s\u1eed t\u1eeb n\u0103m 1930 v\u1edbi v\u1ebb duy\u00ean d\u00e1ng trang nh\u00e3 khi\u1ebfn c\u00e1c ph\u00f2ng ngh\u1ec9 v\u00e0 khu v\u1ef1c b\u00ean h\u1ed3 b\u01a1i tr\u1edf n\u00ean n\u1ed5i b\u1eadt v\u00e0 \u0111\u01b0\u1ee3c bi\u1ebft \u0111\u1ebfn nh\u01b0 m\u1ed9t n\u01a1i l\u01b0u tr\u00fa cao c\u1ea5p v\u00e0 \u0111\u1ed9c \u0111\u00e1o trong s\u1ed1 h\u00e0ng lo\u1ea1t kh\u00e1ch s\u1ea1n 5 sao \u1edf trung t\u00e2m th\u00e0nh ph\u1ed1.<\/p>\n<p>T\u1eadn h\u01b0\u1edfng nh\u1eefng d\u1ecbch v\u1ee5 cao c\u1ea5p trong l\u00f2ng kh\u00e1ch s\u1ea1n c\u1ed5 gi\u1eefa trung t\u00e2m th\u00e0nh ph\u1ed1 l\u00e0 m\u1ed9t tr\u1ea3i nghi\u1ec7m \u0111\u1eb7c bi\u1ec7t. \u0110\u00e2y th\u1ef1c s\u1ef1 l\u00e0 phong c\u00e1ch s\u1ed1ng m\u00e0 ch\u00fang t\u00f4i mu\u1ed1n truy\u1ec1n c\u1ea3m h\u1ee9ng th\u00f4ng qua c\u00e1c d\u1ecbch v\u1ee5 t\u1ea1i Kh\u00e1ch s\u1ea1n Grand S\u00e0i G\u00f2n.<\/p>\n<p>Ghi ch\u00fa: Kh\u00e1ch s\u1ea1n hi\u1ec7n kh\u00f4ng h\u1ed7 tr\u1ee3 ti\u1ebfp nh\u1eadn v\u1eadt nu\u00f4i.<\/p>\n<table style=\"border-collapse: collapse;width: 350px;height: auto\" border=\"0\">\n<tbody>\n<tr style=\"height: 30px\">\n<td style=\"width: 50%;border-style: hidden;border-color: transparent\">\n<p style=\"text-align: center\">GI\u1edc NH\u1eacN PH\u00d2NG<\/p>\n<\/td>\n<td style=\"width: 50%;border-style: hidden;border-color: transparent\">\n<p style=\"text-align: center\">GI\u1edc TR\u1ea2 PH\u00d2NG<\/p>\n<\/td>\n<\/tr>\n<tr style=\"height: 30px\">\n<td style=\"width: 50%;border-style: hidden;border-color: transparent\">\n<p style=\"text-align: center\">14:00<\/p>\n<\/td>\n<td style=\"width: 50%;border-style: hidden;border-color: transparent\">\n<p style=\"text-align: center\">12:00<\/p>\n<\/td>\n<\/tr>\n<\/tbody>\n<\/table>\n","protected":false},"excerpt":{"rendered":"<p>L\u00f2ng hi\u1ebfu kh\u00e1ch c\u1ee7a ch\u00fang t\u00f4i \u0111\u01b0\u1ee3c th\u1ec3 hi\u1ec7n trong t\u1eebng chi ti\u1ebft l\u00e0m cho k\u1ef3 ngh\u1ec9 c\u1ee7a b\u1ea1n tr\u1ea3i nghi\u1ec7m \u0111\u1ebfn kh\u00f3 qu\u00ean. V\u1edbi nh\u1eefng \u0111\u01b0\u1eddng n\u00e9t tinh t\u1ebf, thanh l\u1ecbch theo phong c\u00e1ch ki\u1ebfn tr\u00fac Ph\u00e1p c\u1ee7a th\u1eadp ni\u00ean 1930, Grand S\u00e0i G\u00f2n t\u1eebng \u0111\u01b0\u1ee3c \u0111\u1ec1 c\u1eed l\u00e0 m\u1ed9t &#8220;l\u1ef1a ch\u1ecdn h\u1ea1ng nh\u1ea5t&#8221; [&hellip;]<\/p>\n","protected":false},"author":4,"featured_media":969,"parent":0,"menu_order":0,"comment_status":"closed","ping_status":"closed","template":"template-rooms.php","meta":{"footnotes":""},"yoast_head":"<!-- This site is optimized with the Yoast SEO plugin v22.3 - https:\/\/yoast.com\/wordpress\/plugins\/seo\/ -->\n<title>Ph\u00f2ng Ngh\u1ec9 - Hotel Grand Saigon<\/title>\n<meta name=\"robots\" content=\"index, follow, max-snippet:-1, max-image-preview:large, max-video-preview:-1\" \/>\n<link rel=\"canonical\" href=\"https:\/\/www.hotelgrandsaigon.com\/vi\/rooms-suites\/\" \/>\n<meta property=\"og:locale\" content=\"vi_VN\" \/>\n<meta property=\"og:type\" content=\"article\" \/>\n<meta property=\"og:title\" content=\"Ph\u00f2ng Ngh\u1ec9 - Hotel Grand Saigon\" \/>\n<meta property=\"og:description\" content=\"L\u00f2ng hi\u1ebfu kh\u00e1ch c\u1ee7a ch\u00fang t\u00f4i \u0111\u01b0\u1ee3c th\u1ec3 hi\u1ec7n trong t\u1eebng chi ti\u1ebft l\u00e0m cho k\u1ef3 ngh\u1ec9 c\u1ee7a b\u1ea1n tr\u1ea3i nghi\u1ec7m \u0111\u1ebfn kh\u00f3 qu\u00ean. V\u1edbi nh\u1eefng \u0111\u01b0\u1eddng n\u00e9t tinh t\u1ebf, thanh l\u1ecbch theo phong c\u00e1ch ki\u1ebfn tr\u00fac Ph\u00e1p c\u1ee7a th\u1eadp ni\u00ean 1930, Grand S\u00e0i G\u00f2n t\u1eebng \u0111\u01b0\u1ee3c \u0111\u1ec1 c\u1eed l\u00e0 m\u1ed9t &#8220;l\u1ef1a ch\u1ecdn h\u1ea1ng nh\u1ea5t&#8221; [&hellip;]\" \/>\n<meta property=\"og:url\" content=\"https:\/\/www.hotelgrandsaigon.com\/vi\/rooms-suites\/\" \/>\n<meta property=\"og:site_name\" content=\"Hotel Grand Saigon\" \/>\n<meta property=\"article:modified_time\" content=\"2026-03-23T08:39:14+00:00\" \/>\n<meta property=\"og:image\" content=\"https:\/\/www.hotelgrandsaigon.com\/wp-content\/uploads\/sites\/8\/2023\/11\/GRAND_LSSK_LIVING_03-1.jpg\" \/>\n\t<meta property=\"og:image:width\" content=\"2200\" \/>\n\t<meta property=\"og:image:height\" content=\"1469\" \/>\n\t<meta property=\"og:image:type\" content=\"image\/jpeg\" \/>\n<meta name=\"twitter:card\" content=\"summary_large_image\" \/>\n<meta name=\"twitter:label1\" content=\"Est. reading time\" \/>\n\t<meta name=\"twitter:data1\" content=\"2 minutes\" \/>\n<script type=\"application\/ld+json\" class=\"yoast-schema-graph\">{\"@context\":\"https:\/\/schema.org\",\"@graph\":[{\"@type\":\"WebPage\",\"@id\":\"https:\/\/www.hotelgrandsaigon.com\/vi\/rooms-suites\/\",\"url\":\"https:\/\/www.hotelgrandsaigon.com\/vi\/rooms-suites\/\",\"name\":\"Ph\u00f2ng Ngh\u1ec9 - Hotel Grand Saigon\",\"isPartOf\":{\"@id\":\"https:\/\/www.hotelgrandsaigon.com\/vi\/#website\"},\"primaryImageOfPage\":{\"@id\":\"https:\/\/www.hotelgrandsaigon.com\/vi\/rooms-suites\/#primaryimage\"},\"image\":{\"@id\":\"https:\/\/www.hotelgrandsaigon.com\/vi\/rooms-suites\/#primaryimage\"},\"thumbnailUrl\":\"https:\/\/www.hotelgrandsaigon.com\/wp-content\/uploads\/sites\/8\/2023\/11\/GRAND_LSSK_LIVING_03-1.jpg\",\"datePublished\":\"2023-07-27T03:57:10+00:00\",\"dateModified\":\"2026-03-23T08:39:14+00:00\",\"breadcrumb\":{\"@id\":\"https:\/\/www.hotelgrandsaigon.com\/vi\/rooms-suites\/#breadcrumb\"},\"inLanguage\":\"vi-VN\",\"potentialAction\":[{\"@type\":\"ReadAction\",\"target\":[\"https:\/\/www.hotelgrandsaigon.com\/vi\/rooms-suites\/\"]}]},{\"@type\":\"ImageObject\",\"inLanguage\":\"vi-VN\",\"@id\":\"https:\/\/www.hotelgrandsaigon.com\/vi\/rooms-suites\/#primaryimage\",\"url\":\"https:\/\/www.hotelgrandsaigon.com\/wp-content\/uploads\/sites\/8\/2023\/11\/GRAND_LSSK_LIVING_03-1.jpg\",\"contentUrl\":\"https:\/\/www.hotelgrandsaigon.com\/wp-content\/uploads\/sites\/8\/2023\/11\/GRAND_LSSK_LIVING_03-1.jpg\",\"width\":2200,\"height\":1469},{\"@type\":\"BreadcrumbList\",\"@id\":\"https:\/\/www.hotelgrandsaigon.com\/vi\/rooms-suites\/#breadcrumb\",\"itemListElement\":[{\"@type\":\"ListItem\",\"position\":1,\"name\":\"Home\",\"item\":\"https:\/\/www.hotelgrandsaigon.com\/vi\/\"},{\"@type\":\"ListItem\",\"position\":2,\"name\":\"Ph\u00f2ng Ngh\u1ec9\"}]},{\"@type\":\"WebSite\",\"@id\":\"https:\/\/www.hotelgrandsaigon.com\/vi\/#website\",\"url\":\"https:\/\/www.hotelgrandsaigon.com\/vi\/\",\"name\":\"Hotel Grand Saigon\",\"description\":\"\",\"potentialAction\":[{\"@type\":\"SearchAction\",\"target\":{\"@type\":\"EntryPoint\",\"urlTemplate\":\"https:\/\/www.hotelgrandsaigon.com\/vi\/?s={search_term_string}\"},\"query-input\":\"required name=search_term_string\"}],\"inLanguage\":\"vi-VN\"}]}<\/script>\n<!-- \/ Yoast SEO plugin. -->","yoast_head_json":{"title":"Ph\u00f2ng Ngh\u1ec9 - Hotel Grand Saigon","robots":{"index":"index","follow":"follow","max-snippet":"max-snippet:-1","max-image-preview":"max-image-preview:large","max-video-preview":"max-video-preview:-1"},"canonical":"https:\/\/www.hotelgrandsaigon.com\/vi\/rooms-suites\/","og_locale":"vi_VN","og_type":"article","og_title":"Ph\u00f2ng Ngh\u1ec9 - Hotel Grand Saigon","og_description":"L\u00f2ng hi\u1ebfu kh\u00e1ch c\u1ee7a ch\u00fang t\u00f4i \u0111\u01b0\u1ee3c th\u1ec3 hi\u1ec7n trong t\u1eebng chi ti\u1ebft l\u00e0m cho k\u1ef3 ngh\u1ec9 c\u1ee7a b\u1ea1n tr\u1ea3i nghi\u1ec7m \u0111\u1ebfn kh\u00f3 qu\u00ean. V\u1edbi nh\u1eefng \u0111\u01b0\u1eddng n\u00e9t tinh t\u1ebf, thanh l\u1ecbch theo phong c\u00e1ch ki\u1ebfn tr\u00fac Ph\u00e1p c\u1ee7a th\u1eadp ni\u00ean 1930, Grand S\u00e0i G\u00f2n t\u1eebng \u0111\u01b0\u1ee3c \u0111\u1ec1 c\u1eed l\u00e0 m\u1ed9t &#8220;l\u1ef1a ch\u1ecdn h\u1ea1ng nh\u1ea5t&#8221; [&hellip;]","og_url":"https:\/\/www.hotelgrandsaigon.com\/vi\/rooms-suites\/","og_site_name":"Hotel Grand Saigon","article_modified_time":"2026-03-23T08:39:14+00:00","og_image":[{"width":2200,"height":1469,"url":"https:\/\/www.hotelgrandsaigon.com\/wp-content\/uploads\/sites\/8\/2023\/11\/GRAND_LSSK_LIVING_03-1.jpg","type":"image\/jpeg"}],"twitter_card":"summary_large_image","twitter_misc":{"Est. reading time":"2 minutes"},"schema":{"@context":"https:\/\/schema.org","@graph":[{"@type":"WebPage","@id":"https:\/\/www.hotelgrandsaigon.com\/vi\/rooms-suites\/","url":"https:\/\/www.hotelgrandsaigon.com\/vi\/rooms-suites\/","name":"Ph\u00f2ng Ngh\u1ec9 - Hotel Grand Saigon","isPartOf":{"@id":"https:\/\/www.hotelgrandsaigon.com\/vi\/#website"},"primaryImageOfPage":{"@id":"https:\/\/www.hotelgrandsaigon.com\/vi\/rooms-suites\/#primaryimage"},"image":{"@id":"https:\/\/www.hotelgrandsaigon.com\/vi\/rooms-suites\/#primaryimage"},"thumbnailUrl":"https:\/\/www.hotelgrandsaigon.com\/wp-content\/uploads\/sites\/8\/2023\/11\/GRAND_LSSK_LIVING_03-1.jpg","datePublished":"2023-07-27T03:57:10+00:00","dateModified":"2026-03-23T08:39:14+00:00","breadcrumb":{"@id":"https:\/\/www.hotelgrandsaigon.com\/vi\/rooms-suites\/#breadcrumb"},"inLanguage":"vi-VN","potentialAction":[{"@type":"ReadAction","target":["https:\/\/www.hotelgrandsaigon.com\/vi\/rooms-suites\/"]}]},{"@type":"ImageObject","inLanguage":"vi-VN","@id":"https:\/\/www.hotelgrandsaigon.com\/vi\/rooms-suites\/#primaryimage","url":"https:\/\/www.hotelgrandsaigon.com\/wp-content\/uploads\/sites\/8\/2023\/11\/GRAND_LSSK_LIVING_03-1.jpg","contentUrl":"https:\/\/www.hotelgrandsaigon.com\/wp-content\/uploads\/sites\/8\/2023\/11\/GRAND_LSSK_LIVING_03-1.jpg","width":2200,"height":1469},{"@type":"BreadcrumbList","@id":"https:\/\/www.hotelgrandsaigon.com\/vi\/rooms-suites\/#breadcrumb","itemListElement":[{"@type":"ListItem","position":1,"name":"Home","item":"https:\/\/www.hotelgrandsaigon.com\/vi\/"},{"@type":"ListItem","position":2,"name":"Ph\u00f2ng Ngh\u1ec9"}]},{"@type":"WebSite","@id":"https:\/\/www.hotelgrandsaigon.com\/vi\/#website","url":"https:\/\/www.hotelgrandsaigon.com\/vi\/","name":"Hotel Grand Saigon","description":"","potentialAction":[{"@type":"SearchAction","target":{"@type":"EntryPoint","urlTemplate":"https:\/\/www.hotelgrandsaigon.com\/vi\/?s={search_term_string}"},"query-input":"required name=search_term_string"}],"inLanguage":"vi-VN"}]}},"acf":[],"_links":{"self":[{"href":"https:\/\/www.hotelgrandsaigon.com\/vi\/wp-json\/wp\/v2\/pages\/356"}],"collection":[{"href":"https:\/\/www.hotelgrandsaigon.com\/vi\/wp-json\/wp\/v2\/pages"}],"about":[{"href":"https:\/\/www.hotelgrandsaigon.com\/vi\/wp-json\/wp\/v2\/types\/page"}],"author":[{"embeddable":true,"href":"https:\/\/www.hotelgrandsaigon.com\/vi\/wp-json\/wp\/v2\/users\/4"}],"replies":[{"embeddable":true,"href":"https:\/\/www.hotelgrandsaigon.com\/vi\/wp-json\/wp\/v2\/comments?post=356"}],"version-history":[{"count":0,"href":"https:\/\/www.hotelgrandsaigon.com\/vi\/wp-json\/wp\/v2\/pages\/356\/revisions"}],"wp:featuredmedia":[{"embeddable":true,"href":"https:\/\/www.hotelgrandsaigon.com\/vi\/wp-json\/wp\/v2\/media\/969"}],"wp:attachment":[{"href":"https:\/\/www.hotelgrandsaigon.com\/vi\/wp-json\/wp\/v2\/media?parent=356"}],"curies":[{"name":"wp","href":"https:\/\/api.w.org\/{rel}","templated":true}]}}