{"id":2591,"date":"2024-05-13T04:24:06","date_gmt":"2024-05-13T04:24:06","guid":{"rendered":"https:\/\/www.hotelgrandsaigon.com\/?page_id=2591"},"modified":"2026-04-23T07:56:20","modified_gmt":"2026-04-23T07:56:20","slug":"tiec-cuoi-tiec-vow","status":"publish","type":"page","link":"https:\/\/www.hotelgrandsaigon.com\/vi\/offers-packages\/tiec-cuoi-tiec-vow\/","title":{"rendered":"Ti\u1ec7c C\u01b0\u1edbi &amp; ti\u1ec7c Vow"},"content":{"rendered":"<p data-start=\"0\" data-end=\"44\"><a href=\"https:\/\/www.hotelgrandsaigon.com\/wp-content\/uploads\/sites\/8\/2026\/04\/IMG_1008.jpg\"><img loading=\"lazy\" decoding=\"async\" class=\"aligncenter size-large wp-image-2587\" src=\"https:\/\/www.hotelgrandsaigon.com\/wp-content\/uploads\/sites\/8\/2026\/04\/IMG_1008-1024x683.jpg\" alt=\"\" width=\"1024\" height=\"683\" srcset=\"https:\/\/www.hotelgrandsaigon.com\/wp-content\/uploads\/sites\/8\/2026\/04\/IMG_1008-1024x683.jpg 1024w, https:\/\/www.hotelgrandsaigon.com\/wp-content\/uploads\/sites\/8\/2026\/04\/IMG_1008-300x200.jpg 300w, https:\/\/www.hotelgrandsaigon.com\/wp-content\/uploads\/sites\/8\/2026\/04\/IMG_1008-768x512.jpg 768w, https:\/\/www.hotelgrandsaigon.com\/wp-content\/uploads\/sites\/8\/2026\/04\/IMG_1008-1536x1024.jpg 1536w, https:\/\/www.hotelgrandsaigon.com\/wp-content\/uploads\/sites\/8\/2026\/04\/IMG_1008-2048x1366.jpg 2048w, https:\/\/www.hotelgrandsaigon.com\/wp-content\/uploads\/sites\/8\/2026\/04\/IMG_1008-1000x667.jpg 1000w, https:\/\/www.hotelgrandsaigon.com\/wp-content\/uploads\/sites\/8\/2026\/04\/IMG_1008-600x400.jpg 600w\" sizes=\"(max-width: 1024px) 100vw, 1024px\" \/><\/a><\/p>\n<p data-start=\"0\" data-end=\"44\"><strong data-start=\"0\" data-end=\"44\">Begin Your Forever at Hotel Grand Saigon<\/strong><\/p>\n<p data-start=\"46\" data-end=\"206\">Gi\u1eefa l\u00f2ng S\u00e0i G\u00f2n hoa l\u1ec7, <strong data-start=\"72\" data-end=\"94\">Hotel Grand Saigon<\/strong> m\u1edf ra nh\u1eefng kh\u00f4ng gian ri\u00eang t\u01b0 v\u00e0 \u0111\u1ea7y c\u1ea3m x\u00fac \u2013 n\u01a1i m\u1ed7i l\u1eddi h\u1eb9n \u01b0\u1edbc \u0111\u01b0\u1ee3c n\u00e2ng niu trong v\u1ebb \u0111\u1eb9p v\u01b0\u1ee3t th\u1eddi gian.<\/p>\n<p data-start=\"208\" data-end=\"541\">T\u1eeb <strong data-start=\"211\" data-end=\"221\">H\u1ed3 B\u01a1i<\/strong> mang n\u00e9t c\u1ed5 \u0111i\u1ec3n, th\u01a1 m\u1ed9ng d\u01b0\u1edbi \u00e1nh chi\u1ec1u d\u1ecbu d\u00e0ng\u2026<br data-start=\"273\" data-end=\"276\" \/>\u0111\u1ebfn <strong data-start=\"280\" data-end=\"304\">Rooftop Grand Lounge<\/strong> v\u1edbi t\u1ea7m nh\u00ecn to\u00e0n c\u1ea3nh th\u00e0nh ph\u1ed1 r\u1ef1c r\u1ee1 v\u1ec1 \u0111\u00eam\u2026<br data-start=\"352\" data-end=\"355\" \/>hay c\u00e1c <strong data-start=\"363\" data-end=\"387\">s\u1ea3nh ti\u1ec7c sang tr\u1ecdng<\/strong> \u0111\u01b0\u1ee3c thi\u1ebft k\u1ebf linh ho\u1ea1t theo t\u1eebng phong c\u00e1ch ri\u00eang \u2013 m\u1ed7i \u0111\u1ecba \u0111i\u1ec3m \u0111\u1ec1u l\u00e0 m\u1ed9t l\u1ef1a ch\u1ecdn \u0111\u1ed9c quy\u1ec1n, \u0111\u1ec3 kho\u1ea3nh kh\u1eafc Vow c\u1ee7a b\u1ea1n tr\u1edf n\u00ean tr\u1ecdn v\u1eb9n v\u00e0 \u0111\u00e1ng nh\u1edb.<\/p>\n<p data-start=\"543\" data-end=\"819\">M\u1ed9t bu\u1ed5i ti\u1ec7c c\u1ea7u h\u00f4n t\u1ea1i Grand kh\u00f4ng ch\u1ec9 l\u00e0 m\u1ed9t s\u1ef1 ki\u1ec7n \u2013 m\u00e0 l\u00e0 <strong data-start=\"608\" data-end=\"656\">kh\u1edfi \u0111\u1ea7u c\u1ee7a h\u00e0nh tr\u00ecnh \u201chappily ever after\u201d<\/strong>. V\u1edbi th\u1ef1c \u0111\u01a1n \u0111\u01b0\u1ee3c thi\u1ebft k\u1ebf ri\u00eang, champagne tinh tuy\u1ec3n v\u00e0 kh\u00f4ng gian hoa t\u01b0\u01a1i l\u00e3ng m\u1ea1n, t\u1eebng chi ti\u1ebft \u0111\u1ec1u \u0111\u01b0\u1ee3c ch\u0103m ch\u00fat \u0111\u1ec3 t\u00f4n vinh kho\u1ea3nh kh\u1eafc thi\u00eang li\u00eang \u1ea5y.<\/p>\n<p data-start=\"821\" data-end=\"856\"><strong data-start=\"821\" data-end=\"856\">\u01afu \u0111\u00e3i d\u00e0nh ri\u00eang cho ti\u1ec7c Vow:<\/strong><\/p>\n<p data-start=\"858\" data-end=\"1024\">\u2728 <strong data-start=\"860\" data-end=\"895\">ELEGANT FLOWER &amp; CANDLE PACKAGE<\/strong><br data-start=\"895\" data-end=\"898\" \/>\u2013 Set Menu: T\u1eb7ng k\u00e8m 01 chai champagne\/vang &amp; b\u00f3 hoa c\u1ea7u h\u00f4n<br data-start=\"958\" data-end=\"961\" \/>\u2013 Finger Food: T\u1eb7ng k\u00e8m n\u01b0\u1edbc ng\u1ecdt, n\u01b0\u1edbc su\u1ed1i &amp; b\u00f3 hoa c\u1ea7u h\u00f4n<\/p>\n<p data-start=\"1026\" data-end=\"1155\">\u2728 <strong data-start=\"1028\" data-end=\"1056\">PERFECT CEREMONY PACKAGE<\/strong> <em data-start=\"1057\" data-end=\"1100\">(\u00e1p d\u1ee5ng khi s\u1eed d\u1ee5ng g\u00f3i d\u00e9cor c\u1ee7a Grand)<\/em><br data-start=\"1100\" data-end=\"1103\" \/>\u2013 T\u1eb7ng k\u00e8m 01 chai champagne\/vang &amp; b\u00f3 hoa c\u1ea7u h\u00f4n<\/p>\n<p data-start=\"1157\" data-end=\"1318\" data-is-last-node=\"\" data-is-only-node=\"\">H\u00e3y \u0111\u1ec3 Hotel Grand Saigon \u0111\u1ed3ng h\u00e0nh c\u00f9ng b\u1ea1n vi\u1ebft n\u00ean ch\u01b0\u01a1ng \u0111\u1ea7u ti\u00ean c\u1ee7a m\u1ed9t c\u00e2u chuy\u1ec7n t\u00ecnh y\u00eau \u2013 n\u01a1i m\u1ecdi l\u1eddi h\u1ee9a \u0111\u01b0\u1ee3c c\u1ea5t l\u00ean trong kh\u00f4ng gian x\u1ee9ng \u0111\u00e1ng nh\u1ea5t.<\/p>\n","protected":false},"excerpt":{"rendered":"<p>Begin Your Forever at Hotel Grand Saigon Gi\u1eefa l\u00f2ng S\u00e0i G\u00f2n hoa l\u1ec7, Hotel Grand Saigon m\u1edf ra nh\u1eefng kh\u00f4ng gian ri\u00eang t\u01b0 v\u00e0 \u0111\u1ea7y c\u1ea3m x\u00fac \u2013 n\u01a1i m\u1ed7i l\u1eddi h\u1eb9n \u01b0\u1edbc \u0111\u01b0\u1ee3c n\u00e2ng niu trong v\u1ebb \u0111\u1eb9p v\u01b0\u1ee3t th\u1eddi gian. T\u1eeb H\u1ed3 B\u01a1i mang n\u00e9t c\u1ed5 \u0111i\u1ec3n, th\u01a1 m\u1ed9ng d\u01b0\u1edbi \u00e1nh chi\u1ec1u d\u1ecbu [&hellip;]<\/p>\n","protected":false},"author":69,"featured_media":746,"parent":379,"menu_order":0,"comment_status":"closed","ping_status":"closed","template":"template-single-offer-page.php","meta":{"footnotes":""},"yoast_head":"<!-- This site is optimized with the Yoast SEO plugin v22.3 - https:\/\/yoast.com\/wordpress\/plugins\/seo\/ -->\n<title>Ti\u1ec7c C\u01b0\u1edbi &amp; ti\u1ec7c Vow - Hotel Grand Saigon<\/title>\n<meta name=\"robots\" content=\"index, follow, max-snippet:-1, max-image-preview:large, max-video-preview:-1\" \/>\n<link rel=\"canonical\" href=\"https:\/\/www.hotelgrandsaigon.com\/vi\/offers-packages\/tiec-cuoi-tiec-vow\/\" \/>\n<meta property=\"og:locale\" content=\"vi_VN\" \/>\n<meta property=\"og:type\" content=\"article\" \/>\n<meta property=\"og:title\" content=\"Ti\u1ec7c C\u01b0\u1edbi &amp; ti\u1ec7c Vow - Hotel Grand Saigon\" \/>\n<meta property=\"og:description\" content=\"Begin Your Forever at Hotel Grand Saigon Gi\u1eefa l\u00f2ng S\u00e0i G\u00f2n hoa l\u1ec7, Hotel Grand Saigon m\u1edf ra nh\u1eefng kh\u00f4ng gian ri\u00eang t\u01b0 v\u00e0 \u0111\u1ea7y c\u1ea3m x\u00fac \u2013 n\u01a1i m\u1ed7i l\u1eddi h\u1eb9n \u01b0\u1edbc \u0111\u01b0\u1ee3c n\u00e2ng niu trong v\u1ebb \u0111\u1eb9p v\u01b0\u1ee3t th\u1eddi gian. T\u1eeb H\u1ed3 B\u01a1i mang n\u00e9t c\u1ed5 \u0111i\u1ec3n, th\u01a1 m\u1ed9ng d\u01b0\u1edbi \u00e1nh chi\u1ec1u d\u1ecbu [&hellip;]\" \/>\n<meta property=\"og:url\" content=\"https:\/\/www.hotelgrandsaigon.com\/vi\/offers-packages\/tiec-cuoi-tiec-vow\/\" \/>\n<meta property=\"og:site_name\" content=\"Hotel Grand Saigon\" \/>\n<meta property=\"article:modified_time\" content=\"2026-04-23T07:56:20+00:00\" \/>\n<meta property=\"og:image\" content=\"https:\/\/www.hotelgrandsaigon.com\/wp-content\/uploads\/sites\/8\/2023\/10\/IMG_4522.jpg\" \/>\n\t<meta property=\"og:image:width\" content=\"2200\" \/>\n\t<meta property=\"og:image:height\" content=\"1650\" \/>\n\t<meta property=\"og:image:type\" content=\"image\/jpeg\" \/>\n<meta name=\"twitter:card\" content=\"summary_large_image\" \/>\n<meta name=\"twitter:label1\" content=\"Est. reading time\" \/>\n\t<meta name=\"twitter:data1\" content=\"2 minutes\" \/>\n<script type=\"application\/ld+json\" class=\"yoast-schema-graph\">{\"@context\":\"https:\/\/schema.org\",\"@graph\":[{\"@type\":\"WebPage\",\"@id\":\"https:\/\/www.hotelgrandsaigon.com\/vi\/offers-packages\/tiec-cuoi-tiec-vow\/\",\"url\":\"https:\/\/www.hotelgrandsaigon.com\/vi\/offers-packages\/tiec-cuoi-tiec-vow\/\",\"name\":\"Ti\u1ec7c C\u01b0\u1edbi &amp; ti\u1ec7c Vow - Hotel Grand Saigon\",\"isPartOf\":{\"@id\":\"https:\/\/www.hotelgrandsaigon.com\/vi\/#website\"},\"primaryImageOfPage\":{\"@id\":\"https:\/\/www.hotelgrandsaigon.com\/vi\/offers-packages\/tiec-cuoi-tiec-vow\/#primaryimage\"},\"image\":{\"@id\":\"https:\/\/www.hotelgrandsaigon.com\/vi\/offers-packages\/tiec-cuoi-tiec-vow\/#primaryimage\"},\"thumbnailUrl\":\"https:\/\/www.hotelgrandsaigon.com\/wp-content\/uploads\/sites\/8\/2023\/10\/IMG_4522.jpg\",\"datePublished\":\"2024-05-13T04:24:06+00:00\",\"dateModified\":\"2026-04-23T07:56:20+00:00\",\"breadcrumb\":{\"@id\":\"https:\/\/www.hotelgrandsaigon.com\/vi\/offers-packages\/tiec-cuoi-tiec-vow\/#breadcrumb\"},\"inLanguage\":\"vi-VN\",\"potentialAction\":[{\"@type\":\"ReadAction\",\"target\":[\"https:\/\/www.hotelgrandsaigon.com\/vi\/offers-packages\/tiec-cuoi-tiec-vow\/\"]}]},{\"@type\":\"ImageObject\",\"inLanguage\":\"vi-VN\",\"@id\":\"https:\/\/www.hotelgrandsaigon.com\/vi\/offers-packages\/tiec-cuoi-tiec-vow\/#primaryimage\",\"url\":\"https:\/\/www.hotelgrandsaigon.com\/wp-content\/uploads\/sites\/8\/2023\/10\/IMG_4522.jpg\",\"contentUrl\":\"https:\/\/www.hotelgrandsaigon.com\/wp-content\/uploads\/sites\/8\/2023\/10\/IMG_4522.jpg\",\"width\":2200,\"height\":1650},{\"@type\":\"BreadcrumbList\",\"@id\":\"https:\/\/www.hotelgrandsaigon.com\/vi\/offers-packages\/tiec-cuoi-tiec-vow\/#breadcrumb\",\"itemListElement\":[{\"@type\":\"ListItem\",\"position\":1,\"name\":\"Home\",\"item\":\"https:\/\/www.hotelgrandsaigon.com\/vi\/\"},{\"@type\":\"ListItem\",\"position\":2,\"name\":\"\u01afu \u0110\u00e3i\",\"item\":\"https:\/\/www.hotelgrandsaigon.com\/vi\/offers-packages\/\"},{\"@type\":\"ListItem\",\"position\":3,\"name\":\"Ti\u1ec7c C\u01b0\u1edbi &amp; ti\u1ec7c Vow\"}]},{\"@type\":\"WebSite\",\"@id\":\"https:\/\/www.hotelgrandsaigon.com\/vi\/#website\",\"url\":\"https:\/\/www.hotelgrandsaigon.com\/vi\/\",\"name\":\"Hotel Grand Saigon\",\"description\":\"\",\"potentialAction\":[{\"@type\":\"SearchAction\",\"target\":{\"@type\":\"EntryPoint\",\"urlTemplate\":\"https:\/\/www.hotelgrandsaigon.com\/vi\/?s={search_term_string}\"},\"query-input\":\"required name=search_term_string\"}],\"inLanguage\":\"vi-VN\"}]}<\/script>\n<!-- \/ Yoast SEO plugin. -->","yoast_head_json":{"title":"Ti\u1ec7c C\u01b0\u1edbi &amp; ti\u1ec7c Vow - Hotel Grand Saigon","robots":{"index":"index","follow":"follow","max-snippet":"max-snippet:-1","max-image-preview":"max-image-preview:large","max-video-preview":"max-video-preview:-1"},"canonical":"https:\/\/www.hotelgrandsaigon.com\/vi\/offers-packages\/tiec-cuoi-tiec-vow\/","og_locale":"vi_VN","og_type":"article","og_title":"Ti\u1ec7c C\u01b0\u1edbi &amp; ti\u1ec7c Vow - Hotel Grand Saigon","og_description":"Begin Your Forever at Hotel Grand Saigon Gi\u1eefa l\u00f2ng S\u00e0i G\u00f2n hoa l\u1ec7, Hotel Grand Saigon m\u1edf ra nh\u1eefng kh\u00f4ng gian ri\u00eang t\u01b0 v\u00e0 \u0111\u1ea7y c\u1ea3m x\u00fac \u2013 n\u01a1i m\u1ed7i l\u1eddi h\u1eb9n \u01b0\u1edbc \u0111\u01b0\u1ee3c n\u00e2ng niu trong v\u1ebb \u0111\u1eb9p v\u01b0\u1ee3t th\u1eddi gian. T\u1eeb H\u1ed3 B\u01a1i mang n\u00e9t c\u1ed5 \u0111i\u1ec3n, th\u01a1 m\u1ed9ng d\u01b0\u1edbi \u00e1nh chi\u1ec1u d\u1ecbu [&hellip;]","og_url":"https:\/\/www.hotelgrandsaigon.com\/vi\/offers-packages\/tiec-cuoi-tiec-vow\/","og_site_name":"Hotel Grand Saigon","article_modified_time":"2026-04-23T07:56:20+00:00","og_image":[{"width":2200,"height":1650,"url":"https:\/\/www.hotelgrandsaigon.com\/wp-content\/uploads\/sites\/8\/2023\/10\/IMG_4522.jpg","type":"image\/jpeg"}],"twitter_card":"summary_large_image","twitter_misc":{"Est. reading time":"2 minutes"},"schema":{"@context":"https:\/\/schema.org","@graph":[{"@type":"WebPage","@id":"https:\/\/www.hotelgrandsaigon.com\/vi\/offers-packages\/tiec-cuoi-tiec-vow\/","url":"https:\/\/www.hotelgrandsaigon.com\/vi\/offers-packages\/tiec-cuoi-tiec-vow\/","name":"Ti\u1ec7c C\u01b0\u1edbi &amp; ti\u1ec7c Vow - Hotel Grand Saigon","isPartOf":{"@id":"https:\/\/www.hotelgrandsaigon.com\/vi\/#website"},"primaryImageOfPage":{"@id":"https:\/\/www.hotelgrandsaigon.com\/vi\/offers-packages\/tiec-cuoi-tiec-vow\/#primaryimage"},"image":{"@id":"https:\/\/www.hotelgrandsaigon.com\/vi\/offers-packages\/tiec-cuoi-tiec-vow\/#primaryimage"},"thumbnailUrl":"https:\/\/www.hotelgrandsaigon.com\/wp-content\/uploads\/sites\/8\/2023\/10\/IMG_4522.jpg","datePublished":"2024-05-13T04:24:06+00:00","dateModified":"2026-04-23T07:56:20+00:00","breadcrumb":{"@id":"https:\/\/www.hotelgrandsaigon.com\/vi\/offers-packages\/tiec-cuoi-tiec-vow\/#breadcrumb"},"inLanguage":"vi-VN","potentialAction":[{"@type":"ReadAction","target":["https:\/\/www.hotelgrandsaigon.com\/vi\/offers-packages\/tiec-cuoi-tiec-vow\/"]}]},{"@type":"ImageObject","inLanguage":"vi-VN","@id":"https:\/\/www.hotelgrandsaigon.com\/vi\/offers-packages\/tiec-cuoi-tiec-vow\/#primaryimage","url":"https:\/\/www.hotelgrandsaigon.com\/wp-content\/uploads\/sites\/8\/2023\/10\/IMG_4522.jpg","contentUrl":"https:\/\/www.hotelgrandsaigon.com\/wp-content\/uploads\/sites\/8\/2023\/10\/IMG_4522.jpg","width":2200,"height":1650},{"@type":"BreadcrumbList","@id":"https:\/\/www.hotelgrandsaigon.com\/vi\/offers-packages\/tiec-cuoi-tiec-vow\/#breadcrumb","itemListElement":[{"@type":"ListItem","position":1,"name":"Home","item":"https:\/\/www.hotelgrandsaigon.com\/vi\/"},{"@type":"ListItem","position":2,"name":"\u01afu \u0110\u00e3i","item":"https:\/\/www.hotelgrandsaigon.com\/vi\/offers-packages\/"},{"@type":"ListItem","position":3,"name":"Ti\u1ec7c C\u01b0\u1edbi &amp; ti\u1ec7c Vow"}]},{"@type":"WebSite","@id":"https:\/\/www.hotelgrandsaigon.com\/vi\/#website","url":"https:\/\/www.hotelgrandsaigon.com\/vi\/","name":"Hotel Grand Saigon","description":"","potentialAction":[{"@type":"SearchAction","target":{"@type":"EntryPoint","urlTemplate":"https:\/\/www.hotelgrandsaigon.com\/vi\/?s={search_term_string}"},"query-input":"required name=search_term_string"}],"inLanguage":"vi-VN"}]}},"acf":[],"_links":{"self":[{"href":"https:\/\/www.hotelgrandsaigon.com\/vi\/wp-json\/wp\/v2\/pages\/2591"}],"collection":[{"href":"https:\/\/www.hotelgrandsaigon.com\/vi\/wp-json\/wp\/v2\/pages"}],"about":[{"href":"https:\/\/www.hotelgrandsaigon.com\/vi\/wp-json\/wp\/v2\/types\/page"}],"author":[{"embeddable":true,"href":"https:\/\/www.hotelgrandsaigon.com\/vi\/wp-json\/wp\/v2\/users\/69"}],"replies":[{"embeddable":true,"href":"https:\/\/www.hotelgrandsaigon.com\/vi\/wp-json\/wp\/v2\/comments?post=2591"}],"version-history":[{"count":0,"href":"https:\/\/www.hotelgrandsaigon.com\/vi\/wp-json\/wp\/v2\/pages\/2591\/revisions"}],"up":[{"embeddable":true,"href":"https:\/\/www.hotelgrandsaigon.com\/vi\/wp-json\/wp\/v2\/pages\/379"}],"wp:featuredmedia":[{"embeddable":true,"href":"https:\/\/www.hotelgrandsaigon.com\/vi\/wp-json\/wp\/v2\/media\/746"}],"wp:attachment":[{"href":"https:\/\/www.hotelgrandsaigon.com\/vi\/wp-json\/wp\/v2\/media?parent=2591"}],"curies":[{"name":"wp","href":"https:\/\/api.w.org\/{rel}","templated":true}]}}