{"id":2322,"date":"2025-08-21T06:43:17","date_gmt":"2025-08-21T06:43:17","guid":{"rendered":"https:\/\/www.hotelgrandsaigon.com\/?page_id=2322"},"modified":"2025-08-29T07:58:57","modified_gmt":"2025-08-29T07:58:57","slug":"le-grand-spa-2","status":"publish","type":"page","link":"https:\/\/www.hotelgrandsaigon.com\/vi\/services\/le-grand-spa-2\/","title":{"rendered":"Souvenir &amp; Gift store"},"content":{"rendered":"<article class=\"text-token-text-primary w-full focus:outline-none scroll-mt-[calc(var(--header-height)+min(200px,max(70px,20svh)))]\" dir=\"auto\" data-turn-id=\"request-689c19cb-2344-832a-889b-1afe126a2159-5\" data-testid=\"conversation-turn-122\" data-scroll-anchor=\"true\" data-turn=\"assistant\">\n<div class=\"text-base my-auto mx-auto pb-10 [--thread-content-margin:--spacing(4)] @[37rem]:[--thread-content-margin:--spacing(6)] @[72rem]:[--thread-content-margin:--spacing(16)] px-(--thread-content-margin)\">\n<div class=\"[--thread-content-max-width:32rem] @[34rem]:[--thread-content-max-width:40rem] @[64rem]:[--thread-content-max-width:48rem] mx-auto max-w-(--thread-content-max-width) flex-1 group\/turn-messages focus-visible:outline-hidden relative flex w-full min-w-0 flex-col agent-turn\">\n<div class=\"flex max-w-full flex-col grow\">\n<div class=\"min-h-8 text-message relative flex w-full flex-col items-end gap-2 text-start break-words whitespace-normal [.text-message+&amp;]:mt-5\" dir=\"auto\" data-message-author-role=\"assistant\" data-message-id=\"6aa6114c-2018-4b58-8921-81e80e957918\" data-message-model-slug=\"gpt-5\">\n<div class=\"flex w-full flex-col gap-1 empty:hidden first:pt-[3px]\">\n<div class=\"markdown prose dark:prose-invert w-full break-words light markdown-new-styling\">\n<p>KOKONIC \u2013 C\u1eeda H\u00e0ng Qu\u00e0 T\u1eb7ng L\u01b0u Ni\u1ec7m Ngay T\u1ea1i Kh\u00e1ch S\u1ea1n Grand Saigon<\/p>\n<p>T\u1ecda l\u1ea1c ngay t\u1ea1i s\u1ea3nh kh\u00e1ch s\u1ea1n Grand Saigon \u2013 kh\u00e1ch s\u1ea1n 5 sao l\u00e2u \u0111\u1eddi gi\u1eefa trung t\u00e2m S\u00e0i G\u00f2n, KOKONIC l\u00e0 \u0111i\u1ec3m d\u1eebng ch\u00e2n l\u00fd t\u01b0\u1edfng \u0111\u1ec3 t\u00ecm ki\u1ebfm nh\u1eefng m\u00f3n qu\u00e0 mang \u0111\u1eadm d\u1ea5u \u1ea5n v\u0103n h\u00f3a Vi\u1ec7t Nam.<\/p>\n<p>C\u1eeda h\u00e0ng chuy\u00ean cung c\u1ea5p c\u00e1c s\u1ea3n ph\u1ea9m qu\u00e0 t\u1eb7ng \u0111\u1ecba ph\u01b0\u01a1ng ch\u1ea5t l\u01b0\u1ee3ng cao nh\u01b0: s\u00f4c\u00f4la Vi\u1ec7t, tr\u00e0 sen, c\u00e0 ph\u00ea rang xay, k\u1eb9o d\u1eeba B\u1ebfn Tre, c\u00f9ng nhi\u1ec1u m\u1eb7t h\u00e0ng th\u1ee7 c\u00f4ng m\u1ef9 ngh\u1ec7 \u0111\u1ed9c \u0111\u00e1o nh\u01b0 t\u00fai \u0111an tay, b\u00ecnh g\u1ed1m, n\u1ebfn th\u01a1m, tinh d\u1ea7u thi\u00ean nhi\u00ean. T\u1ea5t c\u1ea3 \u0111\u1ec1u \u0111\u01b0\u1ee3c tuy\u1ec3n ch\u1ecdn k\u1ef9 l\u01b0\u1ee1ng, mang v\u1ebb \u0111\u1eb9p t\u1ef1 nhi\u00ean v\u00e0 tinh th\u1ea7n th\u1ee7 c\u00f4ng truy\u1ec1n th\u1ed1ng.<\/p>\n<p>N\u1ebfu b\u1ea1n l\u00e0 du kh\u00e1ch \u0111ang t\u00ecm m\u1ed9t m\u00f3n qu\u00e0 \u00fd ngh\u0129a mang v\u1ec1 t\u1eeb Vi\u1ec7t Nam, hay \u0111\u01a1n gi\u1ea3n ch\u1ec9 mu\u1ed1n l\u01b0u gi\u1eef h\u01b0\u01a1ng v\u1ecb b\u1ea3n \u0111\u1ecba, KOKONIC ch\u00ednh l\u00e0 n\u01a1i b\u1ea1n kh\u00f4ng n\u00ean b\u1ecf l\u1ee1 khi \u0111\u1ebfn v\u1edbi S\u00e0i G\u00f2n.<\/p>\n<p>&nbsp;<\/p>\n<p>KOKONIC \u0110\u1ed3ng Kh\u1edfi<\/p>\n<p>8 \u0110\u1ed3ng Kh\u1edfi, Ph\u01b0\u1eddng S\u00e0i G\u00f2n, TP. H\u1ed3 Ch\u00ed Minh<\/p>\n<p>\u260e\ufe0fHotline :\u00a0 08 7879 1779<\/p>\n<p>\u231bGi\u1edd m\u1edf c\u1eeda: 9:00 \u2013 23:00<\/p>\n<p>&nbsp;<\/p>\n<p>\ud83c\udf81 Facebook: https:\/\/www.facebook.com\/kokonicvn<\/p>\n<p>\ud83c\udf81 Instagram: https:\/\/www.instagram.com\/kokonicvn\/<\/p>\n<p>\ud83c\udf81Website: kokonic.com<\/p>\n<p>\ud83d\udccc Google Map :<\/p>\n<p>https:\/\/maps.app.goo.gl\/2kN52CY9pHpWUN5f6<\/p>\n<\/div>\n<\/div>\n<\/div>\n<\/div>\n<\/div>\n<\/div>\n<\/article>\n","protected":false},"excerpt":{"rendered":"<p>KOKONIC \u2013 C\u1eeda H\u00e0ng Qu\u00e0 T\u1eb7ng L\u01b0u Ni\u1ec7m Ngay T\u1ea1i Kh\u00e1ch S\u1ea1n Grand Saigon T\u1ecda l\u1ea1c ngay t\u1ea1i s\u1ea3nh kh\u00e1ch s\u1ea1n Grand Saigon \u2013 kh\u00e1ch s\u1ea1n 5 sao l\u00e2u \u0111\u1eddi gi\u1eefa trung t\u00e2m S\u00e0i G\u00f2n, KOKONIC l\u00e0 \u0111i\u1ec3m d\u1eebng ch\u00e2n l\u00fd t\u01b0\u1edfng \u0111\u1ec3 t\u00ecm ki\u1ebfm nh\u1eefng m\u00f3n qu\u00e0 mang \u0111\u1eadm d\u1ea5u \u1ea5n v\u0103n h\u00f3a Vi\u1ec7t [&hellip;]<\/p>\n","protected":false},"author":69,"featured_media":2324,"parent":722,"menu_order":2,"comment_status":"closed","ping_status":"closed","template":"","meta":{"footnotes":""},"yoast_head":"<!-- This site is optimized with the Yoast SEO plugin v22.3 - https:\/\/yoast.com\/wordpress\/plugins\/seo\/ -->\n<title>Souvenir &amp; Gift store - Hotel Grand Saigon<\/title>\n<meta name=\"robots\" content=\"index, follow, max-snippet:-1, max-image-preview:large, max-video-preview:-1\" \/>\n<link rel=\"canonical\" href=\"https:\/\/www.hotelgrandsaigon.com\/vi\/services\/le-grand-spa-2\/\" \/>\n<meta property=\"og:locale\" content=\"vi_VN\" \/>\n<meta property=\"og:type\" content=\"article\" \/>\n<meta property=\"og:title\" content=\"Souvenir &amp; Gift store - Hotel Grand Saigon\" \/>\n<meta property=\"og:description\" content=\"KOKONIC \u2013 C\u1eeda H\u00e0ng Qu\u00e0 T\u1eb7ng L\u01b0u Ni\u1ec7m Ngay T\u1ea1i Kh\u00e1ch S\u1ea1n Grand Saigon T\u1ecda l\u1ea1c ngay t\u1ea1i s\u1ea3nh kh\u00e1ch s\u1ea1n Grand Saigon \u2013 kh\u00e1ch s\u1ea1n 5 sao l\u00e2u \u0111\u1eddi gi\u1eefa trung t\u00e2m S\u00e0i G\u00f2n, KOKONIC l\u00e0 \u0111i\u1ec3m d\u1eebng ch\u00e2n l\u00fd t\u01b0\u1edfng \u0111\u1ec3 t\u00ecm ki\u1ebfm nh\u1eefng m\u00f3n qu\u00e0 mang \u0111\u1eadm d\u1ea5u \u1ea5n v\u0103n h\u00f3a Vi\u1ec7t [&hellip;]\" \/>\n<meta property=\"og:url\" content=\"https:\/\/www.hotelgrandsaigon.com\/vi\/services\/le-grand-spa-2\/\" \/>\n<meta property=\"og:site_name\" content=\"Hotel Grand Saigon\" \/>\n<meta property=\"article:modified_time\" content=\"2025-08-29T07:58:57+00:00\" \/>\n<meta property=\"og:image\" content=\"https:\/\/www.hotelgrandsaigon.com\/wp-content\/uploads\/sites\/8\/2025\/08\/528524516_730511539955842_1904619015070021671_n.jpg\" \/>\n\t<meta property=\"og:image:width\" content=\"1537\" \/>\n\t<meta property=\"og:image:height\" content=\"2048\" \/>\n\t<meta property=\"og:image:type\" content=\"image\/jpeg\" \/>\n<meta name=\"twitter:card\" content=\"summary_large_image\" \/>\n<meta name=\"twitter:label1\" content=\"Est. reading time\" \/>\n\t<meta name=\"twitter:data1\" content=\"2 minutes\" \/>\n<script type=\"application\/ld+json\" class=\"yoast-schema-graph\">{\"@context\":\"https:\/\/schema.org\",\"@graph\":[{\"@type\":\"WebPage\",\"@id\":\"https:\/\/www.hotelgrandsaigon.com\/vi\/services\/le-grand-spa-2\/\",\"url\":\"https:\/\/www.hotelgrandsaigon.com\/vi\/services\/le-grand-spa-2\/\",\"name\":\"Souvenir &amp; Gift store - Hotel Grand Saigon\",\"isPartOf\":{\"@id\":\"https:\/\/www.hotelgrandsaigon.com\/vi\/#website\"},\"primaryImageOfPage\":{\"@id\":\"https:\/\/www.hotelgrandsaigon.com\/vi\/services\/le-grand-spa-2\/#primaryimage\"},\"image\":{\"@id\":\"https:\/\/www.hotelgrandsaigon.com\/vi\/services\/le-grand-spa-2\/#primaryimage\"},\"thumbnailUrl\":\"https:\/\/www.hotelgrandsaigon.com\/wp-content\/uploads\/sites\/8\/2025\/08\/528524516_730511539955842_1904619015070021671_n.jpg\",\"datePublished\":\"2025-08-21T06:43:17+00:00\",\"dateModified\":\"2025-08-29T07:58:57+00:00\",\"breadcrumb\":{\"@id\":\"https:\/\/www.hotelgrandsaigon.com\/vi\/services\/le-grand-spa-2\/#breadcrumb\"},\"inLanguage\":\"vi-VN\",\"potentialAction\":[{\"@type\":\"ReadAction\",\"target\":[\"https:\/\/www.hotelgrandsaigon.com\/vi\/services\/le-grand-spa-2\/\"]}]},{\"@type\":\"ImageObject\",\"inLanguage\":\"vi-VN\",\"@id\":\"https:\/\/www.hotelgrandsaigon.com\/vi\/services\/le-grand-spa-2\/#primaryimage\",\"url\":\"https:\/\/www.hotelgrandsaigon.com\/wp-content\/uploads\/sites\/8\/2025\/08\/528524516_730511539955842_1904619015070021671_n.jpg\",\"contentUrl\":\"https:\/\/www.hotelgrandsaigon.com\/wp-content\/uploads\/sites\/8\/2025\/08\/528524516_730511539955842_1904619015070021671_n.jpg\",\"width\":1537,\"height\":2048},{\"@type\":\"BreadcrumbList\",\"@id\":\"https:\/\/www.hotelgrandsaigon.com\/vi\/services\/le-grand-spa-2\/#breadcrumb\",\"itemListElement\":[{\"@type\":\"ListItem\",\"position\":1,\"name\":\"Home\",\"item\":\"https:\/\/www.hotelgrandsaigon.com\/vi\/\"},{\"@type\":\"ListItem\",\"position\":2,\"name\":\"D\u1ecbch V\u1ee5\",\"item\":\"https:\/\/www.hotelgrandsaigon.com\/vi\/services\/\"},{\"@type\":\"ListItem\",\"position\":3,\"name\":\"Souvenir &amp; Gift store\"}]},{\"@type\":\"WebSite\",\"@id\":\"https:\/\/www.hotelgrandsaigon.com\/vi\/#website\",\"url\":\"https:\/\/www.hotelgrandsaigon.com\/vi\/\",\"name\":\"Hotel Grand Saigon\",\"description\":\"\",\"potentialAction\":[{\"@type\":\"SearchAction\",\"target\":{\"@type\":\"EntryPoint\",\"urlTemplate\":\"https:\/\/www.hotelgrandsaigon.com\/vi\/?s={search_term_string}\"},\"query-input\":\"required name=search_term_string\"}],\"inLanguage\":\"vi-VN\"}]}<\/script>\n<!-- \/ Yoast SEO plugin. -->","yoast_head_json":{"title":"Souvenir &amp; Gift store - Hotel Grand Saigon","robots":{"index":"index","follow":"follow","max-snippet":"max-snippet:-1","max-image-preview":"max-image-preview:large","max-video-preview":"max-video-preview:-1"},"canonical":"https:\/\/www.hotelgrandsaigon.com\/vi\/services\/le-grand-spa-2\/","og_locale":"vi_VN","og_type":"article","og_title":"Souvenir &amp; Gift store - Hotel Grand Saigon","og_description":"KOKONIC \u2013 C\u1eeda H\u00e0ng Qu\u00e0 T\u1eb7ng L\u01b0u Ni\u1ec7m Ngay T\u1ea1i Kh\u00e1ch S\u1ea1n Grand Saigon T\u1ecda l\u1ea1c ngay t\u1ea1i s\u1ea3nh kh\u00e1ch s\u1ea1n Grand Saigon \u2013 kh\u00e1ch s\u1ea1n 5 sao l\u00e2u \u0111\u1eddi gi\u1eefa trung t\u00e2m S\u00e0i G\u00f2n, KOKONIC l\u00e0 \u0111i\u1ec3m d\u1eebng ch\u00e2n l\u00fd t\u01b0\u1edfng \u0111\u1ec3 t\u00ecm ki\u1ebfm nh\u1eefng m\u00f3n qu\u00e0 mang \u0111\u1eadm d\u1ea5u \u1ea5n v\u0103n h\u00f3a Vi\u1ec7t [&hellip;]","og_url":"https:\/\/www.hotelgrandsaigon.com\/vi\/services\/le-grand-spa-2\/","og_site_name":"Hotel Grand Saigon","article_modified_time":"2025-08-29T07:58:57+00:00","og_image":[{"width":1537,"height":2048,"url":"https:\/\/www.hotelgrandsaigon.com\/wp-content\/uploads\/sites\/8\/2025\/08\/528524516_730511539955842_1904619015070021671_n.jpg","type":"image\/jpeg"}],"twitter_card":"summary_large_image","twitter_misc":{"Est. reading time":"2 minutes"},"schema":{"@context":"https:\/\/schema.org","@graph":[{"@type":"WebPage","@id":"https:\/\/www.hotelgrandsaigon.com\/vi\/services\/le-grand-spa-2\/","url":"https:\/\/www.hotelgrandsaigon.com\/vi\/services\/le-grand-spa-2\/","name":"Souvenir &amp; Gift store - Hotel Grand Saigon","isPartOf":{"@id":"https:\/\/www.hotelgrandsaigon.com\/vi\/#website"},"primaryImageOfPage":{"@id":"https:\/\/www.hotelgrandsaigon.com\/vi\/services\/le-grand-spa-2\/#primaryimage"},"image":{"@id":"https:\/\/www.hotelgrandsaigon.com\/vi\/services\/le-grand-spa-2\/#primaryimage"},"thumbnailUrl":"https:\/\/www.hotelgrandsaigon.com\/wp-content\/uploads\/sites\/8\/2025\/08\/528524516_730511539955842_1904619015070021671_n.jpg","datePublished":"2025-08-21T06:43:17+00:00","dateModified":"2025-08-29T07:58:57+00:00","breadcrumb":{"@id":"https:\/\/www.hotelgrandsaigon.com\/vi\/services\/le-grand-spa-2\/#breadcrumb"},"inLanguage":"vi-VN","potentialAction":[{"@type":"ReadAction","target":["https:\/\/www.hotelgrandsaigon.com\/vi\/services\/le-grand-spa-2\/"]}]},{"@type":"ImageObject","inLanguage":"vi-VN","@id":"https:\/\/www.hotelgrandsaigon.com\/vi\/services\/le-grand-spa-2\/#primaryimage","url":"https:\/\/www.hotelgrandsaigon.com\/wp-content\/uploads\/sites\/8\/2025\/08\/528524516_730511539955842_1904619015070021671_n.jpg","contentUrl":"https:\/\/www.hotelgrandsaigon.com\/wp-content\/uploads\/sites\/8\/2025\/08\/528524516_730511539955842_1904619015070021671_n.jpg","width":1537,"height":2048},{"@type":"BreadcrumbList","@id":"https:\/\/www.hotelgrandsaigon.com\/vi\/services\/le-grand-spa-2\/#breadcrumb","itemListElement":[{"@type":"ListItem","position":1,"name":"Home","item":"https:\/\/www.hotelgrandsaigon.com\/vi\/"},{"@type":"ListItem","position":2,"name":"D\u1ecbch V\u1ee5","item":"https:\/\/www.hotelgrandsaigon.com\/vi\/services\/"},{"@type":"ListItem","position":3,"name":"Souvenir &amp; Gift store"}]},{"@type":"WebSite","@id":"https:\/\/www.hotelgrandsaigon.com\/vi\/#website","url":"https:\/\/www.hotelgrandsaigon.com\/vi\/","name":"Hotel Grand Saigon","description":"","potentialAction":[{"@type":"SearchAction","target":{"@type":"EntryPoint","urlTemplate":"https:\/\/www.hotelgrandsaigon.com\/vi\/?s={search_term_string}"},"query-input":"required name=search_term_string"}],"inLanguage":"vi-VN"}]}},"acf":[],"_links":{"self":[{"href":"https:\/\/www.hotelgrandsaigon.com\/vi\/wp-json\/wp\/v2\/pages\/2322"}],"collection":[{"href":"https:\/\/www.hotelgrandsaigon.com\/vi\/wp-json\/wp\/v2\/pages"}],"about":[{"href":"https:\/\/www.hotelgrandsaigon.com\/vi\/wp-json\/wp\/v2\/types\/page"}],"author":[{"embeddable":true,"href":"https:\/\/www.hotelgrandsaigon.com\/vi\/wp-json\/wp\/v2\/users\/69"}],"replies":[{"embeddable":true,"href":"https:\/\/www.hotelgrandsaigon.com\/vi\/wp-json\/wp\/v2\/comments?post=2322"}],"version-history":[{"count":0,"href":"https:\/\/www.hotelgrandsaigon.com\/vi\/wp-json\/wp\/v2\/pages\/2322\/revisions"}],"up":[{"embeddable":true,"href":"https:\/\/www.hotelgrandsaigon.com\/vi\/wp-json\/wp\/v2\/pages\/722"}],"wp:featuredmedia":[{"embeddable":true,"href":"https:\/\/www.hotelgrandsaigon.com\/vi\/wp-json\/wp\/v2\/media\/2324"}],"wp:attachment":[{"href":"https:\/\/www.hotelgrandsaigon.com\/vi\/wp-json\/wp\/v2\/media?parent=2322"}],"curies":[{"name":"wp","href":"https:\/\/api.w.org\/{rel}","templated":true}]}}