{"id":1074,"date":"2024-01-03T06:22:53","date_gmt":"2024-01-03T06:22:53","guid":{"rendered":"https:\/\/hotel-grand-saigon.ms2.decms.asia\/?page_id=1074"},"modified":"2024-01-03T06:32:14","modified_gmt":"2024-01-03T06:32:14","slug":"airport-transfer","status":"publish","type":"page","link":"https:\/\/www.hotelgrandsaigon.com\/vi\/services\/airport-transfer\/","title":{"rendered":"\u0110\u01b0a \u0111\u00f3n s\u00e2n bay"},"content":{"rendered":"<p>B\u1ea1n c\u00f3 c\u1ea7n d\u1ecbch v\u1ee5 \u0111\u01b0a \u0111\u00f3n \u0111\u1ebfn Kh\u00e1ch s\u1ea1n kh\u00f4ng? H\u00e3y tin r\u1eb1ng nh\u1eefng chi\u1ebfc xe sang tr\u1ecdng c\u1ee7a ch\u00fang t\u00f4i \u0111\u1ea3m b\u1ea3o s\u1ef1 tho\u1ea3i m\u00e1i l\u00fd t\u01b0\u1edfng nh\u1eb1m n\u00e2ng cao tr\u1ea3i nghi\u1ec7m c\u1ee7a b\u1ea1n th\u1eadt phong c\u00e1ch.  C\u00f9ng l\u1eadp k\u1ebf ho\u1ea1ch h\u00e0nh tr\u00ecnh v\u00e0 th\u1eddi gian bi\u1ec3u c\u1ee7a b\u1ea1n cho chuy\u1ebfn \u0111i ri\u00eang l\u1ebb.<\/p>\n<p>\u0110\u1ec3 bi\u1ebft th\u00eam th\u00f4ng tin ho\u1eb7c \u0111\u1eb7t ch\u1ed7, vui l\u00f2ng li\u00ean h\u1ec7:<br \/>\ninfo@hotelgrandsaigon.com \/ +84 28 391 55555<\/p>\n","protected":false},"excerpt":{"rendered":"<p>B\u1ea1n c\u00f3 c\u1ea7n d\u1ecbch v\u1ee5 \u0111\u01b0a \u0111\u00f3n \u0111\u1ebfn Kh\u00e1ch s\u1ea1n kh\u00f4ng? H\u00e3y tin r\u1eb1ng nh\u1eefng chi\u1ebfc xe sang tr\u1ecdng c\u1ee7a ch\u00fang t\u00f4i \u0111\u1ea3m b\u1ea3o s\u1ef1 tho\u1ea3i m\u00e1i l\u00fd t\u01b0\u1edfng nh\u1eb1m n\u00e2ng cao tr\u1ea3i nghi\u1ec7m c\u1ee7a b\u1ea1n th\u1eadt phong c\u00e1ch. C\u00f9ng l\u1eadp k\u1ebf ho\u1ea1ch h\u00e0nh tr\u00ecnh v\u00e0 th\u1eddi gian bi\u1ec3u c\u1ee7a b\u1ea1n cho chuy\u1ebfn \u0111i ri\u00eang [&hellip;]<\/p>\n","protected":false},"author":8,"featured_media":1420,"parent":722,"menu_order":5,"comment_status":"closed","ping_status":"closed","template":"","meta":{"footnotes":""},"yoast_head":"<!-- This site is optimized with the Yoast SEO plugin v22.3 - https:\/\/yoast.com\/wordpress\/plugins\/seo\/ -->\n<title>\u0110\u01b0a \u0111\u00f3n s\u00e2n bay - Hotel Grand Saigon<\/title>\n<meta name=\"robots\" content=\"index, follow, max-snippet:-1, max-image-preview:large, max-video-preview:-1\" \/>\n<link rel=\"canonical\" href=\"https:\/\/www.hotelgrandsaigon.com\/vi\/services\/airport-transfer\/\" \/>\n<meta property=\"og:locale\" content=\"vi_VN\" \/>\n<meta property=\"og:type\" content=\"article\" \/>\n<meta property=\"og:title\" content=\"\u0110\u01b0a \u0111\u00f3n s\u00e2n bay - Hotel Grand Saigon\" \/>\n<meta property=\"og:description\" content=\"B\u1ea1n c\u00f3 c\u1ea7n d\u1ecbch v\u1ee5 \u0111\u01b0a \u0111\u00f3n \u0111\u1ebfn Kh\u00e1ch s\u1ea1n kh\u00f4ng? H\u00e3y tin r\u1eb1ng nh\u1eefng chi\u1ebfc xe sang tr\u1ecdng c\u1ee7a ch\u00fang t\u00f4i \u0111\u1ea3m b\u1ea3o s\u1ef1 tho\u1ea3i m\u00e1i l\u00fd t\u01b0\u1edfng nh\u1eb1m n\u00e2ng cao tr\u1ea3i nghi\u1ec7m c\u1ee7a b\u1ea1n th\u1eadt phong c\u00e1ch. C\u00f9ng l\u1eadp k\u1ebf ho\u1ea1ch h\u00e0nh tr\u00ecnh v\u00e0 th\u1eddi gian bi\u1ec3u c\u1ee7a b\u1ea1n cho chuy\u1ebfn \u0111i ri\u00eang [&hellip;]\" \/>\n<meta property=\"og:url\" content=\"https:\/\/www.hotelgrandsaigon.com\/vi\/services\/airport-transfer\/\" \/>\n<meta property=\"og:site_name\" content=\"Hotel Grand Saigon\" \/>\n<meta property=\"article:modified_time\" content=\"2024-01-03T06:32:14+00:00\" \/>\n<meta name=\"twitter:card\" content=\"summary_large_image\" \/>\n<meta name=\"twitter:label1\" content=\"Est. reading time\" \/>\n\t<meta name=\"twitter:data1\" content=\"1 minute\" \/>\n<script type=\"application\/ld+json\" class=\"yoast-schema-graph\">{\"@context\":\"https:\/\/schema.org\",\"@graph\":[{\"@type\":\"WebPage\",\"@id\":\"https:\/\/www.hotelgrandsaigon.com\/vi\/services\/airport-transfer\/\",\"url\":\"https:\/\/www.hotelgrandsaigon.com\/vi\/services\/airport-transfer\/\",\"name\":\"\u0110\u01b0a \u0111\u00f3n s\u00e2n bay - Hotel Grand Saigon\",\"isPartOf\":{\"@id\":\"https:\/\/www.hotelgrandsaigon.com\/vi\/#website\"},\"primaryImageOfPage\":{\"@id\":\"https:\/\/www.hotelgrandsaigon.com\/vi\/services\/airport-transfer\/#primaryimage\"},\"image\":{\"@id\":\"https:\/\/www.hotelgrandsaigon.com\/vi\/services\/airport-transfer\/#primaryimage\"},\"thumbnailUrl\":\"https:\/\/www.hotelgrandsaigon.com\/wp-content\/uploads\/sites\/8\/2024\/04\/AIRPORT-TRANSPORTATION.jpg\",\"datePublished\":\"2024-01-03T06:22:53+00:00\",\"dateModified\":\"2024-01-03T06:32:14+00:00\",\"breadcrumb\":{\"@id\":\"https:\/\/www.hotelgrandsaigon.com\/vi\/services\/airport-transfer\/#breadcrumb\"},\"inLanguage\":\"vi-VN\",\"potentialAction\":[{\"@type\":\"ReadAction\",\"target\":[\"https:\/\/www.hotelgrandsaigon.com\/vi\/services\/airport-transfer\/\"]}]},{\"@type\":\"ImageObject\",\"inLanguage\":\"vi-VN\",\"@id\":\"https:\/\/www.hotelgrandsaigon.com\/vi\/services\/airport-transfer\/#primaryimage\",\"url\":\"https:\/\/www.hotelgrandsaigon.com\/wp-content\/uploads\/sites\/8\/2024\/04\/AIRPORT-TRANSPORTATION.jpg\",\"contentUrl\":\"https:\/\/www.hotelgrandsaigon.com\/wp-content\/uploads\/sites\/8\/2024\/04\/AIRPORT-TRANSPORTATION.jpg\",\"width\":700,\"height\":420},{\"@type\":\"BreadcrumbList\",\"@id\":\"https:\/\/www.hotelgrandsaigon.com\/vi\/services\/airport-transfer\/#breadcrumb\",\"itemListElement\":[{\"@type\":\"ListItem\",\"position\":1,\"name\":\"Home\",\"item\":\"https:\/\/www.hotelgrandsaigon.com\/vi\/\"},{\"@type\":\"ListItem\",\"position\":2,\"name\":\"D\u1ecbch V\u1ee5\",\"item\":\"https:\/\/www.hotelgrandsaigon.com\/vi\/services\/\"},{\"@type\":\"ListItem\",\"position\":3,\"name\":\"\u0110\u01b0a \u0111\u00f3n s\u00e2n bay\"}]},{\"@type\":\"WebSite\",\"@id\":\"https:\/\/www.hotelgrandsaigon.com\/vi\/#website\",\"url\":\"https:\/\/www.hotelgrandsaigon.com\/vi\/\",\"name\":\"Hotel Grand Saigon\",\"description\":\"\",\"potentialAction\":[{\"@type\":\"SearchAction\",\"target\":{\"@type\":\"EntryPoint\",\"urlTemplate\":\"https:\/\/www.hotelgrandsaigon.com\/vi\/?s={search_term_string}\"},\"query-input\":\"required name=search_term_string\"}],\"inLanguage\":\"vi-VN\"}]}<\/script>\n<!-- \/ Yoast SEO plugin. -->","yoast_head_json":{"title":"\u0110\u01b0a \u0111\u00f3n s\u00e2n bay - Hotel Grand Saigon","robots":{"index":"index","follow":"follow","max-snippet":"max-snippet:-1","max-image-preview":"max-image-preview:large","max-video-preview":"max-video-preview:-1"},"canonical":"https:\/\/www.hotelgrandsaigon.com\/vi\/services\/airport-transfer\/","og_locale":"vi_VN","og_type":"article","og_title":"\u0110\u01b0a \u0111\u00f3n s\u00e2n bay - Hotel Grand Saigon","og_description":"B\u1ea1n c\u00f3 c\u1ea7n d\u1ecbch v\u1ee5 \u0111\u01b0a \u0111\u00f3n \u0111\u1ebfn Kh\u00e1ch s\u1ea1n kh\u00f4ng? H\u00e3y tin r\u1eb1ng nh\u1eefng chi\u1ebfc xe sang tr\u1ecdng c\u1ee7a ch\u00fang t\u00f4i \u0111\u1ea3m b\u1ea3o s\u1ef1 tho\u1ea3i m\u00e1i l\u00fd t\u01b0\u1edfng nh\u1eb1m n\u00e2ng cao tr\u1ea3i nghi\u1ec7m c\u1ee7a b\u1ea1n th\u1eadt phong c\u00e1ch. C\u00f9ng l\u1eadp k\u1ebf ho\u1ea1ch h\u00e0nh tr\u00ecnh v\u00e0 th\u1eddi gian bi\u1ec3u c\u1ee7a b\u1ea1n cho chuy\u1ebfn \u0111i ri\u00eang [&hellip;]","og_url":"https:\/\/www.hotelgrandsaigon.com\/vi\/services\/airport-transfer\/","og_site_name":"Hotel Grand Saigon","article_modified_time":"2024-01-03T06:32:14+00:00","twitter_card":"summary_large_image","twitter_misc":{"Est. reading time":"1 minute"},"schema":{"@context":"https:\/\/schema.org","@graph":[{"@type":"WebPage","@id":"https:\/\/www.hotelgrandsaigon.com\/vi\/services\/airport-transfer\/","url":"https:\/\/www.hotelgrandsaigon.com\/vi\/services\/airport-transfer\/","name":"\u0110\u01b0a \u0111\u00f3n s\u00e2n bay - Hotel Grand Saigon","isPartOf":{"@id":"https:\/\/www.hotelgrandsaigon.com\/vi\/#website"},"primaryImageOfPage":{"@id":"https:\/\/www.hotelgrandsaigon.com\/vi\/services\/airport-transfer\/#primaryimage"},"image":{"@id":"https:\/\/www.hotelgrandsaigon.com\/vi\/services\/airport-transfer\/#primaryimage"},"thumbnailUrl":"https:\/\/www.hotelgrandsaigon.com\/wp-content\/uploads\/sites\/8\/2024\/04\/AIRPORT-TRANSPORTATION.jpg","datePublished":"2024-01-03T06:22:53+00:00","dateModified":"2024-01-03T06:32:14+00:00","breadcrumb":{"@id":"https:\/\/www.hotelgrandsaigon.com\/vi\/services\/airport-transfer\/#breadcrumb"},"inLanguage":"vi-VN","potentialAction":[{"@type":"ReadAction","target":["https:\/\/www.hotelgrandsaigon.com\/vi\/services\/airport-transfer\/"]}]},{"@type":"ImageObject","inLanguage":"vi-VN","@id":"https:\/\/www.hotelgrandsaigon.com\/vi\/services\/airport-transfer\/#primaryimage","url":"https:\/\/www.hotelgrandsaigon.com\/wp-content\/uploads\/sites\/8\/2024\/04\/AIRPORT-TRANSPORTATION.jpg","contentUrl":"https:\/\/www.hotelgrandsaigon.com\/wp-content\/uploads\/sites\/8\/2024\/04\/AIRPORT-TRANSPORTATION.jpg","width":700,"height":420},{"@type":"BreadcrumbList","@id":"https:\/\/www.hotelgrandsaigon.com\/vi\/services\/airport-transfer\/#breadcrumb","itemListElement":[{"@type":"ListItem","position":1,"name":"Home","item":"https:\/\/www.hotelgrandsaigon.com\/vi\/"},{"@type":"ListItem","position":2,"name":"D\u1ecbch V\u1ee5","item":"https:\/\/www.hotelgrandsaigon.com\/vi\/services\/"},{"@type":"ListItem","position":3,"name":"\u0110\u01b0a \u0111\u00f3n s\u00e2n bay"}]},{"@type":"WebSite","@id":"https:\/\/www.hotelgrandsaigon.com\/vi\/#website","url":"https:\/\/www.hotelgrandsaigon.com\/vi\/","name":"Hotel Grand Saigon","description":"","potentialAction":[{"@type":"SearchAction","target":{"@type":"EntryPoint","urlTemplate":"https:\/\/www.hotelgrandsaigon.com\/vi\/?s={search_term_string}"},"query-input":"required name=search_term_string"}],"inLanguage":"vi-VN"}]}},"acf":[],"_links":{"self":[{"href":"https:\/\/www.hotelgrandsaigon.com\/vi\/wp-json\/wp\/v2\/pages\/1074"}],"collection":[{"href":"https:\/\/www.hotelgrandsaigon.com\/vi\/wp-json\/wp\/v2\/pages"}],"about":[{"href":"https:\/\/www.hotelgrandsaigon.com\/vi\/wp-json\/wp\/v2\/types\/page"}],"author":[{"embeddable":true,"href":"https:\/\/www.hotelgrandsaigon.com\/vi\/wp-json\/wp\/v2\/users\/8"}],"replies":[{"embeddable":true,"href":"https:\/\/www.hotelgrandsaigon.com\/vi\/wp-json\/wp\/v2\/comments?post=1074"}],"version-history":[{"count":0,"href":"https:\/\/www.hotelgrandsaigon.com\/vi\/wp-json\/wp\/v2\/pages\/1074\/revisions"}],"up":[{"embeddable":true,"href":"https:\/\/www.hotelgrandsaigon.com\/vi\/wp-json\/wp\/v2\/pages\/722"}],"wp:featuredmedia":[{"embeddable":true,"href":"https:\/\/www.hotelgrandsaigon.com\/vi\/wp-json\/wp\/v2\/media\/1420"}],"wp:attachment":[{"href":"https:\/\/www.hotelgrandsaigon.com\/vi\/wp-json\/wp\/v2\/media?parent=1074"}],"curies":[{"name":"wp","href":"https:\/\/api.w.org\/{rel}","templated":true}]}}